{"id":1197,"date":"2023-11-18T21:57:38","date_gmt":"2023-11-18T19:57:38","guid":{"rendered":"https:\/\/calla.fi\/?post_type=product&#038;p=1197"},"modified":"2025-01-08T15:20:04","modified_gmt":"2025-01-08T13:20:04","slug":"kylpytakki-pearl-grey","status":"publish","type":"product","link":"https:\/\/calla.fi\/sv\/tuote\/kylpytakki-pearl-grey\/","title":{"rendered":"Kylpytakki, Pearl Grey"},"content":{"rendered":"<p><strong>Design:<\/strong> Luin Living, Suomi<\/p>\n<p><strong>Materiaali ja laatu:<\/strong> 100 % pehme\u00e4\u00e4 ja imukykyist\u00e4 puuvillaa, paino\u00a0450 g\/m2. Turvallinen \u00d6ko-Tex-sertifioitu valmistus<\/p>\n<p><strong>Valmistus:<\/strong> Turkki<\/p>\n","protected":false},"excerpt":{"rendered":"<p>T\u00e4m\u00e4 ylellisen muhkea ja pehme\u00e4 kylpytakki on modernia suomalaista designia sinulle, joka tykk\u00e4\u00e4t hemmotella itse\u00e4si.<\/p>\n<p>Your Home \u2013 Your Spa -tuoteperheen oma signaturemateriaalimme on ylellisen muhkea, pehme\u00e4 ja eritt\u00e4in imukykyinen 100 % puuvilla. Selk\u00e4mykseen kiinnitetty vy\u00f6 ei p\u00e4\u00e4se tipahtamaan matkasta. Materiaalin ylellisyys sek\u00e4 harmoninen v\u00e4rimaailma ripauksella metallihohtoa tuo todellisen spatunnelman jokaiseen kotiin.<\/p>\n","protected":false},"featured_media":1200,"template":"","meta":{"_et_pb_use_builder":"","_et_pb_old_content":"","_et_gb_content_width":""},"product_brand":[],"product_cat":[25],"product_tag":[],"class_list":{"0":"post-1197","1":"product","2":"type-product","3":"status-publish","4":"has-post-thumbnail","6":"product_cat-yleinen","7":"product_shipping_class-postitus","9":"first","10":"instock","11":"sale","12":"taxable","13":"shipping-taxable","14":"purchasable","15":"product-type-variable"},"yoast_head":"<!-- This site is optimized with the Yoast SEO plugin v27.4 - https:\/\/yoast.com\/product\/yoast-seo-wordpress\/ -->\n<title>Kylpytakki, Pearl Grey - Kauneushoitola Calla<\/title>\n<meta name=\"robots\" content=\"index, follow, max-snippet:-1, max-image-preview:large, max-video-preview:-1\" \/>\n<link rel=\"canonical\" href=\"https:\/\/calla.fi\/tuote\/kylpytakki-pearl-grey\/\" \/>\n<meta property=\"og:locale\" content=\"sv_SE\" \/>\n<meta property=\"og:type\" content=\"article\" \/>\n<meta property=\"og:title\" content=\"Kylpytakki, Pearl Grey - Kauneushoitola Calla\" \/>\n<meta property=\"og:description\" content=\"T\u00e4m\u00e4 ylellisen muhkea ja pehme\u00e4 kylpytakki on modernia suomalaista designia sinulle, joka tykk\u00e4\u00e4t hemmotella itse\u00e4si.  Your Home \u2013 Your Spa -tuoteperheen oma signaturemateriaalimme on ylellisen muhkea, pehme\u00e4 ja eritt\u00e4in imukykyinen 100 % puuvilla. Selk\u00e4mykseen kiinnitetty vy\u00f6 ei p\u00e4\u00e4se tipahtamaan matkasta. Materiaalin ylellisyys sek\u00e4 harmoninen v\u00e4rimaailma ripauksella metallihohtoa tuo todellisen spatunnelman jokaiseen kotiin.\" \/>\n<meta property=\"og:url\" content=\"https:\/\/calla.fi\/tuote\/kylpytakki-pearl-grey\/\" \/>\n<meta property=\"og:site_name\" content=\"Kauneushoitola Calla\" \/>\n<meta property=\"article:modified_time\" content=\"2025-01-08T13:20:04+00:00\" \/>\n<meta property=\"og:image\" content=\"https:\/\/calla.fi\/wp-content\/uploads\/2023\/11\/Luin-Living-Bathrobe-Pearl-Grey-4-768x1151-2.jpg\" \/>\n\t<meta property=\"og:image:width\" content=\"768\" \/>\n\t<meta property=\"og:image:height\" content=\"1151\" \/>\n\t<meta property=\"og:image:type\" content=\"image\/jpeg\" \/>\n<meta name=\"twitter:card\" content=\"summary_large_image\" \/>\n<meta name=\"twitter:label1\" content=\"Ber\u00e4knad l\u00e4stid\" \/>\n\t<meta name=\"twitter:data1\" content=\"1 minut\" \/>\n<script type=\"application\/ld+json\" class=\"yoast-schema-graph\">{\"@context\":\"https:\\\/\\\/schema.org\",\"@graph\":[{\"@type\":\"WebPage\",\"@id\":\"https:\\\/\\\/calla.fi\\\/tuote\\\/kylpytakki-pearl-grey\\\/\",\"url\":\"https:\\\/\\\/calla.fi\\\/tuote\\\/kylpytakki-pearl-grey\\\/\",\"name\":\"Kylpytakki, Pearl Grey - Kauneushoitola Calla\",\"isPartOf\":{\"@id\":\"https:\\\/\\\/calla.fi\\\/#website\"},\"primaryImageOfPage\":{\"@id\":\"https:\\\/\\\/calla.fi\\\/tuote\\\/kylpytakki-pearl-grey\\\/#primaryimage\"},\"image\":{\"@id\":\"https:\\\/\\\/calla.fi\\\/tuote\\\/kylpytakki-pearl-grey\\\/#primaryimage\"},\"thumbnailUrl\":\"https:\\\/\\\/calla.fi\\\/wp-content\\\/uploads\\\/2023\\\/11\\\/Luin-Living-Bathrobe-Pearl-Grey-4-768x1151-2.jpg\",\"datePublished\":\"2023-11-18T19:57:38+00:00\",\"dateModified\":\"2025-01-08T13:20:04+00:00\",\"breadcrumb\":{\"@id\":\"https:\\\/\\\/calla.fi\\\/tuote\\\/kylpytakki-pearl-grey\\\/#breadcrumb\"},\"inLanguage\":\"sv-SE\",\"potentialAction\":[{\"@type\":\"ReadAction\",\"target\":[\"https:\\\/\\\/calla.fi\\\/tuote\\\/kylpytakki-pearl-grey\\\/\"]}]},{\"@type\":\"ImageObject\",\"inLanguage\":\"sv-SE\",\"@id\":\"https:\\\/\\\/calla.fi\\\/tuote\\\/kylpytakki-pearl-grey\\\/#primaryimage\",\"url\":\"https:\\\/\\\/calla.fi\\\/wp-content\\\/uploads\\\/2023\\\/11\\\/Luin-Living-Bathrobe-Pearl-Grey-4-768x1151-2.jpg\",\"contentUrl\":\"https:\\\/\\\/calla.fi\\\/wp-content\\\/uploads\\\/2023\\\/11\\\/Luin-Living-Bathrobe-Pearl-Grey-4-768x1151-2.jpg\",\"width\":768,\"height\":1151},{\"@type\":\"BreadcrumbList\",\"@id\":\"https:\\\/\\\/calla.fi\\\/tuote\\\/kylpytakki-pearl-grey\\\/#breadcrumb\",\"itemListElement\":[{\"@type\":\"ListItem\",\"position\":1,\"name\":\"Etusivu\",\"item\":\"https:\\\/\\\/calla.fi\\\/\"},{\"@type\":\"ListItem\",\"position\":2,\"name\":\"Kauppa\",\"item\":\"https:\\\/\\\/calla.fi\\\/kauppa\\\/\"},{\"@type\":\"ListItem\",\"position\":3,\"name\":\"Kylpytakki, Pearl Grey\"}]},{\"@type\":\"WebSite\",\"@id\":\"https:\\\/\\\/calla.fi\\\/#website\",\"url\":\"https:\\\/\\\/calla.fi\\\/\",\"name\":\"Kauneushoitola Calla\",\"description\":\"Ihonhoitoa ja hemmottelua Pietarsaaressa\",\"potentialAction\":[{\"@type\":\"SearchAction\",\"target\":{\"@type\":\"EntryPoint\",\"urlTemplate\":\"https:\\\/\\\/calla.fi\\\/?s={search_term_string}\"},\"query-input\":{\"@type\":\"PropertyValueSpecification\",\"valueRequired\":true,\"valueName\":\"search_term_string\"}}],\"inLanguage\":\"sv-SE\"}]}<\/script>\n<!-- \/ Yoast SEO plugin. -->","yoast_head_json":{"title":"Kylpytakki, Pearl Grey - Kauneushoitola Calla","robots":{"index":"index","follow":"follow","max-snippet":"max-snippet:-1","max-image-preview":"max-image-preview:large","max-video-preview":"max-video-preview:-1"},"canonical":"https:\/\/calla.fi\/tuote\/kylpytakki-pearl-grey\/","og_locale":"sv_SE","og_type":"article","og_title":"Kylpytakki, Pearl Grey - Kauneushoitola Calla","og_description":"T\u00e4m\u00e4 ylellisen muhkea ja pehme\u00e4 kylpytakki on modernia suomalaista designia sinulle, joka tykk\u00e4\u00e4t hemmotella itse\u00e4si.  Your Home \u2013 Your Spa -tuoteperheen oma signaturemateriaalimme on ylellisen muhkea, pehme\u00e4 ja eritt\u00e4in imukykyinen 100 % puuvilla. Selk\u00e4mykseen kiinnitetty vy\u00f6 ei p\u00e4\u00e4se tipahtamaan matkasta. Materiaalin ylellisyys sek\u00e4 harmoninen v\u00e4rimaailma ripauksella metallihohtoa tuo todellisen spatunnelman jokaiseen kotiin.","og_url":"https:\/\/calla.fi\/tuote\/kylpytakki-pearl-grey\/","og_site_name":"Kauneushoitola Calla","article_modified_time":"2025-01-08T13:20:04+00:00","og_image":[{"width":768,"height":1151,"url":"https:\/\/calla.fi\/wp-content\/uploads\/2023\/11\/Luin-Living-Bathrobe-Pearl-Grey-4-768x1151-2.jpg","type":"image\/jpeg"}],"twitter_card":"summary_large_image","twitter_misc":{"Ber\u00e4knad l\u00e4stid":"1 minut"},"schema":{"@context":"https:\/\/schema.org","@graph":[{"@type":"WebPage","@id":"https:\/\/calla.fi\/tuote\/kylpytakki-pearl-grey\/","url":"https:\/\/calla.fi\/tuote\/kylpytakki-pearl-grey\/","name":"Kylpytakki, Pearl Grey - Kauneushoitola Calla","isPartOf":{"@id":"https:\/\/calla.fi\/#website"},"primaryImageOfPage":{"@id":"https:\/\/calla.fi\/tuote\/kylpytakki-pearl-grey\/#primaryimage"},"image":{"@id":"https:\/\/calla.fi\/tuote\/kylpytakki-pearl-grey\/#primaryimage"},"thumbnailUrl":"https:\/\/calla.fi\/wp-content\/uploads\/2023\/11\/Luin-Living-Bathrobe-Pearl-Grey-4-768x1151-2.jpg","datePublished":"2023-11-18T19:57:38+00:00","dateModified":"2025-01-08T13:20:04+00:00","breadcrumb":{"@id":"https:\/\/calla.fi\/tuote\/kylpytakki-pearl-grey\/#breadcrumb"},"inLanguage":"sv-SE","potentialAction":[{"@type":"ReadAction","target":["https:\/\/calla.fi\/tuote\/kylpytakki-pearl-grey\/"]}]},{"@type":"ImageObject","inLanguage":"sv-SE","@id":"https:\/\/calla.fi\/tuote\/kylpytakki-pearl-grey\/#primaryimage","url":"https:\/\/calla.fi\/wp-content\/uploads\/2023\/11\/Luin-Living-Bathrobe-Pearl-Grey-4-768x1151-2.jpg","contentUrl":"https:\/\/calla.fi\/wp-content\/uploads\/2023\/11\/Luin-Living-Bathrobe-Pearl-Grey-4-768x1151-2.jpg","width":768,"height":1151},{"@type":"BreadcrumbList","@id":"https:\/\/calla.fi\/tuote\/kylpytakki-pearl-grey\/#breadcrumb","itemListElement":[{"@type":"ListItem","position":1,"name":"Etusivu","item":"https:\/\/calla.fi\/"},{"@type":"ListItem","position":2,"name":"Kauppa","item":"https:\/\/calla.fi\/kauppa\/"},{"@type":"ListItem","position":3,"name":"Kylpytakki, Pearl Grey"}]},{"@type":"WebSite","@id":"https:\/\/calla.fi\/#website","url":"https:\/\/calla.fi\/","name":"Kauneushoitola Calla","description":"Ihonhoitoa ja hemmottelua Pietarsaaressa","potentialAction":[{"@type":"SearchAction","target":{"@type":"EntryPoint","urlTemplate":"https:\/\/calla.fi\/?s={search_term_string}"},"query-input":{"@type":"PropertyValueSpecification","valueRequired":true,"valueName":"search_term_string"}}],"inLanguage":"sv-SE"}]}},"_links":{"self":[{"href":"https:\/\/calla.fi\/sv\/wp-json\/wp\/v2\/product\/1197","targetHints":{"allow":["GET"]}}],"collection":[{"href":"https:\/\/calla.fi\/sv\/wp-json\/wp\/v2\/product"}],"about":[{"href":"https:\/\/calla.fi\/sv\/wp-json\/wp\/v2\/types\/product"}],"wp:featuredmedia":[{"embeddable":true,"href":"https:\/\/calla.fi\/sv\/wp-json\/wp\/v2\/media\/1200"}],"wp:attachment":[{"href":"https:\/\/calla.fi\/sv\/wp-json\/wp\/v2\/media?parent=1197"}],"wp:term":[{"taxonomy":"product_brand","embeddable":true,"href":"https:\/\/calla.fi\/sv\/wp-json\/wp\/v2\/product_brand?post=1197"},{"taxonomy":"product_cat","embeddable":true,"href":"https:\/\/calla.fi\/sv\/wp-json\/wp\/v2\/product_cat?post=1197"},{"taxonomy":"product_tag","embeddable":true,"href":"https:\/\/calla.fi\/sv\/wp-json\/wp\/v2\/product_tag?post=1197"}],"curies":[{"name":"wp","href":"https:\/\/api.w.org\/{rel}","templated":true}]}}