{"id":1314,"date":"2023-11-19T21:13:58","date_gmt":"2023-11-19T19:13:58","guid":{"rendered":"https:\/\/calla.fi\/?post_type=product&#038;p=1314"},"modified":"2024-11-15T13:29:27","modified_gmt":"2024-11-15T11:29:27","slug":"kasvopyyhe-3050-cm-granite","status":"publish","type":"product","link":"https:\/\/calla.fi\/sv\/tuote\/kasvopyyhe-3050-cm-granite\/","title":{"rendered":"Kasvopyyhe 30*50 cm, Granite"},"content":{"rendered":"<p><strong>Design:<\/strong> Luin Living, Suomi<\/p>\n<p><strong>Materiaali ja laatu:<\/strong> 100 % pehme\u00e4\u00e4 ja imukykyist\u00e4 puuvillaa, paino\u00a0450 g\/m2. Turvallinen \u00d6ko-Tex-sertifioitu valmistus<\/p>\n<p><strong>Valmistus:<\/strong> Turkki<\/p>\n","protected":false},"excerpt":{"rendered":"<p>Your Home \u2013 Your Spa -mallistomme oma signaturemateriaali on ylellisen muhkea, pehme\u00e4 ja eritt\u00e4in imukykyinen 100 % puuvilla. Pyyhkeet todella hemmottelevat k\u00e4ytt\u00e4j\u00e4\u00e4ns\u00e4 ja niiden harmoninen v\u00e4rimaailma ripauksella metallihohtoa tuo todellisen spatunnelman jokaiseen kotiin.<\/p>\n<p>Kasvopyyhkeen koko on 30x50cm ja se sopii hyvin my\u00f6s esimerkiksi vieraspyyhkeeksi! Pyyhkeess\u00e4 ripustuslenkki pyyhkeen lyhyell\u00e4 sivulla.<\/p>\n","protected":false},"featured_media":1234,"template":"","meta":{"_et_pb_use_builder":"","_et_pb_old_content":"","_et_gb_content_width":""},"product_brand":[],"product_cat":[25],"product_tag":[],"class_list":{"0":"post-1314","1":"product","2":"type-product","3":"status-publish","4":"has-post-thumbnail","6":"product_cat-yleinen","7":"product_shipping_class-postitus","9":"first","10":"outofstock","11":"taxable","12":"shipping-taxable","13":"purchasable","14":"product-type-simple"},"yoast_head":"<!-- This site is optimized with the Yoast SEO plugin v27.4 - https:\/\/yoast.com\/product\/yoast-seo-wordpress\/ -->\n<title>Kasvopyyhe 30*50 cm, Granite - Kauneushoitola Calla<\/title>\n<meta name=\"robots\" content=\"index, follow, max-snippet:-1, max-image-preview:large, max-video-preview:-1\" \/>\n<link rel=\"canonical\" href=\"https:\/\/calla.fi\/tuote\/kasvopyyhe-3050-cm-granite\/\" \/>\n<meta property=\"og:locale\" content=\"sv_SE\" \/>\n<meta property=\"og:type\" content=\"article\" \/>\n<meta property=\"og:title\" content=\"Kasvopyyhe 30*50 cm, Granite - Kauneushoitola Calla\" \/>\n<meta property=\"og:description\" content=\"Your Home \u2013 Your Spa -mallistomme oma signaturemateriaali on ylellisen muhkea, pehme\u00e4 ja eritt\u00e4in imukykyinen 100 % puuvilla. Pyyhkeet todella hemmottelevat k\u00e4ytt\u00e4j\u00e4\u00e4ns\u00e4 ja niiden harmoninen v\u00e4rimaailma ripauksella metallihohtoa tuo todellisen spatunnelman jokaiseen kotiin.  Kasvopyyhkeen koko on 30x50cm ja se sopii hyvin my\u00f6s esimerkiksi vieraspyyhkeeksi! Pyyhkeess\u00e4 ripustuslenkki pyyhkeen lyhyell\u00e4 sivulla.\" \/>\n<meta property=\"og:url\" content=\"https:\/\/calla.fi\/tuote\/kasvopyyhe-3050-cm-granite\/\" \/>\n<meta property=\"og:site_name\" content=\"Kauneushoitola Calla\" \/>\n<meta property=\"article:modified_time\" content=\"2024-11-15T11:29:27+00:00\" \/>\n<meta property=\"og:image\" content=\"https:\/\/calla.fi\/wp-content\/uploads\/2023\/11\/Luin-Living-Facial-Towel-Granite-1-768x1152-1.jpg\" \/>\n\t<meta property=\"og:image:width\" content=\"768\" \/>\n\t<meta property=\"og:image:height\" content=\"1152\" \/>\n\t<meta property=\"og:image:type\" content=\"image\/jpeg\" \/>\n<meta name=\"twitter:card\" content=\"summary_large_image\" \/>\n<meta name=\"twitter:label1\" content=\"Ber\u00e4knad l\u00e4stid\" \/>\n\t<meta name=\"twitter:data1\" content=\"1 minut\" \/>\n<script type=\"application\/ld+json\" class=\"yoast-schema-graph\">{\"@context\":\"https:\\\/\\\/schema.org\",\"@graph\":[{\"@type\":\"WebPage\",\"@id\":\"https:\\\/\\\/calla.fi\\\/tuote\\\/kasvopyyhe-3050-cm-granite\\\/\",\"url\":\"https:\\\/\\\/calla.fi\\\/tuote\\\/kasvopyyhe-3050-cm-granite\\\/\",\"name\":\"Kasvopyyhe 30*50 cm, Granite - Kauneushoitola Calla\",\"isPartOf\":{\"@id\":\"https:\\\/\\\/calla.fi\\\/#website\"},\"primaryImageOfPage\":{\"@id\":\"https:\\\/\\\/calla.fi\\\/tuote\\\/kasvopyyhe-3050-cm-granite\\\/#primaryimage\"},\"image\":{\"@id\":\"https:\\\/\\\/calla.fi\\\/tuote\\\/kasvopyyhe-3050-cm-granite\\\/#primaryimage\"},\"thumbnailUrl\":\"https:\\\/\\\/calla.fi\\\/wp-content\\\/uploads\\\/2023\\\/11\\\/Luin-Living-Facial-Towel-Granite-1-768x1152-1.jpg\",\"datePublished\":\"2023-11-19T19:13:58+00:00\",\"dateModified\":\"2024-11-15T11:29:27+00:00\",\"breadcrumb\":{\"@id\":\"https:\\\/\\\/calla.fi\\\/tuote\\\/kasvopyyhe-3050-cm-granite\\\/#breadcrumb\"},\"inLanguage\":\"sv-SE\",\"potentialAction\":[{\"@type\":\"ReadAction\",\"target\":[\"https:\\\/\\\/calla.fi\\\/tuote\\\/kasvopyyhe-3050-cm-granite\\\/\"]}]},{\"@type\":\"ImageObject\",\"inLanguage\":\"sv-SE\",\"@id\":\"https:\\\/\\\/calla.fi\\\/tuote\\\/kasvopyyhe-3050-cm-granite\\\/#primaryimage\",\"url\":\"https:\\\/\\\/calla.fi\\\/wp-content\\\/uploads\\\/2023\\\/11\\\/Luin-Living-Facial-Towel-Granite-1-768x1152-1.jpg\",\"contentUrl\":\"https:\\\/\\\/calla.fi\\\/wp-content\\\/uploads\\\/2023\\\/11\\\/Luin-Living-Facial-Towel-Granite-1-768x1152-1.jpg\",\"width\":768,\"height\":1152},{\"@type\":\"BreadcrumbList\",\"@id\":\"https:\\\/\\\/calla.fi\\\/tuote\\\/kasvopyyhe-3050-cm-granite\\\/#breadcrumb\",\"itemListElement\":[{\"@type\":\"ListItem\",\"position\":1,\"name\":\"Etusivu\",\"item\":\"https:\\\/\\\/calla.fi\\\/\"},{\"@type\":\"ListItem\",\"position\":2,\"name\":\"Kauppa\",\"item\":\"https:\\\/\\\/calla.fi\\\/kauppa\\\/\"},{\"@type\":\"ListItem\",\"position\":3,\"name\":\"Kasvopyyhe 30*50 cm, Granite\"}]},{\"@type\":\"WebSite\",\"@id\":\"https:\\\/\\\/calla.fi\\\/#website\",\"url\":\"https:\\\/\\\/calla.fi\\\/\",\"name\":\"Kauneushoitola Calla\",\"description\":\"Ihonhoitoa ja hemmottelua Pietarsaaressa\",\"potentialAction\":[{\"@type\":\"SearchAction\",\"target\":{\"@type\":\"EntryPoint\",\"urlTemplate\":\"https:\\\/\\\/calla.fi\\\/?s={search_term_string}\"},\"query-input\":{\"@type\":\"PropertyValueSpecification\",\"valueRequired\":true,\"valueName\":\"search_term_string\"}}],\"inLanguage\":\"sv-SE\"}]}<\/script>\n<!-- \/ Yoast SEO plugin. -->","yoast_head_json":{"title":"Kasvopyyhe 30*50 cm, Granite - Kauneushoitola Calla","robots":{"index":"index","follow":"follow","max-snippet":"max-snippet:-1","max-image-preview":"max-image-preview:large","max-video-preview":"max-video-preview:-1"},"canonical":"https:\/\/calla.fi\/tuote\/kasvopyyhe-3050-cm-granite\/","og_locale":"sv_SE","og_type":"article","og_title":"Kasvopyyhe 30*50 cm, Granite - Kauneushoitola Calla","og_description":"Your Home \u2013 Your Spa -mallistomme oma signaturemateriaali on ylellisen muhkea, pehme\u00e4 ja eritt\u00e4in imukykyinen 100 % puuvilla. Pyyhkeet todella hemmottelevat k\u00e4ytt\u00e4j\u00e4\u00e4ns\u00e4 ja niiden harmoninen v\u00e4rimaailma ripauksella metallihohtoa tuo todellisen spatunnelman jokaiseen kotiin.  Kasvopyyhkeen koko on 30x50cm ja se sopii hyvin my\u00f6s esimerkiksi vieraspyyhkeeksi! Pyyhkeess\u00e4 ripustuslenkki pyyhkeen lyhyell\u00e4 sivulla.","og_url":"https:\/\/calla.fi\/tuote\/kasvopyyhe-3050-cm-granite\/","og_site_name":"Kauneushoitola Calla","article_modified_time":"2024-11-15T11:29:27+00:00","og_image":[{"width":768,"height":1152,"url":"https:\/\/calla.fi\/wp-content\/uploads\/2023\/11\/Luin-Living-Facial-Towel-Granite-1-768x1152-1.jpg","type":"image\/jpeg"}],"twitter_card":"summary_large_image","twitter_misc":{"Ber\u00e4knad l\u00e4stid":"1 minut"},"schema":{"@context":"https:\/\/schema.org","@graph":[{"@type":"WebPage","@id":"https:\/\/calla.fi\/tuote\/kasvopyyhe-3050-cm-granite\/","url":"https:\/\/calla.fi\/tuote\/kasvopyyhe-3050-cm-granite\/","name":"Kasvopyyhe 30*50 cm, Granite - Kauneushoitola Calla","isPartOf":{"@id":"https:\/\/calla.fi\/#website"},"primaryImageOfPage":{"@id":"https:\/\/calla.fi\/tuote\/kasvopyyhe-3050-cm-granite\/#primaryimage"},"image":{"@id":"https:\/\/calla.fi\/tuote\/kasvopyyhe-3050-cm-granite\/#primaryimage"},"thumbnailUrl":"https:\/\/calla.fi\/wp-content\/uploads\/2023\/11\/Luin-Living-Facial-Towel-Granite-1-768x1152-1.jpg","datePublished":"2023-11-19T19:13:58+00:00","dateModified":"2024-11-15T11:29:27+00:00","breadcrumb":{"@id":"https:\/\/calla.fi\/tuote\/kasvopyyhe-3050-cm-granite\/#breadcrumb"},"inLanguage":"sv-SE","potentialAction":[{"@type":"ReadAction","target":["https:\/\/calla.fi\/tuote\/kasvopyyhe-3050-cm-granite\/"]}]},{"@type":"ImageObject","inLanguage":"sv-SE","@id":"https:\/\/calla.fi\/tuote\/kasvopyyhe-3050-cm-granite\/#primaryimage","url":"https:\/\/calla.fi\/wp-content\/uploads\/2023\/11\/Luin-Living-Facial-Towel-Granite-1-768x1152-1.jpg","contentUrl":"https:\/\/calla.fi\/wp-content\/uploads\/2023\/11\/Luin-Living-Facial-Towel-Granite-1-768x1152-1.jpg","width":768,"height":1152},{"@type":"BreadcrumbList","@id":"https:\/\/calla.fi\/tuote\/kasvopyyhe-3050-cm-granite\/#breadcrumb","itemListElement":[{"@type":"ListItem","position":1,"name":"Etusivu","item":"https:\/\/calla.fi\/"},{"@type":"ListItem","position":2,"name":"Kauppa","item":"https:\/\/calla.fi\/kauppa\/"},{"@type":"ListItem","position":3,"name":"Kasvopyyhe 30*50 cm, Granite"}]},{"@type":"WebSite","@id":"https:\/\/calla.fi\/#website","url":"https:\/\/calla.fi\/","name":"Kauneushoitola Calla","description":"Ihonhoitoa ja hemmottelua Pietarsaaressa","potentialAction":[{"@type":"SearchAction","target":{"@type":"EntryPoint","urlTemplate":"https:\/\/calla.fi\/?s={search_term_string}"},"query-input":{"@type":"PropertyValueSpecification","valueRequired":true,"valueName":"search_term_string"}}],"inLanguage":"sv-SE"}]}},"_links":{"self":[{"href":"https:\/\/calla.fi\/sv\/wp-json\/wp\/v2\/product\/1314","targetHints":{"allow":["GET"]}}],"collection":[{"href":"https:\/\/calla.fi\/sv\/wp-json\/wp\/v2\/product"}],"about":[{"href":"https:\/\/calla.fi\/sv\/wp-json\/wp\/v2\/types\/product"}],"wp:featuredmedia":[{"embeddable":true,"href":"https:\/\/calla.fi\/sv\/wp-json\/wp\/v2\/media\/1234"}],"wp:attachment":[{"href":"https:\/\/calla.fi\/sv\/wp-json\/wp\/v2\/media?parent=1314"}],"wp:term":[{"taxonomy":"product_brand","embeddable":true,"href":"https:\/\/calla.fi\/sv\/wp-json\/wp\/v2\/product_brand?post=1314"},{"taxonomy":"product_cat","embeddable":true,"href":"https:\/\/calla.fi\/sv\/wp-json\/wp\/v2\/product_cat?post=1314"},{"taxonomy":"product_tag","embeddable":true,"href":"https:\/\/calla.fi\/sv\/wp-json\/wp\/v2\/product_tag?post=1314"}],"curies":[{"name":"wp","href":"https:\/\/api.w.org\/{rel}","templated":true}]}}