{"id":1500,"date":"2024-01-28T13:36:48","date_gmt":"2024-01-28T11:36:48","guid":{"rendered":"https:\/\/calla.fi\/?post_type=product&#038;p=1500"},"modified":"2026-01-02T15:24:00","modified_gmt":"2026-01-02T13:24:00","slug":"makea-ruusuvesi-100-ml","status":"publish","type":"product","link":"https:\/\/calla.fi\/sv\/tuote\/makea-ruusuvesi-100-ml\/","title":{"rendered":"Makea Ruusuvesi 100 ml"},"content":{"rendered":"<p>Ruusuvesi rauhoittaa ja tasapainottaa ihoa sokeroinnin j\u00e4lkeen est\u00e4en ihon erilaiset \u00e4rsyyntymiset. Sokerointien v\u00e4liss\u00e4 s\u00e4\u00e4nn\u00f6llinen ruusuveden k\u00e4ytt\u00f6 est\u00e4\u00e4 ihon tukkeutumista ja \u00e4rsyyntymist\u00e4 sek\u00e4 kosteuttaa tehokkaasti ihoa. Ruusuveden antiseptinen, tasapainottava ja uudistava vaikutus auttaa moneen iho ongelmaan.<\/p>\n<p><em>K\u00e4ytt\u00f6: Sokeroinnin j\u00e4lkeen suihkuta joko suoraan iholle tai vanulappuun ja pyyhi iho. Kasvoille k\u00e4yt\u00e4 kasvoveden tapaan ihon puhdistuksen j\u00e4lkeen tai pitkin p\u00e4iv\u00e4\u00e4 hy\u00f6dynn\u00e4 ruusuveden antiseptinen ja kosteuttava vaikutus suihkuttamalla suoraan iholle. Voit suihkuttaa my\u00f6s meikin p\u00e4\u00e4lle. Alueille, joihin tulee helposti ihon \u00e4rsyyntymist\u00e4, k\u00e4yt\u00e4 aamuin ja illoin.<\/em><\/p>\n<p><strong>Katso my\u00f6s opetusvideot sokerointiin <a href=\"https:\/\/makeahelsinki.fi\/sokerointikotona\/\">t\u00e4\u00e4lt\u00e4<\/a>!<\/strong><\/p>\n","protected":false},"excerpt":{"rendered":"<p>Ruusuvesi rauhoittamaan ihoa p\u00e4\u00e4st\u00e4 varpaisiin p\u00e4ivitt\u00e4iseen k\u00e4ytt\u00f6\u00f6n. Erityisen hyv\u00e4 sokeroidun alueen kosteutukseen.<\/p>\n","protected":false},"featured_media":1543,"template":"","meta":{"_et_pb_use_builder":"","_et_pb_old_content":"","_et_gb_content_width":""},"product_brand":[],"product_cat":[28],"product_tag":[],"class_list":{"0":"post-1500","1":"product","2":"type-product","3":"status-publish","4":"has-post-thumbnail","6":"product_cat-makea-kotisokerointi","7":"product_shipping_class-postitus","9":"first","10":"outofstock","11":"taxable","12":"shipping-taxable","13":"purchasable","14":"product-type-simple"},"yoast_head":"<!-- This site is optimized with the Yoast SEO plugin v27.4 - https:\/\/yoast.com\/product\/yoast-seo-wordpress\/ -->\n<title>Makea Ruusuvesi 100 ml - Kauneushoitola Calla<\/title>\n<meta name=\"description\" content=\"Ruusuvesi kosteuttaa ja rauhoittaa lempe\u00e4sti kaikki iho alueita p\u00e4\u00e4st\u00e4 varpaisiin. Erityisen hyv\u00e4 sokeroinnin j\u00e4lkeiseen rauhoitukseen p\u00e4ivitt\u00e4in.\" \/>\n<meta name=\"robots\" content=\"index, follow, max-snippet:-1, max-image-preview:large, max-video-preview:-1\" \/>\n<link rel=\"canonical\" href=\"https:\/\/calla.fi\/tuote\/makea-ruusuvesi-100-ml\/\" \/>\n<meta property=\"og:locale\" content=\"sv_SE\" \/>\n<meta property=\"og:type\" content=\"article\" \/>\n<meta property=\"og:title\" content=\"Makea Ruusuvesi 100 ml - Kauneushoitola Calla\" \/>\n<meta property=\"og:description\" content=\"Ruusuvesi kosteuttaa ja rauhoittaa lempe\u00e4sti kaikki iho alueita p\u00e4\u00e4st\u00e4 varpaisiin. Erityisen hyv\u00e4 sokeroinnin j\u00e4lkeiseen rauhoitukseen p\u00e4ivitt\u00e4in.\" \/>\n<meta property=\"og:url\" content=\"https:\/\/calla.fi\/tuote\/makea-ruusuvesi-100-ml\/\" \/>\n<meta property=\"og:site_name\" content=\"Kauneushoitola Calla\" \/>\n<meta property=\"article:modified_time\" content=\"2026-01-02T13:24:00+00:00\" \/>\n<meta property=\"og:image\" content=\"https:\/\/calla.fi\/wp-content\/uploads\/2024\/02\/Ruusuvesi-100ml_v2.jpg\" \/>\n\t<meta property=\"og:image:width\" content=\"1000\" \/>\n\t<meta property=\"og:image:height\" content=\"1000\" \/>\n\t<meta property=\"og:image:type\" content=\"image\/jpeg\" \/>\n<meta name=\"twitter:card\" content=\"summary_large_image\" \/>\n<meta name=\"twitter:label1\" content=\"Ber\u00e4knad l\u00e4stid\" \/>\n\t<meta name=\"twitter:data1\" content=\"1 minut\" \/>\n<script type=\"application\/ld+json\" class=\"yoast-schema-graph\">{\"@context\":\"https:\\\/\\\/schema.org\",\"@graph\":[{\"@type\":\"WebPage\",\"@id\":\"https:\\\/\\\/calla.fi\\\/tuote\\\/makea-ruusuvesi-100-ml\\\/\",\"url\":\"https:\\\/\\\/calla.fi\\\/tuote\\\/makea-ruusuvesi-100-ml\\\/\",\"name\":\"Makea Ruusuvesi 100 ml - Kauneushoitola Calla\",\"isPartOf\":{\"@id\":\"https:\\\/\\\/calla.fi\\\/#website\"},\"primaryImageOfPage\":{\"@id\":\"https:\\\/\\\/calla.fi\\\/tuote\\\/makea-ruusuvesi-100-ml\\\/#primaryimage\"},\"image\":{\"@id\":\"https:\\\/\\\/calla.fi\\\/tuote\\\/makea-ruusuvesi-100-ml\\\/#primaryimage\"},\"thumbnailUrl\":\"https:\\\/\\\/calla.fi\\\/wp-content\\\/uploads\\\/2024\\\/02\\\/Ruusuvesi-100ml_v2.jpg\",\"datePublished\":\"2024-01-28T11:36:48+00:00\",\"dateModified\":\"2026-01-02T13:24:00+00:00\",\"description\":\"Ruusuvesi kosteuttaa ja rauhoittaa lempe\u00e4sti kaikki iho alueita p\u00e4\u00e4st\u00e4 varpaisiin. Erityisen hyv\u00e4 sokeroinnin j\u00e4lkeiseen rauhoitukseen p\u00e4ivitt\u00e4in.\",\"breadcrumb\":{\"@id\":\"https:\\\/\\\/calla.fi\\\/tuote\\\/makea-ruusuvesi-100-ml\\\/#breadcrumb\"},\"inLanguage\":\"sv-SE\",\"potentialAction\":[{\"@type\":\"ReadAction\",\"target\":[\"https:\\\/\\\/calla.fi\\\/tuote\\\/makea-ruusuvesi-100-ml\\\/\"]}]},{\"@type\":\"ImageObject\",\"inLanguage\":\"sv-SE\",\"@id\":\"https:\\\/\\\/calla.fi\\\/tuote\\\/makea-ruusuvesi-100-ml\\\/#primaryimage\",\"url\":\"https:\\\/\\\/calla.fi\\\/wp-content\\\/uploads\\\/2024\\\/02\\\/Ruusuvesi-100ml_v2.jpg\",\"contentUrl\":\"https:\\\/\\\/calla.fi\\\/wp-content\\\/uploads\\\/2024\\\/02\\\/Ruusuvesi-100ml_v2.jpg\",\"width\":1000,\"height\":1000},{\"@type\":\"BreadcrumbList\",\"@id\":\"https:\\\/\\\/calla.fi\\\/tuote\\\/makea-ruusuvesi-100-ml\\\/#breadcrumb\",\"itemListElement\":[{\"@type\":\"ListItem\",\"position\":1,\"name\":\"Etusivu\",\"item\":\"https:\\\/\\\/calla.fi\\\/\"},{\"@type\":\"ListItem\",\"position\":2,\"name\":\"Kauppa\",\"item\":\"https:\\\/\\\/calla.fi\\\/kauppa\\\/\"},{\"@type\":\"ListItem\",\"position\":3,\"name\":\"Makea Ruusuvesi 100 ml\"}]},{\"@type\":\"WebSite\",\"@id\":\"https:\\\/\\\/calla.fi\\\/#website\",\"url\":\"https:\\\/\\\/calla.fi\\\/\",\"name\":\"Kauneushoitola Calla\",\"description\":\"Ihonhoitoa ja hemmottelua Pietarsaaressa\",\"potentialAction\":[{\"@type\":\"SearchAction\",\"target\":{\"@type\":\"EntryPoint\",\"urlTemplate\":\"https:\\\/\\\/calla.fi\\\/?s={search_term_string}\"},\"query-input\":{\"@type\":\"PropertyValueSpecification\",\"valueRequired\":true,\"valueName\":\"search_term_string\"}}],\"inLanguage\":\"sv-SE\"}]}<\/script>\n<!-- \/ Yoast SEO plugin. -->","yoast_head_json":{"title":"Makea Ruusuvesi 100 ml - Kauneushoitola Calla","description":"Ruusuvesi kosteuttaa ja rauhoittaa lempe\u00e4sti kaikki iho alueita p\u00e4\u00e4st\u00e4 varpaisiin. Erityisen hyv\u00e4 sokeroinnin j\u00e4lkeiseen rauhoitukseen p\u00e4ivitt\u00e4in.","robots":{"index":"index","follow":"follow","max-snippet":"max-snippet:-1","max-image-preview":"max-image-preview:large","max-video-preview":"max-video-preview:-1"},"canonical":"https:\/\/calla.fi\/tuote\/makea-ruusuvesi-100-ml\/","og_locale":"sv_SE","og_type":"article","og_title":"Makea Ruusuvesi 100 ml - Kauneushoitola Calla","og_description":"Ruusuvesi kosteuttaa ja rauhoittaa lempe\u00e4sti kaikki iho alueita p\u00e4\u00e4st\u00e4 varpaisiin. Erityisen hyv\u00e4 sokeroinnin j\u00e4lkeiseen rauhoitukseen p\u00e4ivitt\u00e4in.","og_url":"https:\/\/calla.fi\/tuote\/makea-ruusuvesi-100-ml\/","og_site_name":"Kauneushoitola Calla","article_modified_time":"2026-01-02T13:24:00+00:00","og_image":[{"width":1000,"height":1000,"url":"https:\/\/calla.fi\/wp-content\/uploads\/2024\/02\/Ruusuvesi-100ml_v2.jpg","type":"image\/jpeg"}],"twitter_card":"summary_large_image","twitter_misc":{"Ber\u00e4knad l\u00e4stid":"1 minut"},"schema":{"@context":"https:\/\/schema.org","@graph":[{"@type":"WebPage","@id":"https:\/\/calla.fi\/tuote\/makea-ruusuvesi-100-ml\/","url":"https:\/\/calla.fi\/tuote\/makea-ruusuvesi-100-ml\/","name":"Makea Ruusuvesi 100 ml - Kauneushoitola Calla","isPartOf":{"@id":"https:\/\/calla.fi\/#website"},"primaryImageOfPage":{"@id":"https:\/\/calla.fi\/tuote\/makea-ruusuvesi-100-ml\/#primaryimage"},"image":{"@id":"https:\/\/calla.fi\/tuote\/makea-ruusuvesi-100-ml\/#primaryimage"},"thumbnailUrl":"https:\/\/calla.fi\/wp-content\/uploads\/2024\/02\/Ruusuvesi-100ml_v2.jpg","datePublished":"2024-01-28T11:36:48+00:00","dateModified":"2026-01-02T13:24:00+00:00","description":"Ruusuvesi kosteuttaa ja rauhoittaa lempe\u00e4sti kaikki iho alueita p\u00e4\u00e4st\u00e4 varpaisiin. Erityisen hyv\u00e4 sokeroinnin j\u00e4lkeiseen rauhoitukseen p\u00e4ivitt\u00e4in.","breadcrumb":{"@id":"https:\/\/calla.fi\/tuote\/makea-ruusuvesi-100-ml\/#breadcrumb"},"inLanguage":"sv-SE","potentialAction":[{"@type":"ReadAction","target":["https:\/\/calla.fi\/tuote\/makea-ruusuvesi-100-ml\/"]}]},{"@type":"ImageObject","inLanguage":"sv-SE","@id":"https:\/\/calla.fi\/tuote\/makea-ruusuvesi-100-ml\/#primaryimage","url":"https:\/\/calla.fi\/wp-content\/uploads\/2024\/02\/Ruusuvesi-100ml_v2.jpg","contentUrl":"https:\/\/calla.fi\/wp-content\/uploads\/2024\/02\/Ruusuvesi-100ml_v2.jpg","width":1000,"height":1000},{"@type":"BreadcrumbList","@id":"https:\/\/calla.fi\/tuote\/makea-ruusuvesi-100-ml\/#breadcrumb","itemListElement":[{"@type":"ListItem","position":1,"name":"Etusivu","item":"https:\/\/calla.fi\/"},{"@type":"ListItem","position":2,"name":"Kauppa","item":"https:\/\/calla.fi\/kauppa\/"},{"@type":"ListItem","position":3,"name":"Makea Ruusuvesi 100 ml"}]},{"@type":"WebSite","@id":"https:\/\/calla.fi\/#website","url":"https:\/\/calla.fi\/","name":"Kauneushoitola Calla","description":"Ihonhoitoa ja hemmottelua Pietarsaaressa","potentialAction":[{"@type":"SearchAction","target":{"@type":"EntryPoint","urlTemplate":"https:\/\/calla.fi\/?s={search_term_string}"},"query-input":{"@type":"PropertyValueSpecification","valueRequired":true,"valueName":"search_term_string"}}],"inLanguage":"sv-SE"}]}},"_links":{"self":[{"href":"https:\/\/calla.fi\/sv\/wp-json\/wp\/v2\/product\/1500","targetHints":{"allow":["GET"]}}],"collection":[{"href":"https:\/\/calla.fi\/sv\/wp-json\/wp\/v2\/product"}],"about":[{"href":"https:\/\/calla.fi\/sv\/wp-json\/wp\/v2\/types\/product"}],"wp:featuredmedia":[{"embeddable":true,"href":"https:\/\/calla.fi\/sv\/wp-json\/wp\/v2\/media\/1543"}],"wp:attachment":[{"href":"https:\/\/calla.fi\/sv\/wp-json\/wp\/v2\/media?parent=1500"}],"wp:term":[{"taxonomy":"product_brand","embeddable":true,"href":"https:\/\/calla.fi\/sv\/wp-json\/wp\/v2\/product_brand?post=1500"},{"taxonomy":"product_cat","embeddable":true,"href":"https:\/\/calla.fi\/sv\/wp-json\/wp\/v2\/product_cat?post=1500"},{"taxonomy":"product_tag","embeddable":true,"href":"https:\/\/calla.fi\/sv\/wp-json\/wp\/v2\/product_tag?post=1500"}],"curies":[{"name":"wp","href":"https:\/\/api.w.org\/{rel}","templated":true}]}}