{"id":1655,"date":"2024-04-23T11:17:35","date_gmt":"2024-04-23T08:17:35","guid":{"rendered":"https:\/\/calla.fi\/?post_type=product&#038;p=1655"},"modified":"2026-04-15T15:36:42","modified_gmt":"2026-04-15T12:36:42","slug":"summer-mood-150ml-itseruskettava-suihke","status":"publish","type":"product","link":"https:\/\/calla.fi\/sv\/tuote\/summer-mood-150ml-itseruskettava-suihke\/","title":{"rendered":"Summer Mood\u2122 Light DHA 5% 150ml \u2013 Itseruskettava suihke"},"content":{"rendered":"<p><strong>Summer Mood\u2122<\/strong> on itseruskettava suihke kasvoille ja vartalolle, joka antaa kauniin, luonnollisen p\u00e4ivetyksen juuri silloin kun sin\u00e4 haluat! Tuote sis\u00e4lt\u00e4\u00e4 Aloe veraa kosteuttaen ja hoitaen ihoa. Rusketus perustuu kemialliseen reaktioon ihon pinnassa, kun tuotteen vaikuttavat aineet reagoivat ihon aminohappojen kanssa. Hajusteeton ja v\u00e4riaineeton.<\/p>\n<p><strong>Miksi Summer Mood\u2122<\/strong>?<\/p>\n<ul>\n<li>Antaa kauniin, luonnollisen p\u00e4ivetyksen<\/li>\n<li>Hoitaa sek\u00e4 kosteuttaa ihoa<\/li>\n<li>Helppo k\u00e4ytt\u00e4\u00e4<\/li>\n<li>Sis\u00e4lt\u00e4\u00e4 Aloe veraa<\/li>\n<li>Hajusteeton ja v\u00e4riaineeton<\/li>\n<\/ul>\n<h3>Miten k\u00e4yt\u00e4t?<\/h3>\n<p><strong>Ennen k\u00e4ytt\u00f6\u00e4:<br \/>\n<\/strong>Pese ja kuori iho huolellisesti suihkussa Summer Mood Self Tanning Prep Washilla ja kuorintakintaalla.<br \/>\nKuivaa iho huolellisesti.<\/p>\n<p><strong>Levitys:<br \/>\n<\/strong>Suihkuta tuotetta v\u00e4hint\u00e4\u00e4n 20 cm et\u00e4isyydelt\u00e4 kasvoille ja vartalolle.<br \/>\nLevit\u00e4 tarvittaessa kintaalla, nitriilik\u00e4sineill\u00e4 tai siveltimell\u00e4 tasaiseksi.<br \/>\nAnna imeyty\u00e4 rauhassa.<br \/>\nPese k\u00e4det huolellisesti heti levityksen j\u00e4lkeen.<\/p>\n<p><strong>Rusketuksen kehittyminen:<br \/>\n<\/strong>Rusketus alkaa kehitty\u00e4 2 tunnin kuluessa levityksest\u00e4 ja syvenee iholla 8-12 tuntia.<br \/>\nKun itseruskettava on syventynyt iholla levit\u00e4 Summer Mood Hydrating Cream kosteuttamaan ihoa, joko suoraan iholle tai vesihuuhtelun j\u00e4lkeen.<\/p>\n<p><strong>Toistuva k\u00e4ytt\u00f6:<br \/>\n<\/strong>Toista k\u00e4sittely p\u00e4ivitt\u00e4in, kunnes saavutat halutun s\u00e4vyn.<br \/>\nK\u00e4yt\u00e4 1-2 kertaa viikossa rusketuksen yll\u00e4pit\u00e4miseksi.<\/p>\n<p><strong>Ihonhoito:<br \/>\n<\/strong>Kosteuta ihoa p\u00e4ivitt\u00e4in Summer Mood Hydrating Creamill\u00e4.<br \/>\nKuoria iho 2-3 kertaa viikossa, jotta rusketus pysyy tasaisena.<br \/>\nVoit palata normaaliin ihonhoitoon seuraavana p\u00e4iv\u00e4n\u00e4. Mik\u00e4li k\u00e4yt\u00e4t k\u00e4yt\u00e4t ihonhoidossa paljon kuorivia ainesosia ja ihoa uudistavia tuotteita, rusketus voit joutua uusimaan rusketuksen useammin.<\/p>\n<p><strong>T\u00e4rke\u00e4 huomio ihon pesemisess\u00e4 ennen Summer Moodin k\u00e4ytt\u00f6\u00e4: pesunesteen valinta!<br \/>\n<\/strong>Monet pesunesteet sis\u00e4lt\u00e4v\u00e4t ainesosia, jotka tekev\u00e4t ihon pinnalle kalvon, joka saa ihon tuntumaan samettisen pehme\u00e4lt\u00e4. T\u00e4m\u00e4 kalvo kuitenkin est\u00e4\u00e4 Summer Moodin imeytymisen ihoon, jolloin tuloksena on ep\u00e4tasainen p\u00e4ivetys. Monesti ns. Milky &amp; Oil -pesunesteet synnytt\u00e4v\u00e4t kalvon. Eli, jos suihkun j\u00e4lkeen ihosi tuntuu eritt\u00e4in smoothilta ja \u201dliukkaalta\u201d, niin on suuri todenn\u00e4k\u00f6isyys, ettei Summer Mood p\u00e4\u00e4se vaikuttamaan tasaisesti pesunesteet synnytt\u00e4m\u00e4n kalvon vuoksi.<br \/>\nIhon huolellinen peseminen ja kuorinta ovat t\u00e4rke\u00e4\u00e4, jotta my\u00f6s aiemmin viikon aikana k\u00e4ytetyt kosteuttavat tuotteet huuhtoutuvat pois.<br \/>\nItseruskettava suihke imeytyy parhaiten kuoritulle ja karvattomalle iholle muiden ihonhoitotuotteiden tapaan. Suosittelemme ihon kuorintaa ja sokerointia p\u00e4iv\u00e4\u00e4 ennen tuotteen k\u00e4ytt\u00e4misen aloittamista takaamaan uskomattoman GLOWN!<\/p>\n<ul>\n<li>1. p\u00e4iv\u00e4: Ihon kuorinta \/ sokerointi<\/li>\n<li>2. p\u00e4iv\u00e4: \u00a0aloita Summer Mood\u2122:n k\u00e4ytt\u00f6<\/li>\n<li>3.-5. p\u00e4iv\u00e4t: jatka Summer Mood\u2122:n k\u00e4ytt\u00f6\u00e4 kunnes saavutat halutun p\u00e4ivetyksen<\/li>\n<li>Jatka k\u00e4ytt\u00f6\u00e4 1-2 kertaa viikossa yll\u00e4pit\u00e4\u00e4ksesi haluttu p\u00e4ivetys<\/li>\n<li>Kuori iho s\u00e4\u00e4nn\u00f6llisesti 1-2 viikon v\u00e4lein, jotta ihosi voi hyvin ja p\u00e4ivetys n\u00e4ytt\u00e4\u00e4 kauniilta.<\/li>\n<\/ul>\n<p>Valmistusmaa: Suomi<\/p>\n","protected":false},"excerpt":{"rendered":"<p>Itseruskettava suihke kasvoille ja vartalolle tekee luonnollisen ja kauniin rusketuksen nopeasti ja vaivattomasti. Suihke sis\u00e4lt\u00e4\u00e4 kosteuttavaa Aloe Veraa, joka rauhoittaa ihoa ja yll\u00e4pit\u00e4\u00e4 kosteustasapainoa. Dihydroksiasetoni 5% (DHA) takaa tasaisen ja luonnollisen rusketuksen, joka perustuu kemialliseen reaktioon ihon pinnassa, kun tuotteen vaikuttavat aineet reagoivat ihon aminohappojen ja proteiinien kanssa. Tuote on hajusteeton, v\u00e4riaineeton ja vegaaninen.<\/p>\n","protected":false},"featured_media":2502,"template":"","meta":{"_et_pb_use_builder":"","_et_pb_old_content":"","_et_gb_content_width":""},"product_brand":[],"product_cat":[85,55],"product_tag":[],"class_list":{"0":"post-1655","1":"product","2":"type-product","3":"status-publish","4":"has-post-thumbnail","6":"product_cat-summer-mood-itseruskettavat","7":"product_cat-vartalo","8":"product_shipping_class-postitus","10":"first","11":"instock","12":"featured","13":"taxable","14":"shipping-taxable","15":"purchasable","16":"product-type-simple"},"yoast_head":"<!-- This site is optimized with the Yoast SEO plugin v27.4 - https:\/\/yoast.com\/product\/yoast-seo-wordpress\/ -->\n<title>Summer Mood\u2122 Light DHA 5% 150ml \u2013 Itseruskettava suihke - Kauneushoitola Calla<\/title>\n<meta name=\"description\" content=\"Summer Mood\u2122 on itseruskettava suihke kasvoille ja vartalolle, joka antaa kauniin, luonnollisen p\u00e4ivetyksen juuri silloin kun sin\u00e4 haluat. DHA 5 %\" \/>\n<meta name=\"robots\" content=\"index, follow, max-snippet:-1, max-image-preview:large, max-video-preview:-1\" \/>\n<link rel=\"canonical\" href=\"https:\/\/calla.fi\/tuote\/summer-mood-150ml-itseruskettava-suihke\/\" \/>\n<meta property=\"og:locale\" content=\"sv_SE\" \/>\n<meta property=\"og:type\" content=\"article\" \/>\n<meta property=\"og:title\" content=\"Summer Mood\u2122 Light DHA 5% 150ml \u2013 Itseruskettava suihke - Kauneushoitola Calla\" \/>\n<meta property=\"og:description\" content=\"Summer Mood\u2122 on itseruskettava suihke kasvoille ja vartalolle, joka antaa kauniin, luonnollisen p\u00e4ivetyksen juuri silloin kun sin\u00e4 haluat. DHA 5 %\" \/>\n<meta property=\"og:url\" content=\"https:\/\/calla.fi\/tuote\/summer-mood-150ml-itseruskettava-suihke\/\" \/>\n<meta property=\"og:site_name\" content=\"Kauneushoitola Calla\" \/>\n<meta property=\"article:modified_time\" content=\"2026-04-15T12:36:42+00:00\" \/>\n<meta property=\"og:image\" content=\"https:\/\/calla.fi\/wp-content\/uploads\/2024\/04\/4_5_0004_SM_self-tanning-mist-light.jpg\" \/>\n\t<meta property=\"og:image:width\" content=\"1000\" \/>\n\t<meta property=\"og:image:height\" content=\"1250\" \/>\n\t<meta property=\"og:image:type\" content=\"image\/jpeg\" \/>\n<meta name=\"twitter:card\" content=\"summary_large_image\" \/>\n<meta name=\"twitter:label1\" content=\"Ber\u00e4knad l\u00e4stid\" \/>\n\t<meta name=\"twitter:data1\" content=\"3 minuter\" \/>\n<script type=\"application\/ld+json\" class=\"yoast-schema-graph\">{\"@context\":\"https:\\\/\\\/schema.org\",\"@graph\":[{\"@type\":\"WebPage\",\"@id\":\"https:\\\/\\\/calla.fi\\\/tuote\\\/summer-mood-150ml-itseruskettava-suihke\\\/\",\"url\":\"https:\\\/\\\/calla.fi\\\/tuote\\\/summer-mood-150ml-itseruskettava-suihke\\\/\",\"name\":\"Summer Mood\u2122 Light DHA 5% 150ml \u2013 Itseruskettava suihke - Kauneushoitola Calla\",\"isPartOf\":{\"@id\":\"https:\\\/\\\/calla.fi\\\/#website\"},\"primaryImageOfPage\":{\"@id\":\"https:\\\/\\\/calla.fi\\\/tuote\\\/summer-mood-150ml-itseruskettava-suihke\\\/#primaryimage\"},\"image\":{\"@id\":\"https:\\\/\\\/calla.fi\\\/tuote\\\/summer-mood-150ml-itseruskettava-suihke\\\/#primaryimage\"},\"thumbnailUrl\":\"https:\\\/\\\/calla.fi\\\/wp-content\\\/uploads\\\/2024\\\/04\\\/4_5_0004_SM_self-tanning-mist-light.jpg\",\"datePublished\":\"2024-04-23T08:17:35+00:00\",\"dateModified\":\"2026-04-15T12:36:42+00:00\",\"description\":\"Summer Mood\u2122 on itseruskettava suihke kasvoille ja vartalolle, joka antaa kauniin, luonnollisen p\u00e4ivetyksen juuri silloin kun sin\u00e4 haluat. DHA 5 %\",\"breadcrumb\":{\"@id\":\"https:\\\/\\\/calla.fi\\\/tuote\\\/summer-mood-150ml-itseruskettava-suihke\\\/#breadcrumb\"},\"inLanguage\":\"sv-SE\",\"potentialAction\":[{\"@type\":\"ReadAction\",\"target\":[\"https:\\\/\\\/calla.fi\\\/tuote\\\/summer-mood-150ml-itseruskettava-suihke\\\/\"]}]},{\"@type\":\"ImageObject\",\"inLanguage\":\"sv-SE\",\"@id\":\"https:\\\/\\\/calla.fi\\\/tuote\\\/summer-mood-150ml-itseruskettava-suihke\\\/#primaryimage\",\"url\":\"https:\\\/\\\/calla.fi\\\/wp-content\\\/uploads\\\/2024\\\/04\\\/4_5_0004_SM_self-tanning-mist-light.jpg\",\"contentUrl\":\"https:\\\/\\\/calla.fi\\\/wp-content\\\/uploads\\\/2024\\\/04\\\/4_5_0004_SM_self-tanning-mist-light.jpg\",\"width\":1000,\"height\":1250},{\"@type\":\"BreadcrumbList\",\"@id\":\"https:\\\/\\\/calla.fi\\\/tuote\\\/summer-mood-150ml-itseruskettava-suihke\\\/#breadcrumb\",\"itemListElement\":[{\"@type\":\"ListItem\",\"position\":1,\"name\":\"Etusivu\",\"item\":\"https:\\\/\\\/calla.fi\\\/\"},{\"@type\":\"ListItem\",\"position\":2,\"name\":\"Kauppa\",\"item\":\"https:\\\/\\\/calla.fi\\\/kauppa\\\/\"},{\"@type\":\"ListItem\",\"position\":3,\"name\":\"Summer Mood\u2122 Light DHA 5% 150ml \u2013 Itseruskettava suihke\"}]},{\"@type\":\"WebSite\",\"@id\":\"https:\\\/\\\/calla.fi\\\/#website\",\"url\":\"https:\\\/\\\/calla.fi\\\/\",\"name\":\"Kauneushoitola Calla\",\"description\":\"Ihonhoitoa ja hemmottelua Pietarsaaressa\",\"potentialAction\":[{\"@type\":\"SearchAction\",\"target\":{\"@type\":\"EntryPoint\",\"urlTemplate\":\"https:\\\/\\\/calla.fi\\\/?s={search_term_string}\"},\"query-input\":{\"@type\":\"PropertyValueSpecification\",\"valueRequired\":true,\"valueName\":\"search_term_string\"}}],\"inLanguage\":\"sv-SE\"}]}<\/script>\n<!-- \/ Yoast SEO plugin. -->","yoast_head_json":{"title":"Summer Mood\u2122 Light DHA 5% 150ml \u2013 Itseruskettava suihke - Kauneushoitola Calla","description":"Summer Mood\u2122 on itseruskettava suihke kasvoille ja vartalolle, joka antaa kauniin, luonnollisen p\u00e4ivetyksen juuri silloin kun sin\u00e4 haluat. DHA 5 %","robots":{"index":"index","follow":"follow","max-snippet":"max-snippet:-1","max-image-preview":"max-image-preview:large","max-video-preview":"max-video-preview:-1"},"canonical":"https:\/\/calla.fi\/tuote\/summer-mood-150ml-itseruskettava-suihke\/","og_locale":"sv_SE","og_type":"article","og_title":"Summer Mood\u2122 Light DHA 5% 150ml \u2013 Itseruskettava suihke - Kauneushoitola Calla","og_description":"Summer Mood\u2122 on itseruskettava suihke kasvoille ja vartalolle, joka antaa kauniin, luonnollisen p\u00e4ivetyksen juuri silloin kun sin\u00e4 haluat. DHA 5 %","og_url":"https:\/\/calla.fi\/tuote\/summer-mood-150ml-itseruskettava-suihke\/","og_site_name":"Kauneushoitola Calla","article_modified_time":"2026-04-15T12:36:42+00:00","og_image":[{"width":1000,"height":1250,"url":"https:\/\/calla.fi\/wp-content\/uploads\/2024\/04\/4_5_0004_SM_self-tanning-mist-light.jpg","type":"image\/jpeg"}],"twitter_card":"summary_large_image","twitter_misc":{"Ber\u00e4knad l\u00e4stid":"3 minuter"},"schema":{"@context":"https:\/\/schema.org","@graph":[{"@type":"WebPage","@id":"https:\/\/calla.fi\/tuote\/summer-mood-150ml-itseruskettava-suihke\/","url":"https:\/\/calla.fi\/tuote\/summer-mood-150ml-itseruskettava-suihke\/","name":"Summer Mood\u2122 Light DHA 5% 150ml \u2013 Itseruskettava suihke - Kauneushoitola Calla","isPartOf":{"@id":"https:\/\/calla.fi\/#website"},"primaryImageOfPage":{"@id":"https:\/\/calla.fi\/tuote\/summer-mood-150ml-itseruskettava-suihke\/#primaryimage"},"image":{"@id":"https:\/\/calla.fi\/tuote\/summer-mood-150ml-itseruskettava-suihke\/#primaryimage"},"thumbnailUrl":"https:\/\/calla.fi\/wp-content\/uploads\/2024\/04\/4_5_0004_SM_self-tanning-mist-light.jpg","datePublished":"2024-04-23T08:17:35+00:00","dateModified":"2026-04-15T12:36:42+00:00","description":"Summer Mood\u2122 on itseruskettava suihke kasvoille ja vartalolle, joka antaa kauniin, luonnollisen p\u00e4ivetyksen juuri silloin kun sin\u00e4 haluat. DHA 5 %","breadcrumb":{"@id":"https:\/\/calla.fi\/tuote\/summer-mood-150ml-itseruskettava-suihke\/#breadcrumb"},"inLanguage":"sv-SE","potentialAction":[{"@type":"ReadAction","target":["https:\/\/calla.fi\/tuote\/summer-mood-150ml-itseruskettava-suihke\/"]}]},{"@type":"ImageObject","inLanguage":"sv-SE","@id":"https:\/\/calla.fi\/tuote\/summer-mood-150ml-itseruskettava-suihke\/#primaryimage","url":"https:\/\/calla.fi\/wp-content\/uploads\/2024\/04\/4_5_0004_SM_self-tanning-mist-light.jpg","contentUrl":"https:\/\/calla.fi\/wp-content\/uploads\/2024\/04\/4_5_0004_SM_self-tanning-mist-light.jpg","width":1000,"height":1250},{"@type":"BreadcrumbList","@id":"https:\/\/calla.fi\/tuote\/summer-mood-150ml-itseruskettava-suihke\/#breadcrumb","itemListElement":[{"@type":"ListItem","position":1,"name":"Etusivu","item":"https:\/\/calla.fi\/"},{"@type":"ListItem","position":2,"name":"Kauppa","item":"https:\/\/calla.fi\/kauppa\/"},{"@type":"ListItem","position":3,"name":"Summer Mood\u2122 Light DHA 5% 150ml \u2013 Itseruskettava suihke"}]},{"@type":"WebSite","@id":"https:\/\/calla.fi\/#website","url":"https:\/\/calla.fi\/","name":"Kauneushoitola Calla","description":"Ihonhoitoa ja hemmottelua Pietarsaaressa","potentialAction":[{"@type":"SearchAction","target":{"@type":"EntryPoint","urlTemplate":"https:\/\/calla.fi\/?s={search_term_string}"},"query-input":{"@type":"PropertyValueSpecification","valueRequired":true,"valueName":"search_term_string"}}],"inLanguage":"sv-SE"}]}},"_links":{"self":[{"href":"https:\/\/calla.fi\/sv\/wp-json\/wp\/v2\/product\/1655","targetHints":{"allow":["GET"]}}],"collection":[{"href":"https:\/\/calla.fi\/sv\/wp-json\/wp\/v2\/product"}],"about":[{"href":"https:\/\/calla.fi\/sv\/wp-json\/wp\/v2\/types\/product"}],"wp:featuredmedia":[{"embeddable":true,"href":"https:\/\/calla.fi\/sv\/wp-json\/wp\/v2\/media\/2502"}],"wp:attachment":[{"href":"https:\/\/calla.fi\/sv\/wp-json\/wp\/v2\/media?parent=1655"}],"wp:term":[{"taxonomy":"product_brand","embeddable":true,"href":"https:\/\/calla.fi\/sv\/wp-json\/wp\/v2\/product_brand?post=1655"},{"taxonomy":"product_cat","embeddable":true,"href":"https:\/\/calla.fi\/sv\/wp-json\/wp\/v2\/product_cat?post=1655"},{"taxonomy":"product_tag","embeddable":true,"href":"https:\/\/calla.fi\/sv\/wp-json\/wp\/v2\/product_tag?post=1655"}],"curies":[{"name":"wp","href":"https:\/\/api.w.org\/{rel}","templated":true}]}}