{"id":1723,"date":"2024-04-27T21:18:29","date_gmt":"2024-04-27T18:18:29","guid":{"rendered":"https:\/\/calla.fi\/?post_type=product&#038;p=1723"},"modified":"2026-04-04T13:32:52","modified_gmt":"2026-04-04T10:32:52","slug":"is-clinical-reparative-moisture-emulsion-50-g","status":"publish","type":"product","link":"https:\/\/calla.fi\/sv\/tuote\/is-clinical-reparative-moisture-emulsion-50-g\/","title":{"rendered":"iS Clinical \u2013  Reparative Moisture Emulsion, 50 g"},"content":{"rendered":"<h3>Mik\u00e4\u00a0tekee tuotteesta tehokkaan?<\/h3>\n<p><strong>Extremozymes-entsyymit 13%<\/strong><br \/>\niS Clinicalin oma entsyymiseos, jonka on todettu kliinisesti auttavan suojaamaan ihoa ymp\u00e4rist\u00f6n haittavaikutuksilta vastaan. N\u00e4iden entsyymien erityinen etu on siin\u00e4, ett\u00e4 ne pystyv\u00e4t pysym\u00e4\u00e4n aktiivisena \u00e4\u00e4rimm\u00e4isiss\u00e4 olosuhteissa, kuten huvin kuivassa, kuumassa, kylm\u00e4ss\u00e4 tai muuten haasteellisess\u00e4 ymp\u00e4rist\u00f6ss\u00e4.<\/p>\n<p><strong>Hyaluronihappo 5%<\/strong><br \/>\nKosteuttaa ja t\u00e4ytel\u00e4ist\u00e4\u00e4 ihoa uskomattomalla teholla. Antaa eritt\u00e4in t\u00e4ytel\u00e4ist\u00e4v\u00e4n tunteen iholle sek\u00e4 poistaa v\u00e4litt\u00f6m\u00e4sti kuivuudesta johtuvia ryppyj\u00e4 ja juonteita.<\/p>\n<div class=\"elementor-element elementor-element-5f67ed64 elementor-widget elementor-widget-text-editor\" data-id=\"5f67ed64\" data-element_type=\"widget\" data-widget_type=\"text-editor.default\">\n<div class=\"elementor-widget-container\">\n<div class=\"elementor-text-editor elementor-clearfix\">\n<p>Ilmansaasteisiin liittyv\u00e4t vapaiden radikaalien aiheuttamat vauriot<\/p>\n<\/div>\n<\/div>\n<\/div>\n<div class=\"elementor-element elementor-element-7b8ee6d4 elementor-widget elementor-widget-image\" data-id=\"7b8ee6d4\" data-element_type=\"widget\" data-widget_type=\"image.default\">\n<div class=\"elementor-widget-container\">\n<div class=\"elementor-image\"><img loading=\"lazy\" decoding=\"async\" class=\"attachment-medium size-medium\" src=\"https:\/\/i0.wp.com\/isclinical.fi\/wp-content\/uploads\/2023\/02\/rma.webp?fit=300%2C200&amp;ssl=1\" alt=\"\" width=\"300\" height=\"200\" data-attachment-id=\"4966\" data-permalink=\"https:\/\/isclinical.fi\/is-clinical-reparative-moisture-emulsion-voide\/rma\/\" data-orig-file=\"https:\/\/i0.wp.com\/isclinical.fi\/wp-content\/uploads\/2023\/02\/rma.webp?fit=432%2C288&amp;ssl=1\" data-orig-size=\"432,288\" data-comments-opened=\"0\" data-image-meta=\"{&quot;aperture&quot;:&quot;0&quot;,&quot;credit&quot;:&quot;&quot;,&quot;camera&quot;:&quot;&quot;,&quot;caption&quot;:&quot;&quot;,&quot;created_timestamp&quot;:&quot;0&quot;,&quot;copyright&quot;:&quot;&quot;,&quot;focal_length&quot;:&quot;0&quot;,&quot;iso&quot;:&quot;0&quot;,&quot;shutter_speed&quot;:&quot;0&quot;,&quot;title&quot;:&quot;&quot;,&quot;orientation&quot;:&quot;0&quot;}\" data-image-title=\"rma\" data-image-description=\"\" data-image-caption=\"\" data-medium-file=\"https:\/\/i0.wp.com\/isclinical.fi\/wp-content\/uploads\/2023\/02\/rma.webp?fit=300%2C200&amp;ssl=1\" data-large-file=\"https:\/\/i0.wp.com\/isclinical.fi\/wp-content\/uploads\/2023\/02\/rma.webp?fit=288%2C288&amp;ssl=1\" \/><\/div>\n<\/div>\n<\/div>\n<div class=\"elementor-element elementor-element-94ca040 elementor-widget elementor-widget-text-editor\" data-id=\"94ca040\" data-element_type=\"widget\" data-widget_type=\"text-editor.default\">\n<div class=\"elementor-widget-container\">\n<div class=\"elementor-text-editor elementor-clearfix\">\n<p>8-isoprostaanitasoja mitattiin vapaiden radikaalien aiheuttamien vaurioiden tutkimiseksi. Ne lis\u00e4\u00e4ntyv\u00e4t ilmansaasteiden, erityisesti hyvin aggressiivisten ilmansaastehiukkasten l\u00e4sn\u00e4ollessa. Ilmansaasteet, (kuten DPM 2.5) vaurioittaa ihoa, kiihdytt\u00e4\u00e4 ihon ik\u00e4\u00e4ntymist\u00e4, lis\u00e4\u00e4 iho-oireiden esiintyvytt\u00e4 ja vakavuutta sek\u00e4 lis\u00e4\u00e4 mahdollisuutta muiden systeemisten sairauksien esiintymiseen. Reparative Moisture Emulsion -voiteen lis\u00e4\u00e4minen ennen ilmansaasteille altistumista esti suurimman osan ilmansaasteisiin liittymist\u00e4 vapaiden radikaalien aiheuttamista vaurioista.<\/p>\n<p><strong>Glykosaminoglykaanit 2.3%\u00a0<\/strong><br \/>\nPit\u00e4\u00e4 kollageenis\u00e4ikeet ehj\u00e4n\u00e4 ja hyvinvoivana, iho s\u00e4ilyy kiinte\u00e4n\u00e4 ja joustavana.<\/p>\n<p><strong>Superoksidismutaasi 0.5%<br \/>\n<\/strong>Runsaasti antioksidantteja sis\u00e4lt\u00e4v\u00e4 entsyymi, joka auttaa suojaamaan valovaurioiden silminn\u00e4ht\u00e4vilt\u00e4 vaikutuksilta tukien samalla ihon terveytt\u00e4. Kehitetty imeytym\u00e4\u00e4n ihoon ainutlaatuisella tavalla. Poikkeuksellisen voimakas ihoa korjaava ainesosa, joka s\u00e4ilyy erityisen pitk\u00e4\u00e4n ihossa aktiivisena.<\/p>\n<p><strong>Tripeptidi-1 (kupari tripeptidi-1) bioidenttinen kasvutekij\u00e4<\/strong><br \/>\nIhon vaurioituessa ihossa alkaa vapautumaan kuparitripeptidej\u00e4, joka nopeuttaa ja auttaa ihon paranemista ja palautumista.<br \/>\nKliinisesti todettu bioidenttinen kasvutekij\u00e4 ihonhoidossa h\u00e4ivytt\u00e4\u00e4 ennenaikaisen ik\u00e4\u00e4ntymisen merkkej\u00e4 ja silottamaan silminn\u00e4hden ryppyj\u00e4 ajan my\u00f6t\u00e4. Aktivoi eritt\u00e4in tehokkaasti kollageenin muodostumista sek\u00e4 nopeuttaa ihon korjaantumista.<\/p>\n<\/div>\n<\/div>\n<\/div>\n<p><strong>Elle.com:<\/strong><br \/>\n\u201cLoistava pit\u00e4m\u00e4\u00e4n ihon kosteutettuna ilman, ett\u00e4 iholle syntyisi ep\u00e4puhtauksia.\u201d<\/p>\n<h3>Sopisiko sinulle?<\/h3>\n<p>Sopii kaikille ihotyypeille. Ideaali vahingoittuneelle ja ik\u00e4\u00e4ntyv\u00e4lle iholle, sek\u00e4 harmaalle ja v\u00e4syneelle iholle<\/p>\n<h3>Miten k\u00e4yt\u00e4t?<\/h3>\n<p>Levit\u00e4 tasaisesti pieni m\u00e4\u00e4r\u00e4 puhtaalle kasvojen ja kaulan iholle. K\u00e4yt\u00e4 p\u00e4iv\u00e4ll\u00e4 lis\u00e4ksi UV-suojaa.<\/p>\n<h3>Koostumus<\/h3>\n<p>Valkoinen, emulsio voide<\/p>\n<blockquote><p><strong>Sirpan vinkki<\/strong><\/p>\n<p>T\u00e4m\u00e4 oli ensimm\u00e4inen testaamani kosteus voide iS Clinicalilta ja ekalla k\u00e4yt\u00f6ll\u00e4 mieleeni pompsahti heti v\u00e4hint\u00e4\u00e4n kymmenkunta asiakasta, kenelle t\u00e4m\u00e4 olisi t\u00e4ydellinen! T\u00e4m\u00e4 voide on kehitetty yhdess\u00e4 meikkitaiteilijoiden kanssa, ja siksi toimii \u00e4lytt\u00f6m\u00e4n hyvin meikin alla. Eritt\u00e4in kevyt ja ohut koostumus sopii kaikille, mutta erityisen hyvin heille ketk\u00e4 toivovat voiteelta sit\u00e4, ett\u00e4 se ei tunnu kasvoilla. Erinomainen rasvoittuvalle iholle. Niin ja tietysti huippu toiminnot teknologiassa. Omasta k\u00e4yt\u00f6st\u00e4ni l\u00f6ytyy my\u00f6s.<\/p><\/blockquote>\n","protected":false},"excerpt":{"rendered":"<p>Meid\u00e4n myydyin iS Clinical voide!<\/p>\n<p>Intensiivinen, voimakkaasti antioksidanttinen emulsio uudistaa ja voimakkaasti kosteuttaa ihoa farmaseuttisen tason kasvipohjaisilla ainesosilla ja peptideill\u00e4. S\u00e4ilytt\u00e4\u00e4 ihon terveen\u00e4, tasaisena ja suojattuna. Kaikille iho tyypeille, mutta rasvoittuvalle erityisen hyv\u00e4, koska ei tuki huokosia.<\/p>\n<p>Uudistaa:<br \/>\nExtremozyme-teknologia auttaa suojaamaan ymp\u00e4rist\u00f6n haittavaikutuksia vastaan<br \/>\nKosteuttaa:<br \/>\nSis\u00e4lt\u00e4\u00e4 runsaasti hyaluronihappoa<br \/>\nTasoittaa<br \/>\nSis\u00e4lt\u00e4\u00e4 turvallisia kasvutekij\u00f6it\u00e4, jotka auttavat ihoa n\u00e4ytt\u00e4m\u00e4\u00e4n kiinte\u00e4mm\u00e4lt\u00e4.<\/p>\n","protected":false},"featured_media":1695,"template":"","meta":{"_et_pb_use_builder":"","_et_pb_old_content":"","_et_gb_content_width":""},"product_brand":[],"product_cat":[53,74,77,61],"product_tag":[],"class_list":{"0":"post-1723","1":"product","2":"type-product","3":"status-publish","4":"has-post-thumbnail","6":"product_cat-ihonhoito","7":"product_cat-is-clinical","8":"product_cat-is-clinical-voiteet","9":"product_cat-voiteet","10":"product_shipping_class-postitus","12":"first","13":"instock","14":"taxable","15":"shipping-taxable","16":"purchasable","17":"product-type-simple"},"yoast_head":"<!-- This site is optimized with the Yoast SEO plugin v27.4 - https:\/\/yoast.com\/product\/yoast-seo-wordpress\/ -->\n<title>iS Clinical \u2013 Reparative Moisture Emulsion, 50 g - Kauneushoitola Calla<\/title>\n<meta name=\"robots\" content=\"index, follow, max-snippet:-1, max-image-preview:large, max-video-preview:-1\" \/>\n<link rel=\"canonical\" href=\"https:\/\/calla.fi\/tuote\/is-clinical-reparative-moisture-emulsion-50-g\/\" \/>\n<meta property=\"og:locale\" content=\"sv_SE\" \/>\n<meta property=\"og:type\" content=\"article\" \/>\n<meta property=\"og:title\" content=\"iS Clinical \u2013 Reparative Moisture Emulsion, 50 g - Kauneushoitola Calla\" \/>\n<meta property=\"og:description\" content=\"Meid\u00e4n myydyin iS Clinical voide!  Intensiivinen, voimakkaasti antioksidanttinen emulsio uudistaa ja voimakkaasti kosteuttaa ihoa farmaseuttisen tason kasvipohjaisilla ainesosilla ja peptideill\u00e4. S\u00e4ilytt\u00e4\u00e4 ihon terveen\u00e4, tasaisena ja suojattuna. Kaikille iho tyypeille, mutta rasvoittuvalle erityisen hyv\u00e4, koska ei tuki huokosia.  Uudistaa: Extremozyme-teknologia auttaa suojaamaan ymp\u00e4rist\u00f6n haittavaikutuksia vastaan Kosteuttaa: Sis\u00e4lt\u00e4\u00e4 runsaasti hyaluronihappoa Tasoittaa Sis\u00e4lt\u00e4\u00e4 turvallisia kasvutekij\u00f6it\u00e4, jotka auttavat ihoa n\u00e4ytt\u00e4m\u00e4\u00e4n kiinte\u00e4mm\u00e4lt\u00e4.\" \/>\n<meta property=\"og:url\" content=\"https:\/\/calla.fi\/tuote\/is-clinical-reparative-moisture-emulsion-50-g\/\" \/>\n<meta property=\"og:site_name\" content=\"Kauneushoitola Calla\" \/>\n<meta property=\"article:modified_time\" content=\"2026-04-04T10:32:52+00:00\" \/>\n<meta property=\"og:image\" content=\"https:\/\/calla.fi\/wp-content\/uploads\/2024\/04\/rme.jpg\" \/>\n\t<meta property=\"og:image:width\" content=\"400\" \/>\n\t<meta property=\"og:image:height\" content=\"500\" \/>\n\t<meta property=\"og:image:type\" content=\"image\/jpeg\" \/>\n<meta name=\"twitter:card\" content=\"summary_large_image\" \/>\n<meta name=\"twitter:label1\" content=\"Ber\u00e4knad l\u00e4stid\" \/>\n\t<meta name=\"twitter:data1\" content=\"2 minuter\" \/>\n<script type=\"application\/ld+json\" class=\"yoast-schema-graph\">{\"@context\":\"https:\\\/\\\/schema.org\",\"@graph\":[{\"@type\":\"WebPage\",\"@id\":\"https:\\\/\\\/calla.fi\\\/tuote\\\/is-clinical-reparative-moisture-emulsion-50-g\\\/\",\"url\":\"https:\\\/\\\/calla.fi\\\/tuote\\\/is-clinical-reparative-moisture-emulsion-50-g\\\/\",\"name\":\"iS Clinical \u2013 Reparative Moisture Emulsion, 50 g - Kauneushoitola Calla\",\"isPartOf\":{\"@id\":\"https:\\\/\\\/calla.fi\\\/#website\"},\"primaryImageOfPage\":{\"@id\":\"https:\\\/\\\/calla.fi\\\/tuote\\\/is-clinical-reparative-moisture-emulsion-50-g\\\/#primaryimage\"},\"image\":{\"@id\":\"https:\\\/\\\/calla.fi\\\/tuote\\\/is-clinical-reparative-moisture-emulsion-50-g\\\/#primaryimage\"},\"thumbnailUrl\":\"https:\\\/\\\/calla.fi\\\/wp-content\\\/uploads\\\/2024\\\/04\\\/rme.jpg\",\"datePublished\":\"2024-04-27T18:18:29+00:00\",\"dateModified\":\"2026-04-04T10:32:52+00:00\",\"breadcrumb\":{\"@id\":\"https:\\\/\\\/calla.fi\\\/tuote\\\/is-clinical-reparative-moisture-emulsion-50-g\\\/#breadcrumb\"},\"inLanguage\":\"sv-SE\",\"potentialAction\":[{\"@type\":\"ReadAction\",\"target\":[\"https:\\\/\\\/calla.fi\\\/tuote\\\/is-clinical-reparative-moisture-emulsion-50-g\\\/\"]}]},{\"@type\":\"ImageObject\",\"inLanguage\":\"sv-SE\",\"@id\":\"https:\\\/\\\/calla.fi\\\/tuote\\\/is-clinical-reparative-moisture-emulsion-50-g\\\/#primaryimage\",\"url\":\"https:\\\/\\\/calla.fi\\\/wp-content\\\/uploads\\\/2024\\\/04\\\/rme.jpg\",\"contentUrl\":\"https:\\\/\\\/calla.fi\\\/wp-content\\\/uploads\\\/2024\\\/04\\\/rme.jpg\",\"width\":400,\"height\":500},{\"@type\":\"BreadcrumbList\",\"@id\":\"https:\\\/\\\/calla.fi\\\/tuote\\\/is-clinical-reparative-moisture-emulsion-50-g\\\/#breadcrumb\",\"itemListElement\":[{\"@type\":\"ListItem\",\"position\":1,\"name\":\"Etusivu\",\"item\":\"https:\\\/\\\/calla.fi\\\/\"},{\"@type\":\"ListItem\",\"position\":2,\"name\":\"Kauppa\",\"item\":\"https:\\\/\\\/calla.fi\\\/kauppa\\\/\"},{\"@type\":\"ListItem\",\"position\":3,\"name\":\"iS Clinical \u2013 Reparative Moisture Emulsion, 50 g\"}]},{\"@type\":\"WebSite\",\"@id\":\"https:\\\/\\\/calla.fi\\\/#website\",\"url\":\"https:\\\/\\\/calla.fi\\\/\",\"name\":\"Kauneushoitola Calla\",\"description\":\"Ihonhoitoa ja hemmottelua Pietarsaaressa\",\"potentialAction\":[{\"@type\":\"SearchAction\",\"target\":{\"@type\":\"EntryPoint\",\"urlTemplate\":\"https:\\\/\\\/calla.fi\\\/?s={search_term_string}\"},\"query-input\":{\"@type\":\"PropertyValueSpecification\",\"valueRequired\":true,\"valueName\":\"search_term_string\"}}],\"inLanguage\":\"sv-SE\"}]}<\/script>\n<!-- \/ Yoast SEO plugin. -->","yoast_head_json":{"title":"iS Clinical \u2013 Reparative Moisture Emulsion, 50 g - Kauneushoitola Calla","robots":{"index":"index","follow":"follow","max-snippet":"max-snippet:-1","max-image-preview":"max-image-preview:large","max-video-preview":"max-video-preview:-1"},"canonical":"https:\/\/calla.fi\/tuote\/is-clinical-reparative-moisture-emulsion-50-g\/","og_locale":"sv_SE","og_type":"article","og_title":"iS Clinical \u2013 Reparative Moisture Emulsion, 50 g - Kauneushoitola Calla","og_description":"Meid\u00e4n myydyin iS Clinical voide!  Intensiivinen, voimakkaasti antioksidanttinen emulsio uudistaa ja voimakkaasti kosteuttaa ihoa farmaseuttisen tason kasvipohjaisilla ainesosilla ja peptideill\u00e4. S\u00e4ilytt\u00e4\u00e4 ihon terveen\u00e4, tasaisena ja suojattuna. Kaikille iho tyypeille, mutta rasvoittuvalle erityisen hyv\u00e4, koska ei tuki huokosia.  Uudistaa: Extremozyme-teknologia auttaa suojaamaan ymp\u00e4rist\u00f6n haittavaikutuksia vastaan Kosteuttaa: Sis\u00e4lt\u00e4\u00e4 runsaasti hyaluronihappoa Tasoittaa Sis\u00e4lt\u00e4\u00e4 turvallisia kasvutekij\u00f6it\u00e4, jotka auttavat ihoa n\u00e4ytt\u00e4m\u00e4\u00e4n kiinte\u00e4mm\u00e4lt\u00e4.","og_url":"https:\/\/calla.fi\/tuote\/is-clinical-reparative-moisture-emulsion-50-g\/","og_site_name":"Kauneushoitola Calla","article_modified_time":"2026-04-04T10:32:52+00:00","og_image":[{"width":400,"height":500,"url":"https:\/\/calla.fi\/wp-content\/uploads\/2024\/04\/rme.jpg","type":"image\/jpeg"}],"twitter_card":"summary_large_image","twitter_misc":{"Ber\u00e4knad l\u00e4stid":"2 minuter"},"schema":{"@context":"https:\/\/schema.org","@graph":[{"@type":"WebPage","@id":"https:\/\/calla.fi\/tuote\/is-clinical-reparative-moisture-emulsion-50-g\/","url":"https:\/\/calla.fi\/tuote\/is-clinical-reparative-moisture-emulsion-50-g\/","name":"iS Clinical \u2013 Reparative Moisture Emulsion, 50 g - Kauneushoitola Calla","isPartOf":{"@id":"https:\/\/calla.fi\/#website"},"primaryImageOfPage":{"@id":"https:\/\/calla.fi\/tuote\/is-clinical-reparative-moisture-emulsion-50-g\/#primaryimage"},"image":{"@id":"https:\/\/calla.fi\/tuote\/is-clinical-reparative-moisture-emulsion-50-g\/#primaryimage"},"thumbnailUrl":"https:\/\/calla.fi\/wp-content\/uploads\/2024\/04\/rme.jpg","datePublished":"2024-04-27T18:18:29+00:00","dateModified":"2026-04-04T10:32:52+00:00","breadcrumb":{"@id":"https:\/\/calla.fi\/tuote\/is-clinical-reparative-moisture-emulsion-50-g\/#breadcrumb"},"inLanguage":"sv-SE","potentialAction":[{"@type":"ReadAction","target":["https:\/\/calla.fi\/tuote\/is-clinical-reparative-moisture-emulsion-50-g\/"]}]},{"@type":"ImageObject","inLanguage":"sv-SE","@id":"https:\/\/calla.fi\/tuote\/is-clinical-reparative-moisture-emulsion-50-g\/#primaryimage","url":"https:\/\/calla.fi\/wp-content\/uploads\/2024\/04\/rme.jpg","contentUrl":"https:\/\/calla.fi\/wp-content\/uploads\/2024\/04\/rme.jpg","width":400,"height":500},{"@type":"BreadcrumbList","@id":"https:\/\/calla.fi\/tuote\/is-clinical-reparative-moisture-emulsion-50-g\/#breadcrumb","itemListElement":[{"@type":"ListItem","position":1,"name":"Etusivu","item":"https:\/\/calla.fi\/"},{"@type":"ListItem","position":2,"name":"Kauppa","item":"https:\/\/calla.fi\/kauppa\/"},{"@type":"ListItem","position":3,"name":"iS Clinical \u2013 Reparative Moisture Emulsion, 50 g"}]},{"@type":"WebSite","@id":"https:\/\/calla.fi\/#website","url":"https:\/\/calla.fi\/","name":"Kauneushoitola Calla","description":"Ihonhoitoa ja hemmottelua Pietarsaaressa","potentialAction":[{"@type":"SearchAction","target":{"@type":"EntryPoint","urlTemplate":"https:\/\/calla.fi\/?s={search_term_string}"},"query-input":{"@type":"PropertyValueSpecification","valueRequired":true,"valueName":"search_term_string"}}],"inLanguage":"sv-SE"}]}},"_links":{"self":[{"href":"https:\/\/calla.fi\/sv\/wp-json\/wp\/v2\/product\/1723","targetHints":{"allow":["GET"]}}],"collection":[{"href":"https:\/\/calla.fi\/sv\/wp-json\/wp\/v2\/product"}],"about":[{"href":"https:\/\/calla.fi\/sv\/wp-json\/wp\/v2\/types\/product"}],"wp:featuredmedia":[{"embeddable":true,"href":"https:\/\/calla.fi\/sv\/wp-json\/wp\/v2\/media\/1695"}],"wp:attachment":[{"href":"https:\/\/calla.fi\/sv\/wp-json\/wp\/v2\/media?parent=1723"}],"wp:term":[{"taxonomy":"product_brand","embeddable":true,"href":"https:\/\/calla.fi\/sv\/wp-json\/wp\/v2\/product_brand?post=1723"},{"taxonomy":"product_cat","embeddable":true,"href":"https:\/\/calla.fi\/sv\/wp-json\/wp\/v2\/product_cat?post=1723"},{"taxonomy":"product_tag","embeddable":true,"href":"https:\/\/calla.fi\/sv\/wp-json\/wp\/v2\/product_tag?post=1723"}],"curies":[{"name":"wp","href":"https:\/\/api.w.org\/{rel}","templated":true}]}}