{"id":1828,"date":"2024-08-10T13:14:18","date_gmt":"2024-08-10T10:14:18","guid":{"rendered":"https:\/\/calla.fi\/?post_type=product&#038;p=1828"},"modified":"2026-01-02T15:35:34","modified_gmt":"2026-01-02T13:35:34","slug":"makea-kuorintakinnas-kupari","status":"publish","type":"product","link":"https:\/\/calla.fi\/sv\/tuote\/makea-kuorintakinnas-kupari\/","title":{"rendered":"Makea Kuorintakinnas + kupari"},"content":{"rendered":"<p>Suosittelemme ihon kuorintaa aina ennen sokerointia ja itseruskettavan k\u00e4ytt\u00f6\u00e4.<\/p>\n<p><strong>Miksi iho kannattaa kuoria?<\/strong><\/p>\n<p>Sokerointi tekee karvan kasvusta heikompaa, jolloin hennot ihokarvat eiv\u00e4t p\u00e4\u00e4se kasvamaan l\u00e4pi kuolleen ihosolukon. Ihon s\u00e4\u00e4nn\u00f6llisell\u00e4 kuorimisella poistat kuolleen ihosolukon ja ehk\u00e4iset sis\u00e4\u00e4np\u00e4in kasvavien karvojen syntymist\u00e4.<\/p>\n<p>Itseruskettavat tuotteet: suosittelemme kuorintakintaan k\u00e4ytt\u00f6\u00e4 my\u00f6s ehdottomasti ennen itseruskettavien tuotteiden k\u00e4ytt\u00f6\u00e4. Ihon kuorinnan j\u00e4lkeen ihosi on kauttaaltaan tasalaatuinen, jolloin my\u00f6s itseruskettavat tuotteet imeytyv\u00e4t tasaisesti ja p\u00e4ivetys n\u00e4ytt\u00e4\u00e4 kauniilta.<\/p>\n<p>Muistathan kuoria ihoa s\u00e4\u00e4nn\u00f6llisesti my\u00f6s itseruskettavien tuotteiden k\u00e4yt\u00f6n ja sokerointikertojen v\u00e4liss\u00e4!<br \/>\nKuorintakintaan avulla saat silkinsile\u00e4n ihon. Kuorintakinnasta voit k\u00e4ytt\u00e4\u00e4 suihkussa tai saunassa, pesunesteen kanssa tai ilman.<\/p>\n<p>Materiaali: pellava 59 %, puuvilla 25 %, kupari 15 %, elastaani 1 %<br \/>\nPesuohje: Pyykinpesukoneessa 50 asteessa. V\u00e4lt\u00e4 pesemist\u00e4 vetoketjullisten vaatteiden kanssa, suosittelemme t\u00e4ll\u00f6in pesupussin k\u00e4ytt\u00f6\u00e4.<br \/>\nValmistusmaa: Italia<\/p>\n","protected":false},"excerpt":{"rendered":"<div class=\"woocommerce-product-details__short-description\">\n<p>MAKEA kuorintakinnas sis\u00e4lt\u00e4\u00e4 15 % kuparilankaa. Kuparin antibakteeriset ominaisuudet tekev\u00e4t kintaasta hygieenisemm\u00e4n. Kupari antaa kuorintakintaalle pitk\u00e4n k\u00e4ytt\u00f6i\u00e4n ja sen voi pest\u00e4 koneessa 50 asteessa.<\/p>\n<\/div>\n<div class=\"bm-bar-holder\">\n<div class=\"bm-bar-main\"><\/div>\n<\/div>\n","protected":false},"featured_media":1829,"template":"","meta":{"_et_pb_use_builder":"","_et_pb_old_content":"","_et_gb_content_width":""},"product_brand":[],"product_cat":[28,85],"product_tag":[],"class_list":{"0":"post-1828","1":"product","2":"type-product","3":"status-publish","4":"has-post-thumbnail","6":"product_cat-makea-kotisokerointi","7":"product_cat-summer-mood-itseruskettavat","8":"product_shipping_class-postitus","10":"first","11":"instock","12":"taxable","13":"shipping-taxable","14":"purchasable","15":"product-type-simple"},"yoast_head":"<!-- This site is optimized with the Yoast SEO plugin v27.4 - https:\/\/yoast.com\/product\/yoast-seo-wordpress\/ -->\n<title>Makea Kuorintakinnas + kupari - Kauneushoitola Calla<\/title>\n<meta name=\"robots\" content=\"index, follow, max-snippet:-1, max-image-preview:large, max-video-preview:-1\" \/>\n<link rel=\"canonical\" href=\"https:\/\/calla.fi\/tuote\/makea-kuorintakinnas-kupari\/\" \/>\n<meta property=\"og:locale\" content=\"sv_SE\" \/>\n<meta property=\"og:type\" content=\"article\" \/>\n<meta property=\"og:title\" content=\"Makea Kuorintakinnas + kupari - Kauneushoitola Calla\" \/>\n<meta property=\"og:description\" content=\"MAKEA kuorintakinnas sis\u00e4lt\u00e4\u00e4 15 % kuparilankaa. Kuparin antibakteeriset ominaisuudet tekev\u00e4t kintaasta hygieenisemm\u00e4n. Kupari antaa kuorintakintaalle pitk\u00e4n k\u00e4ytt\u00f6i\u00e4n ja sen voi pest\u00e4 koneessa 50 asteessa.\" \/>\n<meta property=\"og:url\" content=\"https:\/\/calla.fi\/tuote\/makea-kuorintakinnas-kupari\/\" \/>\n<meta property=\"og:site_name\" content=\"Kauneushoitola Calla\" \/>\n<meta property=\"article:modified_time\" content=\"2026-01-02T13:35:34+00:00\" \/>\n<meta property=\"og:image\" content=\"https:\/\/calla.fi\/wp-content\/uploads\/2024\/08\/052024-kuorintakinnas-kupari-nettituote.jpg\" \/>\n\t<meta property=\"og:image:width\" content=\"1000\" \/>\n\t<meta property=\"og:image:height\" content=\"1280\" \/>\n\t<meta property=\"og:image:type\" content=\"image\/jpeg\" \/>\n<meta name=\"twitter:card\" content=\"summary_large_image\" \/>\n<meta name=\"twitter:label1\" content=\"Ber\u00e4knad l\u00e4stid\" \/>\n\t<meta name=\"twitter:data1\" content=\"1 minut\" \/>\n<script type=\"application\/ld+json\" class=\"yoast-schema-graph\">{\"@context\":\"https:\\\/\\\/schema.org\",\"@graph\":[{\"@type\":\"WebPage\",\"@id\":\"https:\\\/\\\/calla.fi\\\/tuote\\\/makea-kuorintakinnas-kupari\\\/\",\"url\":\"https:\\\/\\\/calla.fi\\\/tuote\\\/makea-kuorintakinnas-kupari\\\/\",\"name\":\"Makea Kuorintakinnas + kupari - Kauneushoitola Calla\",\"isPartOf\":{\"@id\":\"https:\\\/\\\/calla.fi\\\/#website\"},\"primaryImageOfPage\":{\"@id\":\"https:\\\/\\\/calla.fi\\\/tuote\\\/makea-kuorintakinnas-kupari\\\/#primaryimage\"},\"image\":{\"@id\":\"https:\\\/\\\/calla.fi\\\/tuote\\\/makea-kuorintakinnas-kupari\\\/#primaryimage\"},\"thumbnailUrl\":\"https:\\\/\\\/calla.fi\\\/wp-content\\\/uploads\\\/2024\\\/08\\\/052024-kuorintakinnas-kupari-nettituote.jpg\",\"datePublished\":\"2024-08-10T10:14:18+00:00\",\"dateModified\":\"2026-01-02T13:35:34+00:00\",\"breadcrumb\":{\"@id\":\"https:\\\/\\\/calla.fi\\\/tuote\\\/makea-kuorintakinnas-kupari\\\/#breadcrumb\"},\"inLanguage\":\"sv-SE\",\"potentialAction\":[{\"@type\":\"ReadAction\",\"target\":[\"https:\\\/\\\/calla.fi\\\/tuote\\\/makea-kuorintakinnas-kupari\\\/\"]}]},{\"@type\":\"ImageObject\",\"inLanguage\":\"sv-SE\",\"@id\":\"https:\\\/\\\/calla.fi\\\/tuote\\\/makea-kuorintakinnas-kupari\\\/#primaryimage\",\"url\":\"https:\\\/\\\/calla.fi\\\/wp-content\\\/uploads\\\/2024\\\/08\\\/052024-kuorintakinnas-kupari-nettituote.jpg\",\"contentUrl\":\"https:\\\/\\\/calla.fi\\\/wp-content\\\/uploads\\\/2024\\\/08\\\/052024-kuorintakinnas-kupari-nettituote.jpg\",\"width\":1000,\"height\":1280},{\"@type\":\"BreadcrumbList\",\"@id\":\"https:\\\/\\\/calla.fi\\\/tuote\\\/makea-kuorintakinnas-kupari\\\/#breadcrumb\",\"itemListElement\":[{\"@type\":\"ListItem\",\"position\":1,\"name\":\"Etusivu\",\"item\":\"https:\\\/\\\/calla.fi\\\/\"},{\"@type\":\"ListItem\",\"position\":2,\"name\":\"Kauppa\",\"item\":\"https:\\\/\\\/calla.fi\\\/kauppa\\\/\"},{\"@type\":\"ListItem\",\"position\":3,\"name\":\"Makea Kuorintakinnas + kupari\"}]},{\"@type\":\"WebSite\",\"@id\":\"https:\\\/\\\/calla.fi\\\/#website\",\"url\":\"https:\\\/\\\/calla.fi\\\/\",\"name\":\"Kauneushoitola Calla\",\"description\":\"Ihonhoitoa ja hemmottelua Pietarsaaressa\",\"potentialAction\":[{\"@type\":\"SearchAction\",\"target\":{\"@type\":\"EntryPoint\",\"urlTemplate\":\"https:\\\/\\\/calla.fi\\\/?s={search_term_string}\"},\"query-input\":{\"@type\":\"PropertyValueSpecification\",\"valueRequired\":true,\"valueName\":\"search_term_string\"}}],\"inLanguage\":\"sv-SE\"}]}<\/script>\n<!-- \/ Yoast SEO plugin. -->","yoast_head_json":{"title":"Makea Kuorintakinnas + kupari - Kauneushoitola Calla","robots":{"index":"index","follow":"follow","max-snippet":"max-snippet:-1","max-image-preview":"max-image-preview:large","max-video-preview":"max-video-preview:-1"},"canonical":"https:\/\/calla.fi\/tuote\/makea-kuorintakinnas-kupari\/","og_locale":"sv_SE","og_type":"article","og_title":"Makea Kuorintakinnas + kupari - Kauneushoitola Calla","og_description":"MAKEA kuorintakinnas sis\u00e4lt\u00e4\u00e4 15 % kuparilankaa. Kuparin antibakteeriset ominaisuudet tekev\u00e4t kintaasta hygieenisemm\u00e4n. Kupari antaa kuorintakintaalle pitk\u00e4n k\u00e4ytt\u00f6i\u00e4n ja sen voi pest\u00e4 koneessa 50 asteessa.","og_url":"https:\/\/calla.fi\/tuote\/makea-kuorintakinnas-kupari\/","og_site_name":"Kauneushoitola Calla","article_modified_time":"2026-01-02T13:35:34+00:00","og_image":[{"width":1000,"height":1280,"url":"https:\/\/calla.fi\/wp-content\/uploads\/2024\/08\/052024-kuorintakinnas-kupari-nettituote.jpg","type":"image\/jpeg"}],"twitter_card":"summary_large_image","twitter_misc":{"Ber\u00e4knad l\u00e4stid":"1 minut"},"schema":{"@context":"https:\/\/schema.org","@graph":[{"@type":"WebPage","@id":"https:\/\/calla.fi\/tuote\/makea-kuorintakinnas-kupari\/","url":"https:\/\/calla.fi\/tuote\/makea-kuorintakinnas-kupari\/","name":"Makea Kuorintakinnas + kupari - Kauneushoitola Calla","isPartOf":{"@id":"https:\/\/calla.fi\/#website"},"primaryImageOfPage":{"@id":"https:\/\/calla.fi\/tuote\/makea-kuorintakinnas-kupari\/#primaryimage"},"image":{"@id":"https:\/\/calla.fi\/tuote\/makea-kuorintakinnas-kupari\/#primaryimage"},"thumbnailUrl":"https:\/\/calla.fi\/wp-content\/uploads\/2024\/08\/052024-kuorintakinnas-kupari-nettituote.jpg","datePublished":"2024-08-10T10:14:18+00:00","dateModified":"2026-01-02T13:35:34+00:00","breadcrumb":{"@id":"https:\/\/calla.fi\/tuote\/makea-kuorintakinnas-kupari\/#breadcrumb"},"inLanguage":"sv-SE","potentialAction":[{"@type":"ReadAction","target":["https:\/\/calla.fi\/tuote\/makea-kuorintakinnas-kupari\/"]}]},{"@type":"ImageObject","inLanguage":"sv-SE","@id":"https:\/\/calla.fi\/tuote\/makea-kuorintakinnas-kupari\/#primaryimage","url":"https:\/\/calla.fi\/wp-content\/uploads\/2024\/08\/052024-kuorintakinnas-kupari-nettituote.jpg","contentUrl":"https:\/\/calla.fi\/wp-content\/uploads\/2024\/08\/052024-kuorintakinnas-kupari-nettituote.jpg","width":1000,"height":1280},{"@type":"BreadcrumbList","@id":"https:\/\/calla.fi\/tuote\/makea-kuorintakinnas-kupari\/#breadcrumb","itemListElement":[{"@type":"ListItem","position":1,"name":"Etusivu","item":"https:\/\/calla.fi\/"},{"@type":"ListItem","position":2,"name":"Kauppa","item":"https:\/\/calla.fi\/kauppa\/"},{"@type":"ListItem","position":3,"name":"Makea Kuorintakinnas + kupari"}]},{"@type":"WebSite","@id":"https:\/\/calla.fi\/#website","url":"https:\/\/calla.fi\/","name":"Kauneushoitola Calla","description":"Ihonhoitoa ja hemmottelua Pietarsaaressa","potentialAction":[{"@type":"SearchAction","target":{"@type":"EntryPoint","urlTemplate":"https:\/\/calla.fi\/?s={search_term_string}"},"query-input":{"@type":"PropertyValueSpecification","valueRequired":true,"valueName":"search_term_string"}}],"inLanguage":"sv-SE"}]}},"_links":{"self":[{"href":"https:\/\/calla.fi\/sv\/wp-json\/wp\/v2\/product\/1828","targetHints":{"allow":["GET"]}}],"collection":[{"href":"https:\/\/calla.fi\/sv\/wp-json\/wp\/v2\/product"}],"about":[{"href":"https:\/\/calla.fi\/sv\/wp-json\/wp\/v2\/types\/product"}],"wp:featuredmedia":[{"embeddable":true,"href":"https:\/\/calla.fi\/sv\/wp-json\/wp\/v2\/media\/1829"}],"wp:attachment":[{"href":"https:\/\/calla.fi\/sv\/wp-json\/wp\/v2\/media?parent=1828"}],"wp:term":[{"taxonomy":"product_brand","embeddable":true,"href":"https:\/\/calla.fi\/sv\/wp-json\/wp\/v2\/product_brand?post=1828"},{"taxonomy":"product_cat","embeddable":true,"href":"https:\/\/calla.fi\/sv\/wp-json\/wp\/v2\/product_cat?post=1828"},{"taxonomy":"product_tag","embeddable":true,"href":"https:\/\/calla.fi\/sv\/wp-json\/wp\/v2\/product_tag?post=1828"}],"curies":[{"name":"wp","href":"https:\/\/api.w.org\/{rel}","templated":true}]}}