{"id":2530,"date":"2025-01-25T18:00:40","date_gmt":"2025-01-25T16:00:40","guid":{"rendered":"https:\/\/calla.fi\/?post_type=product&#038;p=2530"},"modified":"2026-01-02T15:35:17","modified_gmt":"2026-01-02T13:35:17","slug":"makea-levityslasta-sokerointiin","status":"publish","type":"product","link":"https:\/\/calla.fi\/sv\/tuote\/makea-levityslasta-sokerointiin\/","title":{"rendered":"Makea Levityslasta 2.0 sokerointiin"},"content":{"rendered":"<p><strong>Ennen ensimm\u00e4ist\u00e4 sokerointikertaa<\/strong><\/p>\n<p>Vaikka levityslastalla sokerointi on helppoa, niin suosittelemme tutustumaan l\u00e4mmitetyn sokerointimassan koostumukseen paljaalla k\u00e4dell\u00e4 tai nitriilik\u00e4sineell\u00e4. K\u00e4ytt\u00f6valmis, l\u00e4mmitetty, sokerointimassa on todella notkeaa, joten massan k\u00e4ytt\u00e4ytyminen voi tulla ensikertalaiselle hieman yll\u00e4tyksen\u00e4. Kun huomaat miten sokerointimassa k\u00e4ytt\u00e4ytyy k\u00e4dell\u00e4 ja sormissa, on sokeroinnin aloittaminen lastalla todella helppoa!<br \/>\nSokerointilastan pituus: 18 cm<br \/>\nLasta on valmistettu muovista ja sen voi pest\u00e4 l\u00e4mpim\u00e4ll\u00e4 juoksevalla vedell\u00e4 tai astianpesukoneessa. Sokerointimassa on vesiliukoista.<\/p>\n","protected":false},"excerpt":{"rendered":"<p>Levityslastalla sokerointi onnistuu helposti ja vaivattomasti.<br \/>\nLevityslasta sokerointiin on hyv\u00e4 vaihtoehto silloin, kun k\u00e4si hikoilee sokeroidessa eiv\u00e4tk\u00e4\u00a0nitriilik\u00e4sineet\u00a0tunnu omalta vaihtoehdolta.<\/p>\n","protected":false},"featured_media":2514,"template":"","meta":{"_et_pb_use_builder":"","_et_pb_old_content":"","_et_gb_content_width":""},"product_brand":[],"product_cat":[28],"product_tag":[],"class_list":{"0":"post-2530","1":"product","2":"type-product","3":"status-publish","4":"has-post-thumbnail","6":"product_cat-makea-kotisokerointi","7":"product_shipping_class-postitus","9":"first","10":"instock","11":"taxable","12":"shipping-taxable","13":"purchasable","14":"product-type-simple"},"yoast_head":"<!-- This site is optimized with the Yoast SEO plugin v27.4 - https:\/\/yoast.com\/product\/yoast-seo-wordpress\/ -->\n<title>Makea Levityslasta 2.0 sokerointiin - Kauneushoitola Calla<\/title>\n<meta name=\"robots\" content=\"index, follow, max-snippet:-1, max-image-preview:large, max-video-preview:-1\" \/>\n<link rel=\"canonical\" href=\"https:\/\/calla.fi\/tuote\/makea-levityslasta-sokerointiin\/\" \/>\n<meta property=\"og:locale\" content=\"sv_SE\" \/>\n<meta property=\"og:type\" content=\"article\" \/>\n<meta property=\"og:title\" content=\"Makea Levityslasta 2.0 sokerointiin - Kauneushoitola Calla\" \/>\n<meta property=\"og:description\" content=\"Levityslastalla sokerointi onnistuu helposti ja vaivattomasti. Levityslasta sokerointiin on hyv\u00e4 vaihtoehto silloin, kun k\u00e4si hikoilee sokeroidessa eiv\u00e4tk\u00e4\u00a0nitriilik\u00e4sineet\u00a0tunnu omalta vaihtoehdolta.\" \/>\n<meta property=\"og:url\" content=\"https:\/\/calla.fi\/tuote\/makea-levityslasta-sokerointiin\/\" \/>\n<meta property=\"og:site_name\" content=\"Kauneushoitola Calla\" \/>\n<meta property=\"article:modified_time\" content=\"2026-01-02T13:35:17+00:00\" \/>\n<meta property=\"og:image\" content=\"https:\/\/calla.fi\/wp-content\/uploads\/2024\/04\/Nimeton-1080-x-1350-px-2.jpg\" \/>\n\t<meta property=\"og:image:width\" content=\"1080\" \/>\n\t<meta property=\"og:image:height\" content=\"1350\" \/>\n\t<meta property=\"og:image:type\" content=\"image\/jpeg\" \/>\n<meta name=\"twitter:card\" content=\"summary_large_image\" \/>\n<meta name=\"twitter:label1\" content=\"Ber\u00e4knad l\u00e4stid\" \/>\n\t<meta name=\"twitter:data1\" content=\"1 minut\" \/>\n<script type=\"application\/ld+json\" class=\"yoast-schema-graph\">{\"@context\":\"https:\\\/\\\/schema.org\",\"@graph\":[{\"@type\":\"WebPage\",\"@id\":\"https:\\\/\\\/calla.fi\\\/tuote\\\/makea-levityslasta-sokerointiin\\\/\",\"url\":\"https:\\\/\\\/calla.fi\\\/tuote\\\/makea-levityslasta-sokerointiin\\\/\",\"name\":\"Makea Levityslasta 2.0 sokerointiin - Kauneushoitola Calla\",\"isPartOf\":{\"@id\":\"https:\\\/\\\/calla.fi\\\/#website\"},\"primaryImageOfPage\":{\"@id\":\"https:\\\/\\\/calla.fi\\\/tuote\\\/makea-levityslasta-sokerointiin\\\/#primaryimage\"},\"image\":{\"@id\":\"https:\\\/\\\/calla.fi\\\/tuote\\\/makea-levityslasta-sokerointiin\\\/#primaryimage\"},\"thumbnailUrl\":\"https:\\\/\\\/calla.fi\\\/wp-content\\\/uploads\\\/2024\\\/04\\\/Nimeton-1080-x-1350-px-2.jpg\",\"datePublished\":\"2025-01-25T16:00:40+00:00\",\"dateModified\":\"2026-01-02T13:35:17+00:00\",\"breadcrumb\":{\"@id\":\"https:\\\/\\\/calla.fi\\\/tuote\\\/makea-levityslasta-sokerointiin\\\/#breadcrumb\"},\"inLanguage\":\"sv-SE\",\"potentialAction\":[{\"@type\":\"ReadAction\",\"target\":[\"https:\\\/\\\/calla.fi\\\/tuote\\\/makea-levityslasta-sokerointiin\\\/\"]}]},{\"@type\":\"ImageObject\",\"inLanguage\":\"sv-SE\",\"@id\":\"https:\\\/\\\/calla.fi\\\/tuote\\\/makea-levityslasta-sokerointiin\\\/#primaryimage\",\"url\":\"https:\\\/\\\/calla.fi\\\/wp-content\\\/uploads\\\/2024\\\/04\\\/Nimeton-1080-x-1350-px-2.jpg\",\"contentUrl\":\"https:\\\/\\\/calla.fi\\\/wp-content\\\/uploads\\\/2024\\\/04\\\/Nimeton-1080-x-1350-px-2.jpg\",\"width\":1080,\"height\":1350},{\"@type\":\"BreadcrumbList\",\"@id\":\"https:\\\/\\\/calla.fi\\\/tuote\\\/makea-levityslasta-sokerointiin\\\/#breadcrumb\",\"itemListElement\":[{\"@type\":\"ListItem\",\"position\":1,\"name\":\"Etusivu\",\"item\":\"https:\\\/\\\/calla.fi\\\/\"},{\"@type\":\"ListItem\",\"position\":2,\"name\":\"Kauppa\",\"item\":\"https:\\\/\\\/calla.fi\\\/kauppa\\\/\"},{\"@type\":\"ListItem\",\"position\":3,\"name\":\"Makea Levityslasta 2.0 sokerointiin\"}]},{\"@type\":\"WebSite\",\"@id\":\"https:\\\/\\\/calla.fi\\\/#website\",\"url\":\"https:\\\/\\\/calla.fi\\\/\",\"name\":\"Kauneushoitola Calla\",\"description\":\"Ihonhoitoa ja hemmottelua Pietarsaaressa\",\"potentialAction\":[{\"@type\":\"SearchAction\",\"target\":{\"@type\":\"EntryPoint\",\"urlTemplate\":\"https:\\\/\\\/calla.fi\\\/?s={search_term_string}\"},\"query-input\":{\"@type\":\"PropertyValueSpecification\",\"valueRequired\":true,\"valueName\":\"search_term_string\"}}],\"inLanguage\":\"sv-SE\"}]}<\/script>\n<!-- \/ Yoast SEO plugin. -->","yoast_head_json":{"title":"Makea Levityslasta 2.0 sokerointiin - Kauneushoitola Calla","robots":{"index":"index","follow":"follow","max-snippet":"max-snippet:-1","max-image-preview":"max-image-preview:large","max-video-preview":"max-video-preview:-1"},"canonical":"https:\/\/calla.fi\/tuote\/makea-levityslasta-sokerointiin\/","og_locale":"sv_SE","og_type":"article","og_title":"Makea Levityslasta 2.0 sokerointiin - Kauneushoitola Calla","og_description":"Levityslastalla sokerointi onnistuu helposti ja vaivattomasti. Levityslasta sokerointiin on hyv\u00e4 vaihtoehto silloin, kun k\u00e4si hikoilee sokeroidessa eiv\u00e4tk\u00e4\u00a0nitriilik\u00e4sineet\u00a0tunnu omalta vaihtoehdolta.","og_url":"https:\/\/calla.fi\/tuote\/makea-levityslasta-sokerointiin\/","og_site_name":"Kauneushoitola Calla","article_modified_time":"2026-01-02T13:35:17+00:00","og_image":[{"width":1080,"height":1350,"url":"https:\/\/calla.fi\/wp-content\/uploads\/2024\/04\/Nimeton-1080-x-1350-px-2.jpg","type":"image\/jpeg"}],"twitter_card":"summary_large_image","twitter_misc":{"Ber\u00e4knad l\u00e4stid":"1 minut"},"schema":{"@context":"https:\/\/schema.org","@graph":[{"@type":"WebPage","@id":"https:\/\/calla.fi\/tuote\/makea-levityslasta-sokerointiin\/","url":"https:\/\/calla.fi\/tuote\/makea-levityslasta-sokerointiin\/","name":"Makea Levityslasta 2.0 sokerointiin - Kauneushoitola Calla","isPartOf":{"@id":"https:\/\/calla.fi\/#website"},"primaryImageOfPage":{"@id":"https:\/\/calla.fi\/tuote\/makea-levityslasta-sokerointiin\/#primaryimage"},"image":{"@id":"https:\/\/calla.fi\/tuote\/makea-levityslasta-sokerointiin\/#primaryimage"},"thumbnailUrl":"https:\/\/calla.fi\/wp-content\/uploads\/2024\/04\/Nimeton-1080-x-1350-px-2.jpg","datePublished":"2025-01-25T16:00:40+00:00","dateModified":"2026-01-02T13:35:17+00:00","breadcrumb":{"@id":"https:\/\/calla.fi\/tuote\/makea-levityslasta-sokerointiin\/#breadcrumb"},"inLanguage":"sv-SE","potentialAction":[{"@type":"ReadAction","target":["https:\/\/calla.fi\/tuote\/makea-levityslasta-sokerointiin\/"]}]},{"@type":"ImageObject","inLanguage":"sv-SE","@id":"https:\/\/calla.fi\/tuote\/makea-levityslasta-sokerointiin\/#primaryimage","url":"https:\/\/calla.fi\/wp-content\/uploads\/2024\/04\/Nimeton-1080-x-1350-px-2.jpg","contentUrl":"https:\/\/calla.fi\/wp-content\/uploads\/2024\/04\/Nimeton-1080-x-1350-px-2.jpg","width":1080,"height":1350},{"@type":"BreadcrumbList","@id":"https:\/\/calla.fi\/tuote\/makea-levityslasta-sokerointiin\/#breadcrumb","itemListElement":[{"@type":"ListItem","position":1,"name":"Etusivu","item":"https:\/\/calla.fi\/"},{"@type":"ListItem","position":2,"name":"Kauppa","item":"https:\/\/calla.fi\/kauppa\/"},{"@type":"ListItem","position":3,"name":"Makea Levityslasta 2.0 sokerointiin"}]},{"@type":"WebSite","@id":"https:\/\/calla.fi\/#website","url":"https:\/\/calla.fi\/","name":"Kauneushoitola Calla","description":"Ihonhoitoa ja hemmottelua Pietarsaaressa","potentialAction":[{"@type":"SearchAction","target":{"@type":"EntryPoint","urlTemplate":"https:\/\/calla.fi\/?s={search_term_string}"},"query-input":{"@type":"PropertyValueSpecification","valueRequired":true,"valueName":"search_term_string"}}],"inLanguage":"sv-SE"}]}},"_links":{"self":[{"href":"https:\/\/calla.fi\/sv\/wp-json\/wp\/v2\/product\/2530","targetHints":{"allow":["GET"]}}],"collection":[{"href":"https:\/\/calla.fi\/sv\/wp-json\/wp\/v2\/product"}],"about":[{"href":"https:\/\/calla.fi\/sv\/wp-json\/wp\/v2\/types\/product"}],"wp:featuredmedia":[{"embeddable":true,"href":"https:\/\/calla.fi\/sv\/wp-json\/wp\/v2\/media\/2514"}],"wp:attachment":[{"href":"https:\/\/calla.fi\/sv\/wp-json\/wp\/v2\/media?parent=2530"}],"wp:term":[{"taxonomy":"product_brand","embeddable":true,"href":"https:\/\/calla.fi\/sv\/wp-json\/wp\/v2\/product_brand?post=2530"},{"taxonomy":"product_cat","embeddable":true,"href":"https:\/\/calla.fi\/sv\/wp-json\/wp\/v2\/product_cat?post=2530"},{"taxonomy":"product_tag","embeddable":true,"href":"https:\/\/calla.fi\/sv\/wp-json\/wp\/v2\/product_tag?post=2530"}],"curies":[{"name":"wp","href":"https:\/\/api.w.org\/{rel}","templated":true}]}}