{"id":3436,"date":"2026-03-17T18:35:36","date_gmt":"2026-03-17T16:35:36","guid":{"rendered":"https:\/\/calla.fi\/?post_type=product&#038;p=3436"},"modified":"2026-04-22T13:57:03","modified_gmt":"2026-04-22T10:57:03","slug":"colorescience-sunforgettable-total-protection-face-shield-flex-spf-50-pa-55ml","status":"publish","type":"product","link":"https:\/\/calla.fi\/sv\/tuote\/colorescience-sunforgettable-total-protection-face-shield-flex-spf-50-pa-55ml\/","title":{"rendered":"Colorescience\u00ae &#8211; Sunforgettable\u00ae Total Protection\u00ae Face Shield FLEX SPF 50 PA++++, 55ml"},"content":{"rendered":"<h3>Mik\u00e4 tekee tuotteesta tehokkaan?<\/h3>\n<p><strong>Maksimaalisen tason uv-suoja, sinkkioksidi<br \/>\n<\/strong>Patentoitu, 12 % sinkkioksidi tarjoaa UVA\/UVB-suojan ja suojaa vapailta radikaaleilta.<strong><br \/>\n<\/strong><\/p>\n<p><strong>Kapseloidut rautaoksidit<br \/>\n<\/strong>Mikronisoituja pigmenttej\u00e4 k\u00e4ytet\u00e4\u00e4n kosmeettisina v\u00e4riaineina. Kapselointi mahdollistaa sen mukautumisen ihon luonnolliseen s\u00e4vyyn. Sen on my\u00f6s todistettu suojaavan ihoa sinisen (HEV) valon aiheuttamilta vaurioilta ja valon ik\u00e4\u00e4ntymiselt\u00e4.<\/p>\n<p>100 % mineraalipohjainen* koostumus sis\u00e4lt\u00e4\u00e4 EnviroScreen\u00ae-teknologian, joka menee paljon UV-suojan yli ja tarjoaa ylivoimaisen suojan aurinkoa ja saasteita vastaan, jotta olet suojassa seuraavilta:<strong><br \/>\n<\/strong><\/p>\n<ul>\n<li>SPF 50<\/li>\n<li>PA++++<br \/>\nUVB-s\u00e4teet, eli \u201cpolttavat s\u00e4teet\u201d, aiheuttavat auringonpolttamia, kun taas UVA-s\u00e4teet, eli \u201cik\u00e4\u00e4nnytt\u00e4v\u00e4t s\u00e4teet\u201d, ovat vastuussa ihon vanhenemisesta. Suojaa ihosi molemmilta Broad Specturm menetelm\u00e4ll\u00e4<\/li>\n<li>Saasteet<br \/>\nSaasteet hajottavat kollageenia, heikent\u00e4v\u00e4t ihon suojakerrosta, aiheuttavat tulehdusta ja v\u00e4hent\u00e4v\u00e4t ihon kimmoisuutta. T\u00e4m\u00e4 johtaa hyperpigmentaatioon, ik\u00e4l\u00e4iskiin ja ryppyihin.<\/li>\n<li>Sininen valo<br \/>\nHigh Energy Visible -valo (HEV) eli \u201dsininen valo\u201d vapautuu LED-valoista ja digitaalisista laitteista. T\u00e4m\u00e4 muuttuu yh\u00e4 haitallisemmaksi mit\u00e4 enemm\u00e4n aikaa viet\u00e4mme sis\u00e4tiloissa ja n\u00e4ytt\u00f6jen \u00e4\u00e4rell\u00e4.<\/li>\n<li>Infrapunas\u00e4teily<br \/>\nHallitsematon ja toistuva altistuminen infrapunas\u00e4teilylle voi aiheuttaa ihovaurioita<\/li>\n<\/ul>\n<p><strong>Niasiiniamidi<\/strong><br \/>\nB3-vitamiini on ihonhoidon supervitamiini. Se vahvistaa ihon puolustusmekanismeja lis\u00e4\u00e4m\u00e4ll\u00e4 ihon vastustuskyky\u00e4. Lis\u00e4ksi se auttaa vaalentamaan ja tasoittamaan ihon s\u00e4vy\u00e4 ehk\u00e4isem\u00e4ll\u00e4 melanosomien siirtymist\u00e4 melanosyyteist\u00e4 keratinosyytteihin. Parantaa merkitt\u00e4v\u00e4sti ihon tulehduksellisia aknevaurioita, kuten papuloita ja m\u00e4rk\u00e4rakkuloita. Tasapainottaa my\u00f6s tehokkaasti talinerityst\u00e4<\/p>\n<p><strong>Lipochroman\u2122<br \/>\n<\/strong>Vahva antioksidantti, joka auttaa est\u00e4m\u00e4\u00e4n saasteiden ja muiden ymp\u00e4rist\u00f6tekij\u00f6iden aiheuttamaa ihon ik\u00e4\u00e4ntymist\u00e4.<br \/>\n<em>LIPOCHROMAN\u2122 on Lubrizol Corporationin tai sen tyt\u00e4ryhti\u00f6iden tavaramerkki.<\/em><\/p>\n<p><strong>Bisabolol<\/strong><br \/>\nKamomilla\u00f6ljyst\u00e4 johdettu rauhoittava ainesosa, joka auttaa rauhoittamaan ja hoitamaan ihoa.<\/p>\n<p><strong>Vital ET\u2122<br \/>\n<\/strong>T\u00e4m\u00e4 ihoidenttinen E-vitamiinin muoto tarjoaa antioksidanttista suojaa ja auttaa samalla lievitt\u00e4m\u00e4\u00e4n ymp\u00e4rist\u00f6st\u00e4, bakteereista ja mekaanisista tekij\u00f6ist\u00e4 johtuvaa punoitusta. Sen on my\u00f6s osoitettu rauhoittavan ihoa sek\u00e4 ennen UV-altistusta ett\u00e4 sen j\u00e4lkeen.<br \/>\n<em>Vital ET\u2122 on Ashlandin tai sen tyt\u00e4ryhti\u00f6iden tavaramerkki, rekister\u00f6ity eri maissa.<\/em><\/p>\n<p><strong>Lumisieniuute<br \/>\n<\/strong>Lumisieni ehk\u00e4isee tehokkaasti ihosoluja ymp\u00e4rist\u00f6naiheuttamalta hapettumiselta ja sen on osoitettu antavan v\u00e4lit\u00f6nt\u00e4 kosteutusta sek\u00e4 parantavan ihon kyky\u00e4 s\u00e4ilytt\u00e4\u00e4 kosteutta. Se auttaa my\u00f6s tukemaan antioksidantteja suojautumisessa ihon ennenaikaista ik\u00e4\u00e4ntymist\u00e4 vastaan.<strong><br \/>\n<\/strong><\/p>\n<p><strong>Infraguard<br \/>\n<\/strong>T\u00e4m\u00e4 taratanniinien (voimakas antioksidantti) ja luontaisten auringonkukanversojen yhdistelm\u00e4 auttaa suojaamaan ihoa infrapunas\u00e4teilyn (IR) aiheuttamilta ik\u00e4\u00e4ntymisen vaikutuksilta.<\/p>\n<p><strong>Ei tuki ihohuokosia \/ Hypoallergeeninen \/ Parabeeniton \/ Ei testattu el\u00e4imill\u00e4 \/ Sulfaatiton \/ Ftalaatiton \/ \u00d6ljyt\u00f6n \/ Gluteeniton \/ Hajusteeton<\/strong><\/p>\n<h3>Sopisiko sinulle?<\/h3>\n<p>Sopii kaikille ihotyypeille. My\u00f6s rasvaiselle ja herk\u00e4lle iholle.<\/p>\n<p><strong>S\u00e4vyt<\/strong><br \/>\n<strong>Fair<\/strong> -hyvin vaaleasta vaaleaan ihon s\u00e4vyyn, esimerkiksi iho mik\u00e4 ei rusketu tai ruskettuu huonosti, helposti punoittava iho<br \/>\n<strong>Light<\/strong> &#8211; vaaleasta keskivaaleaan ihon s\u00e4vyyn, esimerkiksi vaalea, mutta kohtalaisen helposti ruskettuva iho<br \/>\n<strong>Medium<\/strong> &#8211; keskivaaleasta\u00a0 tummahkon vaaleaan ihons\u00e4vyyn, esimerkiksi eritt\u00e4in helposti ruskettuva iho<\/p>\n<p>Iholla puolimatta, luonnollinen, hienovarainen kaunis hehku<br \/>\nKeskitasoinen peitt\u00e4vyys, kerrostamalla peitt\u00e4v\u00e4<\/p>\n<p>FLEX sis\u00e4lt\u00e4\u00e4 innovatiivisia rautaoksidipigmenttej\u00e4, jotka kukoistavat sormenp\u00e4iss\u00e4si ja tarjoavat s\u00e4vyyn sopivan, rakennettavissa olevan peitt\u00e4vyyden ja puolimattaisen lopputuloksen. Saatavana on kolme ainutlaatuista joustavaa s\u00e4vy\u00e4, jotka sopivat erinomaisesti monenlaisille ihons\u00e4vyille ja pohjas\u00e4vyille. Turvallinen kaikille ihotyypeille, my\u00f6s herk\u00e4lle. Jos et ole varma, mink\u00e4 s\u00e4vyn valitsisit, suosittelemme valitsemaan vaaleamman s\u00e4vyn<\/p>\n<h3>Miten k\u00e4yt\u00e4t?<\/h3>\n<p>Aamulla ihonhoitorutiinisi viimeisen\u00e4 vaiheena. Puhdista iho normaalisti, lis\u00e4\u00e4 seerumi, sen j\u00e4lkeen t\u00e4m\u00e4 Flex-voide. Tarvittaessa voit k\u00e4ytt\u00e4\u00e4 kosteusvoidetta, mik\u00e4li ihosi sit\u00e4 kaipaa. Muista puhdistaa ihosi iltaisin huolellisesti puhdistustuotteella.<\/p>\n<ol class=\"wp-block-list has-p-font-size\">\n<li>Levit\u00e4 tuotetta sormillesi, hiero kevyesti ja katso, kuinka kapseloidut rautaoksidipigmentit vapautuvat ja kukoistavat sormenp\u00e4iss\u00e4si.<\/li>\n<li>Kun voide ei ole en\u00e4\u00e4 valkoista, levit\u00e4 se tasaisesti kasvoille. Viimeistele vain yhdell\u00e4 kerroksella saadaksesi luonnollisen virheett\u00f6m\u00e4n lopputuloksen tai levit\u00e4 useita kerroksia saadaksesi paremman peitt\u00e4vyyden.<\/li>\n<li>Jos haluat t\u00e4ydellisen, suojatun ilmeen, levit\u00e4 FLEX-voidetta koko kasvoille virheett\u00f6m\u00e4ksi kankaaksi ja k\u00e4yt\u00e4 sitten Glow-voidetta korostamaan korostuksia ja Bronze-voidetta varjostukseksi.<\/li>\n<\/ol>\n<h3>Koostumus<\/h3>\n<p>hyvin ohut, nestem\u00e4inen voide<\/p>\n<h3>INCI<\/h3>\n<p>zinc oxide 12 %<br \/>\nWater, C12-15 Alkyl Benzoate, Butyloctyl Salicylate, Lauryl PEG-8 Dimethicone, Isododecane, Propanediol, Caprylyl Methicone, Dimethicone, Niacinamide, Tridecyl Salicylate, Dimethicone\/Vinyl Dimethicone Crosspolymer, Trilaureth-4 Phosphate, Dimethiconol\/ Propylsilsesquioxane\/ Silicate Crosspolymer, Lauryl PEG-10 Tris(trimethylsiloxy)silylethyl Dimethicone, Mica, Polyester-1, Maltodextrin, Sodium Chloride, Bisabolol (Levomenol), Disodium Lauriminodipropionate Tocopheryl Phosphates, Ethylhexylglycerin, Tremella Fuciformis Sporocarp (Silver Ear Mushroom) Extract, Allantoin, Silica Dimethyl Silylate, Caprylyl Glycol, Isoceteth-10, Zein, Hexylene Glycol, Dimethylmethoxy Chromanol, Synthetic Fluorphlogopite, Zea Mays (Corn) Starch, Silica, Caesalpinia Spinosa (Tara) Fruit Pod Extract, Hydrogenated Lecithin, Tetrasodium Glutamate Diacetate, Caprylic\/Capric Triglyceride, Helianthus Annuus (Sunflower) Sprout Extract, Phenoxyethanol, Sodium Benzoate, Benzoic Acid, Dehydroacetic Acid, Sodium Hydroxide, Sodium Myristoyl Glutamate, Aluminium Hydroxide, Titanium Dioxide (CI 77891), Iron Oxides (CI 77491, CI 77492, CI 77499)<\/p>\n<blockquote><p><strong>Sirpan vinkki<\/strong><\/p>\n<p>Arjen pelastaja. Niin helppo ja nopea monitoimituote. Tiesin t\u00e4m\u00e4n sarjan jo kauan ennen kuin sen meille hankin. Ensimm\u00e4iset tuotteet kun tuli testiin, aloin tehd\u00e4 aloitustilausta v\u00e4lit\u00f6m\u00e4sti. Kertakaikkisen upea tuote ja mielett\u00f6m\u00e4n kaunis iholla sek\u00e4 tietenkin iho pysyy turvassa!<\/p><\/blockquote>\n<p>&nbsp;<\/p>\n","protected":false},"excerpt":{"rendered":"<p><strong>Aurinkovoide, meikkivoide ja ihonhoito samassa!<\/strong><\/p>\n<p>Kevyt, mineraalipohjainen upeasti s\u00e4vytt\u00e4v\u00e4 aurinkovoide, jossa on peitt\u00e4vyys tasoittaa ihons\u00e4vy\u00e4 v\u00e4litt\u00f6m\u00e4sti virheett\u00f6m\u00e4n lopputuloksen saavuttamiseksi. Antaa eritt\u00e4in tehokkaan suojan auringon sek\u00e4 ymp\u00e4rist\u00f6n aggressiivisia tekij\u00f6it\u00e4 vastaan sek\u00e4 ravitsevasti kosteuttaa ja kehittyneet antioksidantit takaavat terveemm\u00e4n ihon. Sopii t\u00e4ydellisesti kaikille ihon kunnoille, my\u00f6s rasvoittuville, sill\u00e4 ei tuki lainkaan huokosia.<\/p>\n<p><strong>Rakennettavissa oleva peitt\u00e4vyys<\/strong> \u2013 Levit\u00e4 vain yksi kerros luonnollisen virheett\u00f6m\u00e4n ulkon\u00e4\u00f6n saamiseksi tai rakenna toinen tai kaksi kerrosta t\u00e4ydellisemm\u00e4n peitt\u00e4vyyden saamiseksi.<br \/>\nKaikki Sunforgettable\u00ae Total Protection\u00ae -tuotteet SPF 50, PA++++ sek\u00e4 40 minuutin hike\u00e4 ja vett\u00e4 kest\u00e4v\u00e4ll\u00e4 suojakertoimella, joten voit yhdistell\u00e4 tuotteita suojauksesta tinkim\u00e4tt\u00e4.<\/p>\n<p>S\u00e4vyt Fair, Light &amp; Medium.<\/p>\n","protected":false},"featured_media":3450,"template":"","meta":{"_et_pb_use_builder":"","_et_pb_old_content":"","_et_gb_content_width":""},"product_brand":[],"product_cat":[88,87,53,91,54,25],"product_tag":[94,98,99,97,96],"class_list":{"0":"post-3436","1":"product","2":"type-product","3":"status-publish","4":"has-post-thumbnail","6":"product_cat-aurinkovoiteet","7":"product_cat-colorescience","8":"product_cat-ihonhoito","9":"product_cat-kasvot","10":"product_cat-uv-suojaus","11":"product_cat-yleinen","12":"product_tag-aurinkovoide","13":"product_tag-herkanihonaurinkovoide","14":"product_tag-luonnollinenaurinkovoide","15":"product_tag-meikkivoide","16":"product_tag-paras-aurinkovoide","17":"product_shipping_class-postitus","19":"first","20":"instock","21":"featured","22":"taxable","23":"shipping-taxable","24":"purchasable","25":"product-type-variable"},"yoast_head":"<!-- This site is optimized with the Yoast SEO plugin v27.4 - https:\/\/yoast.com\/product\/yoast-seo-wordpress\/ -->\n<title>Colorescience\u00ae - Sunforgettable\u00ae Total Protection\u00ae Face Shield FLEX SPF 50 PA++++, 55ml - Kauneushoitola Calla<\/title>\n<meta name=\"description\" content=\"Kevyt, mineraalipohjainen upeasti s\u00e4vytt\u00e4v\u00e4 aurinkovoide, jossa on peitt\u00e4vyys tasoittaa ihons\u00e4vy\u00e4 v\u00e4litt\u00f6m\u00e4sti virheett\u00f6m\u00e4n lopputuloksen saavuttamiseksi.\" \/>\n<meta name=\"robots\" content=\"index, follow, max-snippet:-1, max-image-preview:large, max-video-preview:-1\" \/>\n<link rel=\"canonical\" href=\"https:\/\/calla.fi\/tuote\/colorescience-sunforgettable-total-protection-face-shield-flex-spf-50-pa-55ml\/\" \/>\n<meta property=\"og:locale\" content=\"sv_SE\" \/>\n<meta property=\"og:type\" content=\"article\" \/>\n<meta property=\"og:title\" content=\"Colorescience\u00ae - Sunforgettable\u00ae Total Protection\u00ae Face Shield FLEX SPF 50 PA++++, 55ml - Kauneushoitola Calla\" \/>\n<meta property=\"og:description\" content=\"Kevyt, mineraalipohjainen upeasti s\u00e4vytt\u00e4v\u00e4 aurinkovoide, jossa on peitt\u00e4vyys tasoittaa ihons\u00e4vy\u00e4 v\u00e4litt\u00f6m\u00e4sti virheett\u00f6m\u00e4n lopputuloksen saavuttamiseksi.\" \/>\n<meta property=\"og:url\" content=\"https:\/\/calla.fi\/tuote\/colorescience-sunforgettable-total-protection-face-shield-flex-spf-50-pa-55ml\/\" \/>\n<meta property=\"og:site_name\" content=\"Kauneushoitola Calla\" \/>\n<meta property=\"article:modified_time\" content=\"2026-04-22T10:57:03+00:00\" \/>\n<meta property=\"og:image\" content=\"https:\/\/calla.fi\/wp-content\/uploads\/2026\/03\/01_Flex_PDPHero_Update-300x300-1.png\" \/>\n\t<meta property=\"og:image:width\" content=\"300\" \/>\n\t<meta property=\"og:image:height\" content=\"300\" \/>\n\t<meta property=\"og:image:type\" content=\"image\/png\" \/>\n<meta name=\"twitter:card\" content=\"summary_large_image\" \/>\n<meta name=\"twitter:label1\" content=\"Ber\u00e4knad l\u00e4stid\" \/>\n\t<meta name=\"twitter:data1\" content=\"5 minuter\" \/>\n<script type=\"application\/ld+json\" class=\"yoast-schema-graph\">{\"@context\":\"https:\\\/\\\/schema.org\",\"@graph\":[{\"@type\":\"WebPage\",\"@id\":\"https:\\\/\\\/calla.fi\\\/tuote\\\/colorescience-sunforgettable-total-protection-face-shield-flex-spf-50-pa-55ml\\\/\",\"url\":\"https:\\\/\\\/calla.fi\\\/tuote\\\/colorescience-sunforgettable-total-protection-face-shield-flex-spf-50-pa-55ml\\\/\",\"name\":\"Colorescience\u00ae - Sunforgettable\u00ae Total Protection\u00ae Face Shield FLEX SPF 50 PA++++, 55ml - Kauneushoitola Calla\",\"isPartOf\":{\"@id\":\"https:\\\/\\\/calla.fi\\\/#website\"},\"primaryImageOfPage\":{\"@id\":\"https:\\\/\\\/calla.fi\\\/tuote\\\/colorescience-sunforgettable-total-protection-face-shield-flex-spf-50-pa-55ml\\\/#primaryimage\"},\"image\":{\"@id\":\"https:\\\/\\\/calla.fi\\\/tuote\\\/colorescience-sunforgettable-total-protection-face-shield-flex-spf-50-pa-55ml\\\/#primaryimage\"},\"thumbnailUrl\":\"https:\\\/\\\/calla.fi\\\/wp-content\\\/uploads\\\/2026\\\/03\\\/01_Flex_PDPHero_Update-300x300-1.png\",\"datePublished\":\"2026-03-17T16:35:36+00:00\",\"dateModified\":\"2026-04-22T10:57:03+00:00\",\"description\":\"Kevyt, mineraalipohjainen upeasti s\u00e4vytt\u00e4v\u00e4 aurinkovoide, jossa on peitt\u00e4vyys tasoittaa ihons\u00e4vy\u00e4 v\u00e4litt\u00f6m\u00e4sti virheett\u00f6m\u00e4n lopputuloksen saavuttamiseksi.\",\"breadcrumb\":{\"@id\":\"https:\\\/\\\/calla.fi\\\/tuote\\\/colorescience-sunforgettable-total-protection-face-shield-flex-spf-50-pa-55ml\\\/#breadcrumb\"},\"inLanguage\":\"sv-SE\",\"potentialAction\":[{\"@type\":\"ReadAction\",\"target\":[\"https:\\\/\\\/calla.fi\\\/tuote\\\/colorescience-sunforgettable-total-protection-face-shield-flex-spf-50-pa-55ml\\\/\"]}]},{\"@type\":\"ImageObject\",\"inLanguage\":\"sv-SE\",\"@id\":\"https:\\\/\\\/calla.fi\\\/tuote\\\/colorescience-sunforgettable-total-protection-face-shield-flex-spf-50-pa-55ml\\\/#primaryimage\",\"url\":\"https:\\\/\\\/calla.fi\\\/wp-content\\\/uploads\\\/2026\\\/03\\\/01_Flex_PDPHero_Update-300x300-1.png\",\"contentUrl\":\"https:\\\/\\\/calla.fi\\\/wp-content\\\/uploads\\\/2026\\\/03\\\/01_Flex_PDPHero_Update-300x300-1.png\",\"width\":300,\"height\":300},{\"@type\":\"BreadcrumbList\",\"@id\":\"https:\\\/\\\/calla.fi\\\/tuote\\\/colorescience-sunforgettable-total-protection-face-shield-flex-spf-50-pa-55ml\\\/#breadcrumb\",\"itemListElement\":[{\"@type\":\"ListItem\",\"position\":1,\"name\":\"Etusivu\",\"item\":\"https:\\\/\\\/calla.fi\\\/\"},{\"@type\":\"ListItem\",\"position\":2,\"name\":\"Kauppa\",\"item\":\"https:\\\/\\\/calla.fi\\\/kauppa\\\/\"},{\"@type\":\"ListItem\",\"position\":3,\"name\":\"Colorescience\u00ae &#8211; Sunforgettable\u00ae Total Protection\u00ae Face Shield FLEX SPF 50 PA++++, 55ml\"}]},{\"@type\":\"WebSite\",\"@id\":\"https:\\\/\\\/calla.fi\\\/#website\",\"url\":\"https:\\\/\\\/calla.fi\\\/\",\"name\":\"Kauneushoitola Calla\",\"description\":\"Ihonhoitoa ja hemmottelua Pietarsaaressa\",\"potentialAction\":[{\"@type\":\"SearchAction\",\"target\":{\"@type\":\"EntryPoint\",\"urlTemplate\":\"https:\\\/\\\/calla.fi\\\/?s={search_term_string}\"},\"query-input\":{\"@type\":\"PropertyValueSpecification\",\"valueRequired\":true,\"valueName\":\"search_term_string\"}}],\"inLanguage\":\"sv-SE\"}]}<\/script>\n<!-- \/ Yoast SEO plugin. -->","yoast_head_json":{"title":"Colorescience\u00ae - Sunforgettable\u00ae Total Protection\u00ae Face Shield FLEX SPF 50 PA++++, 55ml - Kauneushoitola Calla","description":"Kevyt, mineraalipohjainen upeasti s\u00e4vytt\u00e4v\u00e4 aurinkovoide, jossa on peitt\u00e4vyys tasoittaa ihons\u00e4vy\u00e4 v\u00e4litt\u00f6m\u00e4sti virheett\u00f6m\u00e4n lopputuloksen saavuttamiseksi.","robots":{"index":"index","follow":"follow","max-snippet":"max-snippet:-1","max-image-preview":"max-image-preview:large","max-video-preview":"max-video-preview:-1"},"canonical":"https:\/\/calla.fi\/tuote\/colorescience-sunforgettable-total-protection-face-shield-flex-spf-50-pa-55ml\/","og_locale":"sv_SE","og_type":"article","og_title":"Colorescience\u00ae - Sunforgettable\u00ae Total Protection\u00ae Face Shield FLEX SPF 50 PA++++, 55ml - Kauneushoitola Calla","og_description":"Kevyt, mineraalipohjainen upeasti s\u00e4vytt\u00e4v\u00e4 aurinkovoide, jossa on peitt\u00e4vyys tasoittaa ihons\u00e4vy\u00e4 v\u00e4litt\u00f6m\u00e4sti virheett\u00f6m\u00e4n lopputuloksen saavuttamiseksi.","og_url":"https:\/\/calla.fi\/tuote\/colorescience-sunforgettable-total-protection-face-shield-flex-spf-50-pa-55ml\/","og_site_name":"Kauneushoitola Calla","article_modified_time":"2026-04-22T10:57:03+00:00","og_image":[{"width":300,"height":300,"url":"https:\/\/calla.fi\/wp-content\/uploads\/2026\/03\/01_Flex_PDPHero_Update-300x300-1.png","type":"image\/png"}],"twitter_card":"summary_large_image","twitter_misc":{"Ber\u00e4knad l\u00e4stid":"5 minuter"},"schema":{"@context":"https:\/\/schema.org","@graph":[{"@type":"WebPage","@id":"https:\/\/calla.fi\/tuote\/colorescience-sunforgettable-total-protection-face-shield-flex-spf-50-pa-55ml\/","url":"https:\/\/calla.fi\/tuote\/colorescience-sunforgettable-total-protection-face-shield-flex-spf-50-pa-55ml\/","name":"Colorescience\u00ae - Sunforgettable\u00ae Total Protection\u00ae Face Shield FLEX SPF 50 PA++++, 55ml - Kauneushoitola Calla","isPartOf":{"@id":"https:\/\/calla.fi\/#website"},"primaryImageOfPage":{"@id":"https:\/\/calla.fi\/tuote\/colorescience-sunforgettable-total-protection-face-shield-flex-spf-50-pa-55ml\/#primaryimage"},"image":{"@id":"https:\/\/calla.fi\/tuote\/colorescience-sunforgettable-total-protection-face-shield-flex-spf-50-pa-55ml\/#primaryimage"},"thumbnailUrl":"https:\/\/calla.fi\/wp-content\/uploads\/2026\/03\/01_Flex_PDPHero_Update-300x300-1.png","datePublished":"2026-03-17T16:35:36+00:00","dateModified":"2026-04-22T10:57:03+00:00","description":"Kevyt, mineraalipohjainen upeasti s\u00e4vytt\u00e4v\u00e4 aurinkovoide, jossa on peitt\u00e4vyys tasoittaa ihons\u00e4vy\u00e4 v\u00e4litt\u00f6m\u00e4sti virheett\u00f6m\u00e4n lopputuloksen saavuttamiseksi.","breadcrumb":{"@id":"https:\/\/calla.fi\/tuote\/colorescience-sunforgettable-total-protection-face-shield-flex-spf-50-pa-55ml\/#breadcrumb"},"inLanguage":"sv-SE","potentialAction":[{"@type":"ReadAction","target":["https:\/\/calla.fi\/tuote\/colorescience-sunforgettable-total-protection-face-shield-flex-spf-50-pa-55ml\/"]}]},{"@type":"ImageObject","inLanguage":"sv-SE","@id":"https:\/\/calla.fi\/tuote\/colorescience-sunforgettable-total-protection-face-shield-flex-spf-50-pa-55ml\/#primaryimage","url":"https:\/\/calla.fi\/wp-content\/uploads\/2026\/03\/01_Flex_PDPHero_Update-300x300-1.png","contentUrl":"https:\/\/calla.fi\/wp-content\/uploads\/2026\/03\/01_Flex_PDPHero_Update-300x300-1.png","width":300,"height":300},{"@type":"BreadcrumbList","@id":"https:\/\/calla.fi\/tuote\/colorescience-sunforgettable-total-protection-face-shield-flex-spf-50-pa-55ml\/#breadcrumb","itemListElement":[{"@type":"ListItem","position":1,"name":"Etusivu","item":"https:\/\/calla.fi\/"},{"@type":"ListItem","position":2,"name":"Kauppa","item":"https:\/\/calla.fi\/kauppa\/"},{"@type":"ListItem","position":3,"name":"Colorescience\u00ae &#8211; Sunforgettable\u00ae Total Protection\u00ae Face Shield FLEX SPF 50 PA++++, 55ml"}]},{"@type":"WebSite","@id":"https:\/\/calla.fi\/#website","url":"https:\/\/calla.fi\/","name":"Kauneushoitola Calla","description":"Ihonhoitoa ja hemmottelua Pietarsaaressa","potentialAction":[{"@type":"SearchAction","target":{"@type":"EntryPoint","urlTemplate":"https:\/\/calla.fi\/?s={search_term_string}"},"query-input":{"@type":"PropertyValueSpecification","valueRequired":true,"valueName":"search_term_string"}}],"inLanguage":"sv-SE"}]}},"_links":{"self":[{"href":"https:\/\/calla.fi\/sv\/wp-json\/wp\/v2\/product\/3436","targetHints":{"allow":["GET"]}}],"collection":[{"href":"https:\/\/calla.fi\/sv\/wp-json\/wp\/v2\/product"}],"about":[{"href":"https:\/\/calla.fi\/sv\/wp-json\/wp\/v2\/types\/product"}],"wp:featuredmedia":[{"embeddable":true,"href":"https:\/\/calla.fi\/sv\/wp-json\/wp\/v2\/media\/3450"}],"wp:attachment":[{"href":"https:\/\/calla.fi\/sv\/wp-json\/wp\/v2\/media?parent=3436"}],"wp:term":[{"taxonomy":"product_brand","embeddable":true,"href":"https:\/\/calla.fi\/sv\/wp-json\/wp\/v2\/product_brand?post=3436"},{"taxonomy":"product_cat","embeddable":true,"href":"https:\/\/calla.fi\/sv\/wp-json\/wp\/v2\/product_cat?post=3436"},{"taxonomy":"product_tag","embeddable":true,"href":"https:\/\/calla.fi\/sv\/wp-json\/wp\/v2\/product_tag?post=3436"}],"curies":[{"name":"wp","href":"https:\/\/api.w.org\/{rel}","templated":true}]}}