{"id":3496,"date":"2026-03-21T17:13:49","date_gmt":"2026-03-21T15:13:49","guid":{"rendered":"https:\/\/calla.fi\/?post_type=product&#038;p=3496"},"modified":"2026-04-16T12:39:56","modified_gmt":"2026-04-16T09:39:56","slug":"colorescience-sunforgettable-total-protection-color-balm-spf-50-9g","status":"publish","type":"product","link":"https:\/\/calla.fi\/sv\/tuote\/colorescience-sunforgettable-total-protection-color-balm-spf-50-9g\/","title":{"rendered":"Colorescience\u00ae &#8211; Sunforgettable\u00ae Total Protection\u00ae Color Balm SPF 50, 9g"},"content":{"rendered":"<h3>Mik\u00e4 tekee tuotteesta tehokkaan?<\/h3>\n<p><strong>Maksimaalisen tason uv-suoja, sinkkioksidi<br \/>\n<\/strong>Patentoitu, 12 % sinkkioksidi tarjoaa UVA\/UVB-suojan ja suojaa vapailta radikaaleilta.<strong><br \/>\n<\/strong><\/p>\n<p><strong>Kapseloidut rautaoksidit<br \/>\n<\/strong>Mikronisoituja pigmenttej\u00e4 k\u00e4ytet\u00e4\u00e4n kosmeettisina v\u00e4riaineina. Kapselointi mahdollistaa sen mukautumisen ihon luonnolliseen s\u00e4vyyn. Sen on my\u00f6s todistettu suojaavan ihoa sinisen (HEV) valon aiheuttamilta vaurioilta ja valon ik\u00e4\u00e4ntymiselt\u00e4.<\/p>\n<p>100 % mineraalipohjainen* koostumus sis\u00e4lt\u00e4\u00e4 EnviroScreen\u00ae-teknologian, joka menee paljon UV-suojan yli ja tarjoaa ylivoimaisen suojan aurinkoa ja saasteita vastaan, jotta olet suojassa seuraavilta:<strong><br \/>\n<\/strong><\/p>\n<ul>\n<li>SPF 50<\/li>\n<li>PA++++<br \/>\nUVB-s\u00e4teet, eli \u201cpolttavat s\u00e4teet\u201d, aiheuttavat auringonpolttamia, kun taas UVA-s\u00e4teet, eli \u201cik\u00e4\u00e4nnytt\u00e4v\u00e4t s\u00e4teet\u201d, ovat vastuussa ihon vanhenemisesta. Suojaa ihosi molemmilta Broad Specturm menetelm\u00e4ll\u00e4<\/li>\n<li>Saasteet<br \/>\nSaasteet hajottavat kollageenia, heikent\u00e4v\u00e4t ihon suojakerrosta, aiheuttavat tulehdusta ja v\u00e4hent\u00e4v\u00e4t ihon kimmoisuutta. T\u00e4m\u00e4 johtaa hyperpigmentaatioon, ik\u00e4l\u00e4iskiin ja ryppyihin.<\/li>\n<li>Sininen valo<br \/>\nHigh Energy Visible -valo (HEV) eli \u201dsininen valo\u201d vapautuu LED-valoista ja digitaalisista laitteista. T\u00e4m\u00e4 muuttuu yh\u00e4 haitallisemmaksi mit\u00e4 enemm\u00e4n aikaa viet\u00e4mme sis\u00e4tiloissa ja n\u00e4ytt\u00f6jen \u00e4\u00e4rell\u00e4.<\/li>\n<li>Infrapunas\u00e4teily<br \/>\nHallitsematon ja toistuva altistuminen infrapunas\u00e4teilylle voi aiheuttaa ihovaurioita<\/li>\n<\/ul>\n<p><strong>Physavie\u2122<br \/>\n<\/strong>Kasviuute, joka auttaa rauhoittamaan ja rauhoittamaan ihoa ja auttaa samalla suojaamaan infrapunas\u00e4teilyn vaikutuksilta.<br \/>\n<em>Physavie\u2122 on Chemyunionin rekister\u00f6ity tavaramerkki.<\/em><\/p>\n<p><strong>Lipochroman\u2122<br \/>\n<\/strong>Vahva antioksidantti, joka auttaa est\u00e4m\u00e4\u00e4n saasteiden ja muiden ymp\u00e4rist\u00f6tekij\u00f6iden aiheuttamaa ihon ik\u00e4\u00e4ntymist\u00e4.<br \/>\n<em>LIPOCHROMAN\u2122 on Lubrizol Corporationin tai sen tyt\u00e4ryhti\u00f6iden tavaramerkki.<\/em><\/p>\n<p><strong>Bisabolol<\/strong><br \/>\nKamomilla\u00f6ljyst\u00e4 johdettu rauhoittava ainesosa, joka auttaa rauhoittamaan ja hoitamaan ihoa.<\/p>\n<p><strong>Vital ET\u2122<br \/>\n<\/strong>T\u00e4m\u00e4 ihoidenttinen E-vitamiinin muoto tarjoaa antioksidanttista suojaa ja auttaa samalla lievitt\u00e4m\u00e4\u00e4n ymp\u00e4rist\u00f6st\u00e4, bakteereista ja mekaanisista tekij\u00f6ist\u00e4 johtuvaa punoitusta. Sen on my\u00f6s osoitettu rauhoittavan ihoa sek\u00e4 ennen UV-altistusta ett\u00e4 sen j\u00e4lkeen.<br \/>\n<em>Vital ET\u2122 on Ashlandin tai sen tyt\u00e4ryhti\u00f6iden tavaramerkki, rekister\u00f6ity eri maissa.<\/em><\/p>\n<p><strong>Jojobaesterit<br \/>\n<\/strong>Kosteuttaa ja vahvistaa ihon omaa vastustuskyky\u00e4.<\/p>\n<p><strong>Kasvipohjainen skvalaani<br \/>\n<\/strong>Kosteuttaa ja vahvistaa ihon omaa vastustuskyky\u00e4.<\/p>\n<p><strong>Ei tuki ihohuokosia \/ Hypoallergeeninen \/ Parabeeniton \/ Ei testattu el\u00e4imill\u00e4 \/ Sulfaatiton \/ Ftalaatiton \/ \u00d6ljyt\u00f6n \/ Gluteeniton \/ Hajusteeton<\/strong><\/p>\n<h3>Sopisiko sinulle?<\/h3>\n<p>Sopii kaikille ihotyypeille. My\u00f6s rasvaiselle ja herk\u00e4lle iholle.<\/p>\n<p><strong>S\u00e4vyt<\/strong><br \/>\n<strong>Blush<\/strong> &#8211; on ruusunpunaisen s\u00e4vyinen nude, ihanteellinen jokap\u00e4iv\u00e4iseen k\u00e4ytt\u00f6\u00f6n, sinulle joka pid\u00e4t vaalean hienovaraisesta s\u00e4vyst\u00e4<br \/>\n<strong>Savanna<\/strong> &#8211; v\u00e4ri swatch yksin<br \/>\n<strong>Pink Sky<\/strong> &#8211; l\u00e4mmin, vaalean ruusunpunainen s\u00e4vy.<br \/>\n<strong>Golden Hour<\/strong> &#8211; \u00a0on upea l\u00e4mmin, helmi\u00e4ishohtoinen koralli.<br \/>\n<strong>Bronze<\/strong> &#8211; on hohtavan kultainen v\u00e4ri, joka antaa auringon suuteleman hehkun.<\/p>\n<h3>Miten k\u00e4yt\u00e4t?<\/h3>\n<p>K\u00e4yt\u00e4 kuten poskipunaa, levit\u00e4 joko sormin tai voidemaiselle poskipunalle tarkoitetulla siveltimell\u00e4<\/p>\n<ol class=\"wp-block-list has-p-font-size\">\n<li>Colour Balms -voidetta voi k\u00e4ytt\u00e4\u00e4 huulille ja\/tai poskille. Jos haluat peitt\u00e4v\u00e4mp\u00e4\u00e4 tai kevyemp\u00e4\u00e4 peitt\u00e4vyytt\u00e4 (kuten poskille), levit\u00e4 v\u00e4ri kevyesti iholle sormenp\u00e4ill\u00e4si. Jos haluat runsaamman peitt\u00e4vyyden, levit\u00e4 v\u00e4ri suoraan iholle ja lis\u00e4\u00e4 kerroksittain tarpeen mukaan.<\/li>\n<li>Kokeile s\u00e4vyjen sekoittamista luodaksesi ainutlaatuisen ilmeen vertaansa vailla olevalla Total Protection\u2122 -tuotteella.<\/li>\n<li>Varmista, ettet j\u00e4t\u00e4 Colour Balms -v\u00e4rivoidetta pitk\u00e4ksi aikaa l\u00e4mp\u00f6\u00f6n, sill\u00e4 ne voivat pehmenty\u00e4 ja menett\u00e4\u00e4 muotoaan (vaikka ne eiv\u00e4t menet\u00e4k\u00e4\u00e4n tehoaan).<\/li>\n<\/ol>\n<h3>Koostumus<\/h3>\n<p>Voidepuikko<\/p>\n<h3>INCI<\/h3>\n<p>zinc oxide 12,5 %<\/p>\n<div class=\"wp-block-group woocommerce product is-layout-flow wp-block-group-is-layout-flow\">\n<div class=\"wp-block-group alignwide has-global-padding is-layout-constrained wp-block-group-is-layout-constrained\">\n<div class=\"wp-block-woocommerce-product-details alignwide is-style-minimal\" data-block-name=\"woocommerce\/product-details\">\n<div class=\"woocommerce-tabs wc-tabs-wrapper\">\n<div id=\"tab-ingredienser\" class=\"woocommerce-Tabs-panel woocommerce-Tabs-panel--ingredienser panel entry-content wc-tab\" role=\"tabpanel\" aria-labelledby=\"tab-title-ingredienser\">\n<p><strong>Blush:<\/strong>\u00a0Jojoba Esters, C26-28 Alkyl Dimethicone, Butyloctyl Salicylate, Squalane, C18-36 Acid Triglyceride, Polymethylsilsesquioxane, Glyceryl Dibehenate, Synthetic Fluorphlogopite, Euphorbia Cerifera (Candelilla) Wax, Tridecyl Salicylate, VP\/Eicosene Copolymer, Methylpropanediol, Tribehenin, Lecithin, Mica, Dimethiconol\/Propylsilsesquioxane\/Silicate Crosspolymer, Copernicia Cerifera (Carnauba) Wax, Glyceryl Behenate, Caprylyl Glycol, Physalis Angulata Extract, Caprylic\/Capric Triglyceride, Bisabolol, Tocopheryl Acetate, Phenylpropanol, Dimethylmethoxy Chromanol, Dimethicone, Tocopherol, Tin Oxide, Iron Oxide CI 77491, Titanium Dioxide CI 77891.<\/p>\n<p><strong>Berry:<\/strong>\u00a0Jojoba Esters, C26-28 Alkyl Dimethicone, Squalane, Butyloctyl Salicylate, C18-36 Acid Triglyceride, Polymethylsilsesquioxane, Glyceryl Dibehenate, Euphorbia Cerifera (Candelilla) Wax, Tridecyl Salicylate, VP\/Eicosene Copolymer, Methylpropanediol, Tribehenin, Lecithin, Dimethiconol\/Propylsilsesquioxane\/Silicate Crosspolymer, Copernicia Cerifera (Carnauba) Wax, Glyceryl Behenate, Mica, Synthetic Fluorphlogopite, Caprylyl Glycol, Physalis Angulata Extract, Caprylic\/Capric Triglyceride, Bisabolol, Tocopheryl Acetate, Phenylpropanol, Dimethicone, Dimethylmethoxy Chromanol, Tocopherol, Carmine (CI 75470), Bismuth Oxychloride (CI 77163), Iron Oxides (CI 77491).<\/p>\n<p><strong>Bronze:<\/strong>\u00a0Jojoba Esters, Calcium Sodium Borosilicate, Synthetic Fluorphlogopite, Mica, Butyloctyl Salicylate, C26-28 Alkyl Dimethicone, Squalane, C18-36 Acid Triglyceride, Glyceryl Dibehenate, Tridecyl Salicylate, Euphorbia Cerifera (Candelilla) Wax, VP\/Eicosene Copolymer, Tribehenin, Methylpropanediol, Lecithin, Dimethiconol\/Propylsilsesquioxane\/Silicate Crosspolymer, Glyceryl Behenate, Copernicia Cerifera (Carnauba) Wax, Caprylyl Glycol, Physalis Angulata Extract, Caprylic\/Capric Triglyceride, Bisabolol, Tocopheryl Acetate, Phenylpropanol, Tin Oxide, Dimethylmethoxy Chromanol, Dimethicone, Tocopherol, Iron Oxides (CI 77491, CI 77492, 77499), Titanium Dioxide (CI 77891).<\/p>\n<p><strong>Pink Sky:<\/strong>\u00a0Jojoba Esters, Synthetic Fluorphlogopite, C26-28 Dimethicone, Butyloctyl Salicylate, Squalane, C18-36 Triglyceride, Polymethylsilsesquioxane, Euphorbia Cerifera (Candelilla) Wax, Glyceryl Dibehenate, C12-15 Alkyl Benzoate, Tridecyl Salicylate, VP\/Eicosene Copolymer, Methlypropanediol, Lecithin, Tribehenin, Dimethiconol\/ Propylsilsesquioxane\/ Silicate Crosspolymer, Copernicia Cerifera (Carnauba) Wax, Glyceryl Behenate, Caprylyl Glycol, Physalis Angulata Extract, Caprylic\/Capric Triglyceride, Tin Oxide, Bisabolol, Mica, Tocopheryl Acetate, Phenylpropanol, Polyglyceryl-4 Diisostearate\/ Polyhydroxystearate\/ Sebacate, Hydrogenated Lecithin, Dimethylmethoxy Chromanol, Aluminum Hydroxide, Tocopherol, Titanium Dioxide (CI 77891), Iron Oxides (CI 77491), Carmine (CI 75470), Iron Oxides (CI 77492), Bismuth Oxychloride (CI 77163).<\/p>\n<p><strong>Golden Hour:<\/strong> Jojoba Esters, C26-28 Dimethicone, Mica, Butyloctyl Salicylate, Squalane, C18-36 Triglyceride, Synthetic Fluorphlogopite, Polymethylsilsesquioxane, Glyceryl Dibehenate, C12-15 Alkyl Benzoate, Tridecyl Salicylate, Euphorbia Cerifera (Candelilla) Wax, VP\/Eicosene Copolymer, Alumina, Methlypropanediol, Lecithin, Tribehenin, Dimethiconol\/Propylsilsesquioxane\/Silicate Crosspolymer, Copernicia Cerifera (Carnauba) Wax, Glyceryl Behenate, Caprylyl Glycol, Physalis Angulata Extract, Caprylic\/Capric Triglyceride, Bisabolol, Tocopheryl Acetate, Phenylpropanol, Polyglyceryl-4 Diisostearate\/Polyhydroxystearate\/Sebacate, Dimethylmethoxy Chromanol, Aluminum Hydroxide, Hydrogenated Lecithin, Tin Oxide, Tocopherol, Iron Oxides (CI 77491), Titanium Dioxide (CI 77891).<\/p>\n<\/div>\n<\/div>\n<\/div>\n<\/div>\n<\/div>\n<blockquote><p><strong>Sirpan vinkki<\/strong><\/p>\n<p>T\u00e4ll\u00e4 balmilla saat tehty\u00e4 niin kauniin ja harmoonisen meikin, posket ja luomet samalla. Voit my\u00f6s lis\u00e4t\u00e4 hehkuvaa puuterimaista luomiv\u00e4ri\u00e4 esim. keskelle liikkuvaa luomea t\u00e4m\u00e4n balmin p\u00e4\u00e4lle saadakseni kaunista kolmiulotteisuutta. Mun ehdoton oma lemppari on Golden Hour!<\/p><\/blockquote>\n<p>&nbsp;<\/p>\n","protected":false},"excerpt":{"rendered":"<p>Poskipuna, hoitavuus ja paljon muuta yhdess\u00e4\u00a0 puikossa suojakertoimella!<\/p>\n<p>Suojaa ja kosteuta huulia, poskia ja silm\u00e4luomia raikkaalla v\u00e4ris\u00e4vyll\u00e4. Jokainen s\u00e4vy on kehitetty EnviroScreen\u00ae-teknologiallamme tarjoamaan t\u00e4yspeitt\u00e4v\u00e4, mineraalipohjainen suoja ulkoisia rasitteita vastaan. Eritt\u00e4in monipuolinen ja helppok\u00e4ytt\u00f6inen nopean arki- ja juhlalookin tekemiseen sek\u00e4 luonnolliseen vapaap\u00e4iv\u00e4\u00e4n.<\/p>\n","protected":false},"featured_media":3484,"template":"","meta":{"_et_pb_use_builder":"","_et_pb_old_content":"","_et_gb_content_width":""},"product_brand":[],"product_cat":[87,91,81,89,25],"product_tag":[94,92,93,95],"class_list":{"0":"post-3496","1":"product","2":"type-product","3":"status-publish","4":"has-post-thumbnail","6":"product_cat-colorescience","7":"product_cat-kasvot","8":"product_cat-meikit","9":"product_cat-poskipunat","10":"product_cat-yleinen","11":"product_tag-aurinkovoide","12":"product_tag-poskipuna","13":"product_tag-uv-suojavoide","14":"product_tag-varjostusvari","15":"product_shipping_class-postitus","17":"first","18":"instock","19":"taxable","20":"shipping-taxable","21":"purchasable","22":"product-type-variable"},"yoast_head":"<!-- This site is optimized with the Yoast SEO plugin v27.4 - https:\/\/yoast.com\/product\/yoast-seo-wordpress\/ -->\n<title>Colorescience\u00ae - Sunforgettable\u00ae Total Protection\u00ae Color Balm SPF 50, 9g - Kauneushoitola Calla<\/title>\n<meta name=\"description\" content=\"Poskipuna, hoitavuus ja paljon muuta yhdess\u00e4\u00a0 puikossa suojakertoimella! Suojaa ja kosteuta huulia, poskia ja silm\u00e4luomia raikkaalla v\u00e4ris\u00e4vyll\u00e4.\" \/>\n<meta name=\"robots\" content=\"index, follow, max-snippet:-1, max-image-preview:large, max-video-preview:-1\" \/>\n<link rel=\"canonical\" href=\"https:\/\/calla.fi\/tuote\/colorescience-sunforgettable-total-protection-color-balm-spf-50-9g\/\" \/>\n<meta property=\"og:locale\" content=\"sv_SE\" \/>\n<meta property=\"og:type\" content=\"article\" \/>\n<meta property=\"og:title\" content=\"Colorescience\u00ae - Sunforgettable\u00ae Total Protection\u00ae Color Balm SPF 50, 9g - Kauneushoitola Calla\" \/>\n<meta property=\"og:description\" content=\"Poskipuna, hoitavuus ja paljon muuta yhdess\u00e4\u00a0 puikossa suojakertoimella! Suojaa ja kosteuta huulia, poskia ja silm\u00e4luomia raikkaalla v\u00e4ris\u00e4vyll\u00e4.\" \/>\n<meta property=\"og:url\" content=\"https:\/\/calla.fi\/tuote\/colorescience-sunforgettable-total-protection-color-balm-spf-50-9g\/\" \/>\n<meta property=\"og:site_name\" content=\"Kauneushoitola Calla\" \/>\n<meta property=\"article:modified_time\" content=\"2026-04-16T09:39:56+00:00\" \/>\n<meta property=\"og:image\" content=\"https:\/\/calla.fi\/wp-content\/uploads\/2026\/03\/cs_color_balm.png\" \/>\n\t<meta property=\"og:image:width\" content=\"1536\" \/>\n\t<meta property=\"og:image:height\" content=\"1536\" \/>\n\t<meta property=\"og:image:type\" content=\"image\/png\" \/>\n<meta name=\"twitter:card\" content=\"summary_large_image\" \/>\n<meta name=\"twitter:label1\" content=\"Ber\u00e4knad l\u00e4stid\" \/>\n\t<meta name=\"twitter:data1\" content=\"5 minuter\" \/>\n<script type=\"application\/ld+json\" class=\"yoast-schema-graph\">{\"@context\":\"https:\\\/\\\/schema.org\",\"@graph\":[{\"@type\":\"WebPage\",\"@id\":\"https:\\\/\\\/calla.fi\\\/tuote\\\/colorescience-sunforgettable-total-protection-color-balm-spf-50-9g\\\/\",\"url\":\"https:\\\/\\\/calla.fi\\\/tuote\\\/colorescience-sunforgettable-total-protection-color-balm-spf-50-9g\\\/\",\"name\":\"Colorescience\u00ae - Sunforgettable\u00ae Total Protection\u00ae Color Balm SPF 50, 9g - Kauneushoitola Calla\",\"isPartOf\":{\"@id\":\"https:\\\/\\\/calla.fi\\\/#website\"},\"primaryImageOfPage\":{\"@id\":\"https:\\\/\\\/calla.fi\\\/tuote\\\/colorescience-sunforgettable-total-protection-color-balm-spf-50-9g\\\/#primaryimage\"},\"image\":{\"@id\":\"https:\\\/\\\/calla.fi\\\/tuote\\\/colorescience-sunforgettable-total-protection-color-balm-spf-50-9g\\\/#primaryimage\"},\"thumbnailUrl\":\"https:\\\/\\\/calla.fi\\\/wp-content\\\/uploads\\\/2026\\\/03\\\/cs_color_balm.png\",\"datePublished\":\"2026-03-21T15:13:49+00:00\",\"dateModified\":\"2026-04-16T09:39:56+00:00\",\"description\":\"Poskipuna, hoitavuus ja paljon muuta yhdess\u00e4\u00a0 puikossa suojakertoimella! Suojaa ja kosteuta huulia, poskia ja silm\u00e4luomia raikkaalla v\u00e4ris\u00e4vyll\u00e4.\",\"breadcrumb\":{\"@id\":\"https:\\\/\\\/calla.fi\\\/tuote\\\/colorescience-sunforgettable-total-protection-color-balm-spf-50-9g\\\/#breadcrumb\"},\"inLanguage\":\"sv-SE\",\"potentialAction\":[{\"@type\":\"ReadAction\",\"target\":[\"https:\\\/\\\/calla.fi\\\/tuote\\\/colorescience-sunforgettable-total-protection-color-balm-spf-50-9g\\\/\"]}]},{\"@type\":\"ImageObject\",\"inLanguage\":\"sv-SE\",\"@id\":\"https:\\\/\\\/calla.fi\\\/tuote\\\/colorescience-sunforgettable-total-protection-color-balm-spf-50-9g\\\/#primaryimage\",\"url\":\"https:\\\/\\\/calla.fi\\\/wp-content\\\/uploads\\\/2026\\\/03\\\/cs_color_balm.png\",\"contentUrl\":\"https:\\\/\\\/calla.fi\\\/wp-content\\\/uploads\\\/2026\\\/03\\\/cs_color_balm.png\",\"width\":1536,\"height\":1536},{\"@type\":\"BreadcrumbList\",\"@id\":\"https:\\\/\\\/calla.fi\\\/tuote\\\/colorescience-sunforgettable-total-protection-color-balm-spf-50-9g\\\/#breadcrumb\",\"itemListElement\":[{\"@type\":\"ListItem\",\"position\":1,\"name\":\"Etusivu\",\"item\":\"https:\\\/\\\/calla.fi\\\/\"},{\"@type\":\"ListItem\",\"position\":2,\"name\":\"Kauppa\",\"item\":\"https:\\\/\\\/calla.fi\\\/kauppa\\\/\"},{\"@type\":\"ListItem\",\"position\":3,\"name\":\"Colorescience\u00ae &#8211; Sunforgettable\u00ae Total Protection\u00ae Color Balm SPF 50, 9g\"}]},{\"@type\":\"WebSite\",\"@id\":\"https:\\\/\\\/calla.fi\\\/#website\",\"url\":\"https:\\\/\\\/calla.fi\\\/\",\"name\":\"Kauneushoitola Calla\",\"description\":\"Ihonhoitoa ja hemmottelua Pietarsaaressa\",\"potentialAction\":[{\"@type\":\"SearchAction\",\"target\":{\"@type\":\"EntryPoint\",\"urlTemplate\":\"https:\\\/\\\/calla.fi\\\/?s={search_term_string}\"},\"query-input\":{\"@type\":\"PropertyValueSpecification\",\"valueRequired\":true,\"valueName\":\"search_term_string\"}}],\"inLanguage\":\"sv-SE\"}]}<\/script>\n<!-- \/ Yoast SEO plugin. -->","yoast_head_json":{"title":"Colorescience\u00ae - Sunforgettable\u00ae Total Protection\u00ae Color Balm SPF 50, 9g - Kauneushoitola Calla","description":"Poskipuna, hoitavuus ja paljon muuta yhdess\u00e4\u00a0 puikossa suojakertoimella! Suojaa ja kosteuta huulia, poskia ja silm\u00e4luomia raikkaalla v\u00e4ris\u00e4vyll\u00e4.","robots":{"index":"index","follow":"follow","max-snippet":"max-snippet:-1","max-image-preview":"max-image-preview:large","max-video-preview":"max-video-preview:-1"},"canonical":"https:\/\/calla.fi\/tuote\/colorescience-sunforgettable-total-protection-color-balm-spf-50-9g\/","og_locale":"sv_SE","og_type":"article","og_title":"Colorescience\u00ae - Sunforgettable\u00ae Total Protection\u00ae Color Balm SPF 50, 9g - Kauneushoitola Calla","og_description":"Poskipuna, hoitavuus ja paljon muuta yhdess\u00e4\u00a0 puikossa suojakertoimella! Suojaa ja kosteuta huulia, poskia ja silm\u00e4luomia raikkaalla v\u00e4ris\u00e4vyll\u00e4.","og_url":"https:\/\/calla.fi\/tuote\/colorescience-sunforgettable-total-protection-color-balm-spf-50-9g\/","og_site_name":"Kauneushoitola Calla","article_modified_time":"2026-04-16T09:39:56+00:00","og_image":[{"width":1536,"height":1536,"url":"https:\/\/calla.fi\/wp-content\/uploads\/2026\/03\/cs_color_balm.png","type":"image\/png"}],"twitter_card":"summary_large_image","twitter_misc":{"Ber\u00e4knad l\u00e4stid":"5 minuter"},"schema":{"@context":"https:\/\/schema.org","@graph":[{"@type":"WebPage","@id":"https:\/\/calla.fi\/tuote\/colorescience-sunforgettable-total-protection-color-balm-spf-50-9g\/","url":"https:\/\/calla.fi\/tuote\/colorescience-sunforgettable-total-protection-color-balm-spf-50-9g\/","name":"Colorescience\u00ae - Sunforgettable\u00ae Total Protection\u00ae Color Balm SPF 50, 9g - Kauneushoitola Calla","isPartOf":{"@id":"https:\/\/calla.fi\/#website"},"primaryImageOfPage":{"@id":"https:\/\/calla.fi\/tuote\/colorescience-sunforgettable-total-protection-color-balm-spf-50-9g\/#primaryimage"},"image":{"@id":"https:\/\/calla.fi\/tuote\/colorescience-sunforgettable-total-protection-color-balm-spf-50-9g\/#primaryimage"},"thumbnailUrl":"https:\/\/calla.fi\/wp-content\/uploads\/2026\/03\/cs_color_balm.png","datePublished":"2026-03-21T15:13:49+00:00","dateModified":"2026-04-16T09:39:56+00:00","description":"Poskipuna, hoitavuus ja paljon muuta yhdess\u00e4\u00a0 puikossa suojakertoimella! Suojaa ja kosteuta huulia, poskia ja silm\u00e4luomia raikkaalla v\u00e4ris\u00e4vyll\u00e4.","breadcrumb":{"@id":"https:\/\/calla.fi\/tuote\/colorescience-sunforgettable-total-protection-color-balm-spf-50-9g\/#breadcrumb"},"inLanguage":"sv-SE","potentialAction":[{"@type":"ReadAction","target":["https:\/\/calla.fi\/tuote\/colorescience-sunforgettable-total-protection-color-balm-spf-50-9g\/"]}]},{"@type":"ImageObject","inLanguage":"sv-SE","@id":"https:\/\/calla.fi\/tuote\/colorescience-sunforgettable-total-protection-color-balm-spf-50-9g\/#primaryimage","url":"https:\/\/calla.fi\/wp-content\/uploads\/2026\/03\/cs_color_balm.png","contentUrl":"https:\/\/calla.fi\/wp-content\/uploads\/2026\/03\/cs_color_balm.png","width":1536,"height":1536},{"@type":"BreadcrumbList","@id":"https:\/\/calla.fi\/tuote\/colorescience-sunforgettable-total-protection-color-balm-spf-50-9g\/#breadcrumb","itemListElement":[{"@type":"ListItem","position":1,"name":"Etusivu","item":"https:\/\/calla.fi\/"},{"@type":"ListItem","position":2,"name":"Kauppa","item":"https:\/\/calla.fi\/kauppa\/"},{"@type":"ListItem","position":3,"name":"Colorescience\u00ae &#8211; Sunforgettable\u00ae Total Protection\u00ae Color Balm SPF 50, 9g"}]},{"@type":"WebSite","@id":"https:\/\/calla.fi\/#website","url":"https:\/\/calla.fi\/","name":"Kauneushoitola Calla","description":"Ihonhoitoa ja hemmottelua Pietarsaaressa","potentialAction":[{"@type":"SearchAction","target":{"@type":"EntryPoint","urlTemplate":"https:\/\/calla.fi\/?s={search_term_string}"},"query-input":{"@type":"PropertyValueSpecification","valueRequired":true,"valueName":"search_term_string"}}],"inLanguage":"sv-SE"}]}},"_links":{"self":[{"href":"https:\/\/calla.fi\/sv\/wp-json\/wp\/v2\/product\/3496","targetHints":{"allow":["GET"]}}],"collection":[{"href":"https:\/\/calla.fi\/sv\/wp-json\/wp\/v2\/product"}],"about":[{"href":"https:\/\/calla.fi\/sv\/wp-json\/wp\/v2\/types\/product"}],"wp:featuredmedia":[{"embeddable":true,"href":"https:\/\/calla.fi\/sv\/wp-json\/wp\/v2\/media\/3484"}],"wp:attachment":[{"href":"https:\/\/calla.fi\/sv\/wp-json\/wp\/v2\/media?parent=3496"}],"wp:term":[{"taxonomy":"product_brand","embeddable":true,"href":"https:\/\/calla.fi\/sv\/wp-json\/wp\/v2\/product_brand?post=3496"},{"taxonomy":"product_cat","embeddable":true,"href":"https:\/\/calla.fi\/sv\/wp-json\/wp\/v2\/product_cat?post=3496"},{"taxonomy":"product_tag","embeddable":true,"href":"https:\/\/calla.fi\/sv\/wp-json\/wp\/v2\/product_tag?post=3496"}],"curies":[{"name":"wp","href":"https:\/\/api.w.org\/{rel}","templated":true}]}}