{"id":3518,"date":"2026-03-22T21:42:25","date_gmt":"2026-03-22T19:42:25","guid":{"rendered":"https:\/\/calla.fi\/?post_type=product&#038;p=3518"},"modified":"2026-04-22T13:57:04","modified_gmt":"2026-04-22T10:57:04","slug":"colorescience-peptide-lip-shine-spf-30-pa-4ml","status":"publish","type":"product","link":"https:\/\/calla.fi\/sv\/tuote\/colorescience-peptide-lip-shine-spf-30-pa-4ml\/","title":{"rendered":"Colorescience\u00ae &#8211; Peptide Lip Shine SPF 30 PA+++, 4ml"},"content":{"rendered":"<h3>Mik\u00e4 tekee tuotteesta tehokkaan?<\/h3>\n<p><strong>Maksimaalisen tason uv-suoja, sinkkioksidi<br \/>\n<\/strong>Patentoitu, 7,8 % sinkkioksidi tarjoaa UVA\/UVB-suojan ja suojaa vapailta radikaaleilta. SPF 30, PA+++<\/p>\n<p><strong>Maxi-Lip\u2122 Peptidit<br \/>\n<\/strong>Auttaa ehk\u00e4isem\u00e4\u00e4n n\u00e4kyvi\u00e4 ik\u00e4\u00e4ntymisen merkkej\u00e4 tukemalla kollageenia ja elastiinia sile\u00e4mm\u00e4n ja t\u00e4ytel\u00e4isemm\u00e4n ulkon\u00e4\u00f6n saamiseksi. Nyt 2 kertaa suurempi m\u00e4\u00e4r\u00e4 peptidej\u00e4, jotka tuovat huulille upeaa t\u00e4ytel\u00e4isyytt\u00e4.<\/p>\n<p><strong>E-Vitamiini<br \/>\n<\/strong>Tehokas antioksidantti, joka auttaa suojaamaan vapaiden radikaalien aiheuttamilta vaurioilta.<\/p>\n<p><strong>Bisabolol<\/strong><br \/>\nKamomilla\u00f6ljyst\u00e4 johdettu rauhoittava ainesosa, joka auttaa rauhoittamaan ja hoitamaan ihoa.<\/p>\n<p><strong>Hyaluronihappo<br \/>\n<\/strong>Kosteuttaa ja t\u00e4ytel\u00e4ist\u00e4\u00e4 huulia.<\/p>\n<p><strong>Ei tuki ihohuokosia \/ Hypoallergeeninen \/ Parabeeniton \/ Ei testattu el\u00e4imill\u00e4 \/ Sulfaatiton \/ Ftalaatiton \/ \u00d6ljyt\u00f6n \/ Gluteeniton \/ Hajusteeton<\/strong><\/p>\n<h3>Sopisiko sinulle?<\/h3>\n<p>Sopii kaikille ihotyypeille.<\/p>\n<p><strong>S\u00e4vyt<\/strong><br \/>\n<strong>Pink<\/strong> -Elinvoimainen versio klassisesta s\u00e4vyst\u00e4 \u2013 t\u00e4ydellinen v\u00e4ripilkku t\u00e4ydent\u00e4m\u00e4\u00e4n mink\u00e4 tahansa lookin. Suosituin.<br \/>\n<strong>Coral<\/strong> -L\u00e4mmin ja leikkis\u00e4 persikkainen s\u00e4vy, jossa on hohtava kultainen kiilto.<br \/>\n<strong>Champagne<\/strong> &#8211; \u00a0Luonnollinen, vaalea beige-vaaleanpunainen s\u00e4vy, jossa on kevytt\u00e4 hohtoa ja joka sopii kaikille ihons\u00e4vyille. Monipuolisin.<br \/>\n<strong>Rose &#8211; <\/strong>Upea lilans\u00e4vy, hiukan vanhanroosan henkinen, jossa on hienovaraista hohtoa ja joka sopii joka tilanteeseen<br \/>\n<strong>Savanna &#8211; <\/strong>l\u00e4mmin, ruusunruskea nude-s\u00e4vy, joka antaa kiillotetun lopputuloksen ja kohottaa mit\u00e4 tahansa ilmett\u00e4<br \/>\n<strong>Guava &#8211; <\/strong>s\u00e4vyist\u00e4 huulipunamaisin lopputulos, ei-hohtava, kaunis tummahko (ei fuksia) vaaleanpunainen s\u00e4vy. Loistava arkeen, kun haluat hiukan n\u00e4ytt\u00e4vyytt\u00e4<\/p>\n<h3>Miten k\u00e4yt\u00e4t?<\/h3>\n<p>Siin\u00e4 kohtaa kun laitat yleens\u00e4kin huulikiillon tai punan. Lis\u00e4\u00e4 p\u00e4iv\u00e4n aikana.<\/p>\n<h3>Koostumus<\/h3>\n<p>Voidemainen huulikiilto<\/p>\n<h3>INCI<\/h3>\n<p>Zink Oxide 7,8 %, Phenyl Trimethicone, Bis-Vinyl Dimethicone\/Dimethicone Copolymer, Neopentyl Glycol Diheptanoate, Disteardimonium Hectorite, Mica, Ethylhexyl Palmitate, Tocopheryl Acetate, Triethyl Citrate, Glyceryl Isostearate, Cetyl PEG\/PPG-10\/1 Dimethicone, Polyhydroxystearic Acid, Tribehenin, Sodium Hyaluronate, Palmitoyl Tripeptide-1, Sorbitan Isostearate, Tin Oxide, Flavor\/Aroma, Limonene, Iron Oxides (CI 77491, CI 77492, CI 77499), Titanium Dioxide (CI 77891), Carmine (CI 75470)<\/p>\n<blockquote><p><strong>Sirpan vinkki<\/strong><\/p>\n<p>Todella kest\u00e4v\u00e4 huulikiilto, pysyy huulilla todella hyvin. Guava-s\u00e4vyst\u00e4 ei valitettavasti ole kuvaa t\u00e4ll\u00e4 hetkell\u00e4, mutta se s\u00e4vy on t\u00e4ydellinen arki s\u00e4vy, ainakin omasta mielest\u00e4ni. Se on enemm\u00e4n huulipunamainen, kuin kiiltomainen. My\u00f6s nudeista rusehtava Savanna on todella upea. Kaikki on ihania ja toimivia, mutta tuossa mun suosikit.<\/p><\/blockquote>\n<p>&nbsp;<\/p>\n","protected":false},"excerpt":{"rendered":"<p>UV-suojan antava kest\u00e4v\u00e4 huulikiilto, joka samalla hoitaa ja kosteuttaa huulia tehokkaasti.<\/p>\n<p>Nyt kaksinkertainen m\u00e4\u00e4r\u00e4 peptidej\u00e4 lis\u00e4t\u00e4 t\u00e4ytel\u00e4isyytt\u00e4 ja kosteutusta! Huulet n\u00e4ytt\u00e4v\u00e4t t\u00e4ytel\u00e4isemmilt\u00e4 ja tuntuvat kosteutetuilta s\u00e4\u00e4nn\u00f6llisell\u00e4 k\u00e4yt\u00f6ll\u00e4. T\u00e4ydellinen huulihoito.Ravitseva kiilto, jossa on peptidej\u00e4, hyaluronihappoa ja E-vitamiinia kosteuttamaan, parantamaan rakennetta ja hoitamaan huulia. Kevyt s\u00e4vy ja SPF 30 mineraalipohjaisella suojalla terveemmille ja pehme\u00e4mmille huulille.<\/p>\n","protected":false},"featured_media":3488,"template":"","meta":{"_et_pb_use_builder":"","_et_pb_old_content":"","_et_gb_content_width":""},"product_brand":[],"product_cat":[87,90,100,81,25],"product_tag":[],"class_list":{"0":"post-3518","1":"product","2":"type-product","3":"status-publish","4":"has-post-thumbnail","6":"product_cat-colorescience","7":"product_cat-poskipunat","8":"product_cat-huulet","9":"product_cat-meikit","10":"product_cat-yleinen","11":"product_shipping_class-postitus","13":"first","14":"instock","15":"taxable","16":"shipping-taxable","17":"purchasable","18":"product-type-variable"},"yoast_head":"<!-- This site is optimized with the Yoast SEO plugin v27.4 - https:\/\/yoast.com\/product\/yoast-seo-wordpress\/ -->\n<title>Colorescience\u00ae - Peptide Lip Shine SPF 30 PA+++, 4ml - Kauneushoitola Calla<\/title>\n<meta name=\"description\" content=\"UV-suojan antava kest\u00e4v\u00e4 huulikiilto, joka samalla hoitaa ja kosteuttaa huulia tehokkaasti.\" \/>\n<meta name=\"robots\" content=\"index, follow, max-snippet:-1, max-image-preview:large, max-video-preview:-1\" \/>\n<link rel=\"canonical\" href=\"https:\/\/calla.fi\/tuote\/colorescience-peptide-lip-shine-spf-30-pa-4ml\/\" \/>\n<meta property=\"og:locale\" content=\"sv_SE\" \/>\n<meta property=\"og:type\" content=\"article\" \/>\n<meta property=\"og:title\" content=\"Colorescience\u00ae - Peptide Lip Shine SPF 30 PA+++, 4ml - Kauneushoitola Calla\" \/>\n<meta property=\"og:description\" content=\"UV-suojan antava kest\u00e4v\u00e4 huulikiilto, joka samalla hoitaa ja kosteuttaa huulia tehokkaasti.\" \/>\n<meta property=\"og:url\" content=\"https:\/\/calla.fi\/tuote\/colorescience-peptide-lip-shine-spf-30-pa-4ml\/\" \/>\n<meta property=\"og:site_name\" content=\"Kauneushoitola Calla\" \/>\n<meta property=\"article:modified_time\" content=\"2026-04-22T10:57:04+00:00\" \/>\n<meta property=\"og:image\" content=\"https:\/\/calla.fi\/wp-content\/uploads\/2026\/03\/Peptide_Lip_Shine_SPF_30_pink_bottle-2.png\" \/>\n\t<meta property=\"og:image:width\" content=\"2048\" \/>\n\t<meta property=\"og:image:height\" content=\"2048\" \/>\n\t<meta property=\"og:image:type\" content=\"image\/png\" \/>\n<meta name=\"twitter:card\" content=\"summary_large_image\" \/>\n<meta name=\"twitter:label1\" content=\"Ber\u00e4knad l\u00e4stid\" \/>\n\t<meta name=\"twitter:data1\" content=\"2 minuter\" \/>\n<script type=\"application\/ld+json\" class=\"yoast-schema-graph\">{\"@context\":\"https:\\\/\\\/schema.org\",\"@graph\":[{\"@type\":\"WebPage\",\"@id\":\"https:\\\/\\\/calla.fi\\\/tuote\\\/colorescience-peptide-lip-shine-spf-30-pa-4ml\\\/\",\"url\":\"https:\\\/\\\/calla.fi\\\/tuote\\\/colorescience-peptide-lip-shine-spf-30-pa-4ml\\\/\",\"name\":\"Colorescience\u00ae - Peptide Lip Shine SPF 30 PA+++, 4ml - Kauneushoitola Calla\",\"isPartOf\":{\"@id\":\"https:\\\/\\\/calla.fi\\\/#website\"},\"primaryImageOfPage\":{\"@id\":\"https:\\\/\\\/calla.fi\\\/tuote\\\/colorescience-peptide-lip-shine-spf-30-pa-4ml\\\/#primaryimage\"},\"image\":{\"@id\":\"https:\\\/\\\/calla.fi\\\/tuote\\\/colorescience-peptide-lip-shine-spf-30-pa-4ml\\\/#primaryimage\"},\"thumbnailUrl\":\"https:\\\/\\\/calla.fi\\\/wp-content\\\/uploads\\\/2026\\\/03\\\/Peptide_Lip_Shine_SPF_30_pink_bottle-2.png\",\"datePublished\":\"2026-03-22T19:42:25+00:00\",\"dateModified\":\"2026-04-22T10:57:04+00:00\",\"description\":\"UV-suojan antava kest\u00e4v\u00e4 huulikiilto, joka samalla hoitaa ja kosteuttaa huulia tehokkaasti.\",\"breadcrumb\":{\"@id\":\"https:\\\/\\\/calla.fi\\\/tuote\\\/colorescience-peptide-lip-shine-spf-30-pa-4ml\\\/#breadcrumb\"},\"inLanguage\":\"sv-SE\",\"potentialAction\":[{\"@type\":\"ReadAction\",\"target\":[\"https:\\\/\\\/calla.fi\\\/tuote\\\/colorescience-peptide-lip-shine-spf-30-pa-4ml\\\/\"]}]},{\"@type\":\"ImageObject\",\"inLanguage\":\"sv-SE\",\"@id\":\"https:\\\/\\\/calla.fi\\\/tuote\\\/colorescience-peptide-lip-shine-spf-30-pa-4ml\\\/#primaryimage\",\"url\":\"https:\\\/\\\/calla.fi\\\/wp-content\\\/uploads\\\/2026\\\/03\\\/Peptide_Lip_Shine_SPF_30_pink_bottle-2.png\",\"contentUrl\":\"https:\\\/\\\/calla.fi\\\/wp-content\\\/uploads\\\/2026\\\/03\\\/Peptide_Lip_Shine_SPF_30_pink_bottle-2.png\",\"width\":2048,\"height\":2048},{\"@type\":\"BreadcrumbList\",\"@id\":\"https:\\\/\\\/calla.fi\\\/tuote\\\/colorescience-peptide-lip-shine-spf-30-pa-4ml\\\/#breadcrumb\",\"itemListElement\":[{\"@type\":\"ListItem\",\"position\":1,\"name\":\"Etusivu\",\"item\":\"https:\\\/\\\/calla.fi\\\/\"},{\"@type\":\"ListItem\",\"position\":2,\"name\":\"Kauppa\",\"item\":\"https:\\\/\\\/calla.fi\\\/kauppa\\\/\"},{\"@type\":\"ListItem\",\"position\":3,\"name\":\"Colorescience\u00ae &#8211; Peptide Lip Shine SPF 30 PA+++, 4ml\"}]},{\"@type\":\"WebSite\",\"@id\":\"https:\\\/\\\/calla.fi\\\/#website\",\"url\":\"https:\\\/\\\/calla.fi\\\/\",\"name\":\"Kauneushoitola Calla\",\"description\":\"Ihonhoitoa ja hemmottelua Pietarsaaressa\",\"potentialAction\":[{\"@type\":\"SearchAction\",\"target\":{\"@type\":\"EntryPoint\",\"urlTemplate\":\"https:\\\/\\\/calla.fi\\\/?s={search_term_string}\"},\"query-input\":{\"@type\":\"PropertyValueSpecification\",\"valueRequired\":true,\"valueName\":\"search_term_string\"}}],\"inLanguage\":\"sv-SE\"}]}<\/script>\n<!-- \/ Yoast SEO plugin. -->","yoast_head_json":{"title":"Colorescience\u00ae - Peptide Lip Shine SPF 30 PA+++, 4ml - Kauneushoitola Calla","description":"UV-suojan antava kest\u00e4v\u00e4 huulikiilto, joka samalla hoitaa ja kosteuttaa huulia tehokkaasti.","robots":{"index":"index","follow":"follow","max-snippet":"max-snippet:-1","max-image-preview":"max-image-preview:large","max-video-preview":"max-video-preview:-1"},"canonical":"https:\/\/calla.fi\/tuote\/colorescience-peptide-lip-shine-spf-30-pa-4ml\/","og_locale":"sv_SE","og_type":"article","og_title":"Colorescience\u00ae - Peptide Lip Shine SPF 30 PA+++, 4ml - Kauneushoitola Calla","og_description":"UV-suojan antava kest\u00e4v\u00e4 huulikiilto, joka samalla hoitaa ja kosteuttaa huulia tehokkaasti.","og_url":"https:\/\/calla.fi\/tuote\/colorescience-peptide-lip-shine-spf-30-pa-4ml\/","og_site_name":"Kauneushoitola Calla","article_modified_time":"2026-04-22T10:57:04+00:00","og_image":[{"width":2048,"height":2048,"url":"https:\/\/calla.fi\/wp-content\/uploads\/2026\/03\/Peptide_Lip_Shine_SPF_30_pink_bottle-2.png","type":"image\/png"}],"twitter_card":"summary_large_image","twitter_misc":{"Ber\u00e4knad l\u00e4stid":"2 minuter"},"schema":{"@context":"https:\/\/schema.org","@graph":[{"@type":"WebPage","@id":"https:\/\/calla.fi\/tuote\/colorescience-peptide-lip-shine-spf-30-pa-4ml\/","url":"https:\/\/calla.fi\/tuote\/colorescience-peptide-lip-shine-spf-30-pa-4ml\/","name":"Colorescience\u00ae - Peptide Lip Shine SPF 30 PA+++, 4ml - Kauneushoitola Calla","isPartOf":{"@id":"https:\/\/calla.fi\/#website"},"primaryImageOfPage":{"@id":"https:\/\/calla.fi\/tuote\/colorescience-peptide-lip-shine-spf-30-pa-4ml\/#primaryimage"},"image":{"@id":"https:\/\/calla.fi\/tuote\/colorescience-peptide-lip-shine-spf-30-pa-4ml\/#primaryimage"},"thumbnailUrl":"https:\/\/calla.fi\/wp-content\/uploads\/2026\/03\/Peptide_Lip_Shine_SPF_30_pink_bottle-2.png","datePublished":"2026-03-22T19:42:25+00:00","dateModified":"2026-04-22T10:57:04+00:00","description":"UV-suojan antava kest\u00e4v\u00e4 huulikiilto, joka samalla hoitaa ja kosteuttaa huulia tehokkaasti.","breadcrumb":{"@id":"https:\/\/calla.fi\/tuote\/colorescience-peptide-lip-shine-spf-30-pa-4ml\/#breadcrumb"},"inLanguage":"sv-SE","potentialAction":[{"@type":"ReadAction","target":["https:\/\/calla.fi\/tuote\/colorescience-peptide-lip-shine-spf-30-pa-4ml\/"]}]},{"@type":"ImageObject","inLanguage":"sv-SE","@id":"https:\/\/calla.fi\/tuote\/colorescience-peptide-lip-shine-spf-30-pa-4ml\/#primaryimage","url":"https:\/\/calla.fi\/wp-content\/uploads\/2026\/03\/Peptide_Lip_Shine_SPF_30_pink_bottle-2.png","contentUrl":"https:\/\/calla.fi\/wp-content\/uploads\/2026\/03\/Peptide_Lip_Shine_SPF_30_pink_bottle-2.png","width":2048,"height":2048},{"@type":"BreadcrumbList","@id":"https:\/\/calla.fi\/tuote\/colorescience-peptide-lip-shine-spf-30-pa-4ml\/#breadcrumb","itemListElement":[{"@type":"ListItem","position":1,"name":"Etusivu","item":"https:\/\/calla.fi\/"},{"@type":"ListItem","position":2,"name":"Kauppa","item":"https:\/\/calla.fi\/kauppa\/"},{"@type":"ListItem","position":3,"name":"Colorescience\u00ae &#8211; Peptide Lip Shine SPF 30 PA+++, 4ml"}]},{"@type":"WebSite","@id":"https:\/\/calla.fi\/#website","url":"https:\/\/calla.fi\/","name":"Kauneushoitola Calla","description":"Ihonhoitoa ja hemmottelua Pietarsaaressa","potentialAction":[{"@type":"SearchAction","target":{"@type":"EntryPoint","urlTemplate":"https:\/\/calla.fi\/?s={search_term_string}"},"query-input":{"@type":"PropertyValueSpecification","valueRequired":true,"valueName":"search_term_string"}}],"inLanguage":"sv-SE"}]}},"_links":{"self":[{"href":"https:\/\/calla.fi\/sv\/wp-json\/wp\/v2\/product\/3518","targetHints":{"allow":["GET"]}}],"collection":[{"href":"https:\/\/calla.fi\/sv\/wp-json\/wp\/v2\/product"}],"about":[{"href":"https:\/\/calla.fi\/sv\/wp-json\/wp\/v2\/types\/product"}],"wp:featuredmedia":[{"embeddable":true,"href":"https:\/\/calla.fi\/sv\/wp-json\/wp\/v2\/media\/3488"}],"wp:attachment":[{"href":"https:\/\/calla.fi\/sv\/wp-json\/wp\/v2\/media?parent=3518"}],"wp:term":[{"taxonomy":"product_brand","embeddable":true,"href":"https:\/\/calla.fi\/sv\/wp-json\/wp\/v2\/product_brand?post=3518"},{"taxonomy":"product_cat","embeddable":true,"href":"https:\/\/calla.fi\/sv\/wp-json\/wp\/v2\/product_cat?post=3518"},{"taxonomy":"product_tag","embeddable":true,"href":"https:\/\/calla.fi\/sv\/wp-json\/wp\/v2\/product_tag?post=3518"}],"curies":[{"name":"wp","href":"https:\/\/api.w.org\/{rel}","templated":true}]}}