{"id":3555,"date":"2026-03-22T21:39:12","date_gmt":"2026-03-22T19:39:12","guid":{"rendered":"https:\/\/calla.fi\/?post_type=product&#038;p=3555"},"modified":"2026-03-22T21:41:42","modified_gmt":"2026-03-22T19:41:42","slug":"colorescience-total-eye-3-in-1-renewal-therapy-spf-35-pa-7ml","status":"publish","type":"product","link":"https:\/\/calla.fi\/sv\/tuote\/colorescience-total-eye-3-in-1-renewal-therapy-spf-35-pa-7ml\/","title":{"rendered":"Colorescience\u00ae &#8211; Total Eye\u00ae 3-in-1 Renewal Therapy SPF 35 PA+++, 7ml"},"content":{"rendered":"<h3>Mik\u00e4 tekee tuotteesta tehokkaan?<\/h3>\n<p><strong>Actineyes<br \/>\n<\/strong>Meriveden ja merellisten mikrolevien yhdistelm\u00e4, joka suojaa ihoa ep\u00e4puhtauksilta ja hoitaa samalla veltostunutta ihoa ja silm\u00e4nalusia tukemalla kollageenin terveytt\u00e4 ja lis\u00e4\u00e4m\u00e4ll\u00e4 ihon kiinteytt\u00e4.<\/p>\n<p><strong>Aldavine\u2122 5X<\/strong><br \/>\nTehokas, kahdesta polysakkaridista koostuva ainesosa, joka minimoi turvotusta silmien ymp\u00e4rill\u00e4 ja auttaa v\u00e4hent\u00e4m\u00e4\u00e4n tummien silm\u00e4nalusien ulkon\u00e4k\u00f6\u00e4.<br \/>\n<em>*ALDAVINE\u2122 5X:\u00e4\u00e4 k\u00e4ytet\u00e4\u00e4n Lucas Meyer Cosmetic Canada inc. lisenssill\u00e4.<\/em><\/p>\n<p><strong>Phytomoist<br \/>\n<\/strong>Sis\u00e4lt\u00e4\u00e4 luonnollista, kasvipohjaista hyaluronihappoa ja betaiinia. Phytomoist hoitaa ihon kosteutusta ja yleist\u00e4 joustavuutta ja auttaa yll\u00e4pit\u00e4m\u00e4\u00e4n vesitasapainoa ajan my\u00f6t\u00e4. Kosteuttaa 4 kertaa enemm\u00e4n kuin hyaluronihappo.<\/p>\n<p><strong>Beautifeye\u2122<br \/>\n<\/strong>Koostuu kahdesta kasviuutteesta, jotka toimivat synergisesti v\u00e4hent\u00e4\u00e4kseen hienojen juonteiden, ryppyjen ja ryppyjen syvyytt\u00e4 sek\u00e4 minimoidakseen yl\u00e4luomen ryppyj\u00e4 ja saadakseen sile\u00e4mm\u00e4n ulkon\u00e4\u00f6n. Korjaa v\u00e4rimuutoksia ja h\u00e4ivytt\u00e4\u00e4 tummia silm\u00e4nalusia.<\/p>\n<p><strong>Syn-Eve\u00ae<br \/>\n<\/strong>Tehokas sekoitus peptidej\u00e4 ja vitamiineja, jotka todistetusti korjaavat silmien alla olevien tummien silm\u00e4nalusien, juonteiden, ryppyjen ja turvotuksen kaltaisia ongelmia jo 7 p\u00e4iv\u00e4ss\u00e4.<br \/>\n<em>*SYN-EYE\u00ae on DSM:n tavaramerkki.<\/em><\/p>\n<p><strong>Ei tuki ihohuokosia \/ Hypoallergeeninen \/ Parabeeniton \/ Ei testattu el\u00e4imill\u00e4 \/ Sulfaatiton \/ Ftalaatiton \/ \u00d6ljyt\u00f6n \/ Gluteeniton \/ Hajusteeton<\/strong><\/p>\n<h3>Sopisiko sinulle?<\/h3>\n<p>Sopii kaikille ihotyypeille.<\/p>\n<p><strong>S\u00e4vy<br \/>\nFair<\/strong> &#8211; vaalea, kirkkautta antava s\u00e4vy<br \/>\n<strong>Medium<\/strong> &#8211; oranssiin taittava consealer-s\u00e4vym, joka taittaa sinisyytt\u00e4 silmien alla loistavasti<\/p>\n<h3>Miten k\u00e4yt\u00e4t?<\/h3>\n<p>Aamuisin<\/p>\n<ol class=\"wp-block-list has-p-font-size\">\n<li>Avaa korkki ja pumppaa varovasti tuotetta applikaattorin p\u00e4\u00e4h\u00e4n. Varo ettei tule liikaa.<\/li>\n<li>Levit\u00e4 tuote tasaisesti koko silm\u00e4nymp\u00e4rysihon alueelle niin, ett\u00e4 kaikki silm\u00e4st\u00e4 kulmakarvoihin peittyy (my\u00f6s silm\u00e4luomet). Voit levitt\u00e4 pakkauksen applikaattorilla, sormin tai siveltimell\u00e4.<\/li>\n<li>H\u00e4ivyt\u00e4 sormenp\u00e4ill\u00e4 saumattoman lopputuloksen aikaansaamiseksi.<\/li>\n<\/ol>\n<h3>Koostumus<\/h3>\n<p>S\u00e4vytetty voide<\/p>\n<h3>INCI<\/h3>\n<p>Titanium Dioxide 7.9 %<br \/>\nZinc Oxide 6.7 %<br \/>\nAqua\/Water, Hydrogenated Polyisobutene, Cyclopentasiloxane, Caprylic\/Capric Triglyceride, Lauryl Polyglyceryl-3 Polydimethylsiloxyethyl Dimethicone, Glycerin, Panthenol, Mica, Dimethicone Crosspolymer, Albizia Julibrissin Bark Extract, Sea Water, Sorbitol, Jojoba Esters, Sodium Hyaluronate, Palmitoyl Tripeptide-5, Tremella Fuciformis Sporocarp Extract, Hydrolyzed Algin, Ascophyllum Nodosum Extract, Betaine, Dunaliella Salina Extract, Asparagopsis Armata Extract, Sucrose, Darutoside, Pantolactone, Tocopherol, Sodium Chloride, Dimethicone\/Vinyl Dimethicone Crosspolymer, Silica, Polyhydroxystearic Acid, Glyceryl Behenate\/Eicosadioate, Dimethicone, Lauroyl Lysine, Dimethiconol, Ethylhexylglycerin, Triethoxycaprylylsilane, Alumina, Phenoxyethanol, Potassium Sorbate, Sodium Benzoate, Citric Acid, Iron Oxides (CI 77491, CI 77492, CI 77499)<\/p>\n<blockquote><p><strong>Sirpan vinkki<\/strong><\/p>\n<p>Todelle positiivinen yll\u00e4tys. Oma suosikkini on Fair-s\u00e4vy, antaa valoa todella hyvin silmien alle h\u00e4ivytt\u00e4en tummuuden t\u00e4ysin. Itse tykk\u00e4\u00e4n levitt\u00e4\u00e4 siveltimell\u00e4, mutta voi my\u00f6s sormin tasoitella. Silm\u00e4nymp\u00e4rys j\u00e4\u00e4 todella usein suojamatta uv-s\u00e4teilt\u00e4 sek\u00e4 saasteilta, t\u00e4ss\u00e4 tuotteessa saat uv-suojan, ihonhoidon ja meikin samassa. Taas, eritt\u00e4in j\u00e4rkev\u00e4\u00e4 ja helppoa!<\/p><\/blockquote>\n<p>&nbsp;<\/p>\n","protected":false},"excerpt":{"rendered":"<p>Hemmottele silmi\u00e4si Total Eye\u00ae 3-in-1 Renewal Therapy SPF 35:ll\u00e4, joka parantaa n\u00e4kyv\u00e4sti tummien silm\u00e4nalusien, turvotuksen, juonteiden ja ryppyjen ulkon\u00e4k\u00f6\u00e4 ja suojaa samalla herkk\u00e4\u00e4 silm\u00e4nymp\u00e4rysihoa valon aiheuttamalta ik\u00e4\u00e4ntymiselt\u00e4 100 %:n SPF 35 -mineraali-aurinkosuojalla.<\/p>\n","protected":false},"featured_media":3494,"template":"","meta":{"_et_pb_use_builder":"","_et_pb_old_content":"","_et_gb_content_width":""},"product_brand":[],"product_cat":[87,81,102,103,54,25],"product_tag":[],"class_list":{"0":"post-3555","1":"product","2":"type-product","3":"status-publish","4":"has-post-thumbnail","6":"product_cat-colorescience","7":"product_cat-meikit","8":"product_cat-silmat","10":"product_cat-uv-suojaus","11":"product_cat-yleinen","12":"product_shipping_class-postitus","14":"first","15":"instock","16":"taxable","17":"shipping-taxable","18":"purchasable","19":"product-type-variable"},"yoast_head":"<!-- This site is optimized with the Yoast SEO plugin v27.4 - https:\/\/yoast.com\/product\/yoast-seo-wordpress\/ -->\n<title>Colorescience\u00ae - Total Eye\u00ae 3-in-1 Renewal Therapy SPF 35 PA+++, 7ml - Kauneushoitola Calla<\/title>\n<meta name=\"description\" content=\"i Total Eye\u00ae 3-in-1 Renewal Therapy SPF 35 parantaa n\u00e4kyv\u00e4sti tummien silm\u00e4nalusien, turvotuksen, juonteiden ja ryppyjen ulkon\u00e4k\u00f6\u00e4.\" \/>\n<meta name=\"robots\" content=\"index, follow, max-snippet:-1, max-image-preview:large, max-video-preview:-1\" \/>\n<link rel=\"canonical\" href=\"https:\/\/calla.fi\/tuote\/colorescience-total-eye-3-in-1-renewal-therapy-spf-35-pa-7ml\/\" \/>\n<meta property=\"og:locale\" content=\"sv_SE\" \/>\n<meta property=\"og:type\" content=\"article\" \/>\n<meta property=\"og:title\" content=\"Colorescience\u00ae - Total Eye\u00ae 3-in-1 Renewal Therapy SPF 35 PA+++, 7ml - Kauneushoitola Calla\" \/>\n<meta property=\"og:description\" content=\"i Total Eye\u00ae 3-in-1 Renewal Therapy SPF 35 parantaa n\u00e4kyv\u00e4sti tummien silm\u00e4nalusien, turvotuksen, juonteiden ja ryppyjen ulkon\u00e4k\u00f6\u00e4.\" \/>\n<meta property=\"og:url\" content=\"https:\/\/calla.fi\/tuote\/colorescience-total-eye-3-in-1-renewal-therapy-spf-35-pa-7ml\/\" \/>\n<meta property=\"og:site_name\" content=\"Kauneushoitola Calla\" \/>\n<meta property=\"article:modified_time\" content=\"2026-03-22T19:41:42+00:00\" \/>\n<meta property=\"og:image\" content=\"https:\/\/calla.fi\/wp-content\/uploads\/2026\/03\/total-eye-1.png\" \/>\n\t<meta property=\"og:image:width\" content=\"2048\" \/>\n\t<meta property=\"og:image:height\" content=\"2048\" \/>\n\t<meta property=\"og:image:type\" content=\"image\/png\" \/>\n<meta name=\"twitter:card\" content=\"summary_large_image\" \/>\n<meta name=\"twitter:label1\" content=\"Ber\u00e4knad l\u00e4stid\" \/>\n\t<meta name=\"twitter:data1\" content=\"3 minuter\" \/>\n<script type=\"application\/ld+json\" class=\"yoast-schema-graph\">{\"@context\":\"https:\\\/\\\/schema.org\",\"@graph\":[{\"@type\":\"WebPage\",\"@id\":\"https:\\\/\\\/calla.fi\\\/tuote\\\/colorescience-total-eye-3-in-1-renewal-therapy-spf-35-pa-7ml\\\/\",\"url\":\"https:\\\/\\\/calla.fi\\\/tuote\\\/colorescience-total-eye-3-in-1-renewal-therapy-spf-35-pa-7ml\\\/\",\"name\":\"Colorescience\u00ae - Total Eye\u00ae 3-in-1 Renewal Therapy SPF 35 PA+++, 7ml - Kauneushoitola Calla\",\"isPartOf\":{\"@id\":\"https:\\\/\\\/calla.fi\\\/#website\"},\"primaryImageOfPage\":{\"@id\":\"https:\\\/\\\/calla.fi\\\/tuote\\\/colorescience-total-eye-3-in-1-renewal-therapy-spf-35-pa-7ml\\\/#primaryimage\"},\"image\":{\"@id\":\"https:\\\/\\\/calla.fi\\\/tuote\\\/colorescience-total-eye-3-in-1-renewal-therapy-spf-35-pa-7ml\\\/#primaryimage\"},\"thumbnailUrl\":\"https:\\\/\\\/calla.fi\\\/wp-content\\\/uploads\\\/2026\\\/03\\\/total-eye-1.png\",\"datePublished\":\"2026-03-22T19:39:12+00:00\",\"dateModified\":\"2026-03-22T19:41:42+00:00\",\"description\":\"i Total Eye\u00ae 3-in-1 Renewal Therapy SPF 35 parantaa n\u00e4kyv\u00e4sti tummien silm\u00e4nalusien, turvotuksen, juonteiden ja ryppyjen ulkon\u00e4k\u00f6\u00e4.\",\"breadcrumb\":{\"@id\":\"https:\\\/\\\/calla.fi\\\/tuote\\\/colorescience-total-eye-3-in-1-renewal-therapy-spf-35-pa-7ml\\\/#breadcrumb\"},\"inLanguage\":\"sv-SE\",\"potentialAction\":[{\"@type\":\"ReadAction\",\"target\":[\"https:\\\/\\\/calla.fi\\\/tuote\\\/colorescience-total-eye-3-in-1-renewal-therapy-spf-35-pa-7ml\\\/\"]}]},{\"@type\":\"ImageObject\",\"inLanguage\":\"sv-SE\",\"@id\":\"https:\\\/\\\/calla.fi\\\/tuote\\\/colorescience-total-eye-3-in-1-renewal-therapy-spf-35-pa-7ml\\\/#primaryimage\",\"url\":\"https:\\\/\\\/calla.fi\\\/wp-content\\\/uploads\\\/2026\\\/03\\\/total-eye-1.png\",\"contentUrl\":\"https:\\\/\\\/calla.fi\\\/wp-content\\\/uploads\\\/2026\\\/03\\\/total-eye-1.png\",\"width\":2048,\"height\":2048},{\"@type\":\"BreadcrumbList\",\"@id\":\"https:\\\/\\\/calla.fi\\\/tuote\\\/colorescience-total-eye-3-in-1-renewal-therapy-spf-35-pa-7ml\\\/#breadcrumb\",\"itemListElement\":[{\"@type\":\"ListItem\",\"position\":1,\"name\":\"Etusivu\",\"item\":\"https:\\\/\\\/calla.fi\\\/\"},{\"@type\":\"ListItem\",\"position\":2,\"name\":\"Kauppa\",\"item\":\"https:\\\/\\\/calla.fi\\\/kauppa\\\/\"},{\"@type\":\"ListItem\",\"position\":3,\"name\":\"Colorescience\u00ae &#8211; Total Eye\u00ae 3-in-1 Renewal Therapy SPF 35 PA+++, 7ml\"}]},{\"@type\":\"WebSite\",\"@id\":\"https:\\\/\\\/calla.fi\\\/#website\",\"url\":\"https:\\\/\\\/calla.fi\\\/\",\"name\":\"Kauneushoitola Calla\",\"description\":\"Ihonhoitoa ja hemmottelua Pietarsaaressa\",\"potentialAction\":[{\"@type\":\"SearchAction\",\"target\":{\"@type\":\"EntryPoint\",\"urlTemplate\":\"https:\\\/\\\/calla.fi\\\/?s={search_term_string}\"},\"query-input\":{\"@type\":\"PropertyValueSpecification\",\"valueRequired\":true,\"valueName\":\"search_term_string\"}}],\"inLanguage\":\"sv-SE\"}]}<\/script>\n<!-- \/ Yoast SEO plugin. -->","yoast_head_json":{"title":"Colorescience\u00ae - Total Eye\u00ae 3-in-1 Renewal Therapy SPF 35 PA+++, 7ml - Kauneushoitola Calla","description":"i Total Eye\u00ae 3-in-1 Renewal Therapy SPF 35 parantaa n\u00e4kyv\u00e4sti tummien silm\u00e4nalusien, turvotuksen, juonteiden ja ryppyjen ulkon\u00e4k\u00f6\u00e4.","robots":{"index":"index","follow":"follow","max-snippet":"max-snippet:-1","max-image-preview":"max-image-preview:large","max-video-preview":"max-video-preview:-1"},"canonical":"https:\/\/calla.fi\/tuote\/colorescience-total-eye-3-in-1-renewal-therapy-spf-35-pa-7ml\/","og_locale":"sv_SE","og_type":"article","og_title":"Colorescience\u00ae - Total Eye\u00ae 3-in-1 Renewal Therapy SPF 35 PA+++, 7ml - Kauneushoitola Calla","og_description":"i Total Eye\u00ae 3-in-1 Renewal Therapy SPF 35 parantaa n\u00e4kyv\u00e4sti tummien silm\u00e4nalusien, turvotuksen, juonteiden ja ryppyjen ulkon\u00e4k\u00f6\u00e4.","og_url":"https:\/\/calla.fi\/tuote\/colorescience-total-eye-3-in-1-renewal-therapy-spf-35-pa-7ml\/","og_site_name":"Kauneushoitola Calla","article_modified_time":"2026-03-22T19:41:42+00:00","og_image":[{"width":2048,"height":2048,"url":"https:\/\/calla.fi\/wp-content\/uploads\/2026\/03\/total-eye-1.png","type":"image\/png"}],"twitter_card":"summary_large_image","twitter_misc":{"Ber\u00e4knad l\u00e4stid":"3 minuter"},"schema":{"@context":"https:\/\/schema.org","@graph":[{"@type":"WebPage","@id":"https:\/\/calla.fi\/tuote\/colorescience-total-eye-3-in-1-renewal-therapy-spf-35-pa-7ml\/","url":"https:\/\/calla.fi\/tuote\/colorescience-total-eye-3-in-1-renewal-therapy-spf-35-pa-7ml\/","name":"Colorescience\u00ae - Total Eye\u00ae 3-in-1 Renewal Therapy SPF 35 PA+++, 7ml - Kauneushoitola Calla","isPartOf":{"@id":"https:\/\/calla.fi\/#website"},"primaryImageOfPage":{"@id":"https:\/\/calla.fi\/tuote\/colorescience-total-eye-3-in-1-renewal-therapy-spf-35-pa-7ml\/#primaryimage"},"image":{"@id":"https:\/\/calla.fi\/tuote\/colorescience-total-eye-3-in-1-renewal-therapy-spf-35-pa-7ml\/#primaryimage"},"thumbnailUrl":"https:\/\/calla.fi\/wp-content\/uploads\/2026\/03\/total-eye-1.png","datePublished":"2026-03-22T19:39:12+00:00","dateModified":"2026-03-22T19:41:42+00:00","description":"i Total Eye\u00ae 3-in-1 Renewal Therapy SPF 35 parantaa n\u00e4kyv\u00e4sti tummien silm\u00e4nalusien, turvotuksen, juonteiden ja ryppyjen ulkon\u00e4k\u00f6\u00e4.","breadcrumb":{"@id":"https:\/\/calla.fi\/tuote\/colorescience-total-eye-3-in-1-renewal-therapy-spf-35-pa-7ml\/#breadcrumb"},"inLanguage":"sv-SE","potentialAction":[{"@type":"ReadAction","target":["https:\/\/calla.fi\/tuote\/colorescience-total-eye-3-in-1-renewal-therapy-spf-35-pa-7ml\/"]}]},{"@type":"ImageObject","inLanguage":"sv-SE","@id":"https:\/\/calla.fi\/tuote\/colorescience-total-eye-3-in-1-renewal-therapy-spf-35-pa-7ml\/#primaryimage","url":"https:\/\/calla.fi\/wp-content\/uploads\/2026\/03\/total-eye-1.png","contentUrl":"https:\/\/calla.fi\/wp-content\/uploads\/2026\/03\/total-eye-1.png","width":2048,"height":2048},{"@type":"BreadcrumbList","@id":"https:\/\/calla.fi\/tuote\/colorescience-total-eye-3-in-1-renewal-therapy-spf-35-pa-7ml\/#breadcrumb","itemListElement":[{"@type":"ListItem","position":1,"name":"Etusivu","item":"https:\/\/calla.fi\/"},{"@type":"ListItem","position":2,"name":"Kauppa","item":"https:\/\/calla.fi\/kauppa\/"},{"@type":"ListItem","position":3,"name":"Colorescience\u00ae &#8211; Total Eye\u00ae 3-in-1 Renewal Therapy SPF 35 PA+++, 7ml"}]},{"@type":"WebSite","@id":"https:\/\/calla.fi\/#website","url":"https:\/\/calla.fi\/","name":"Kauneushoitola Calla","description":"Ihonhoitoa ja hemmottelua Pietarsaaressa","potentialAction":[{"@type":"SearchAction","target":{"@type":"EntryPoint","urlTemplate":"https:\/\/calla.fi\/?s={search_term_string}"},"query-input":{"@type":"PropertyValueSpecification","valueRequired":true,"valueName":"search_term_string"}}],"inLanguage":"sv-SE"}]}},"_links":{"self":[{"href":"https:\/\/calla.fi\/sv\/wp-json\/wp\/v2\/product\/3555","targetHints":{"allow":["GET"]}}],"collection":[{"href":"https:\/\/calla.fi\/sv\/wp-json\/wp\/v2\/product"}],"about":[{"href":"https:\/\/calla.fi\/sv\/wp-json\/wp\/v2\/types\/product"}],"wp:featuredmedia":[{"embeddable":true,"href":"https:\/\/calla.fi\/sv\/wp-json\/wp\/v2\/media\/3494"}],"wp:attachment":[{"href":"https:\/\/calla.fi\/sv\/wp-json\/wp\/v2\/media?parent=3555"}],"wp:term":[{"taxonomy":"product_brand","embeddable":true,"href":"https:\/\/calla.fi\/sv\/wp-json\/wp\/v2\/product_brand?post=3555"},{"taxonomy":"product_cat","embeddable":true,"href":"https:\/\/calla.fi\/sv\/wp-json\/wp\/v2\/product_cat?post=3555"},{"taxonomy":"product_tag","embeddable":true,"href":"https:\/\/calla.fi\/sv\/wp-json\/wp\/v2\/product_tag?post=3555"}],"curies":[{"name":"wp","href":"https:\/\/api.w.org\/{rel}","templated":true}]}}