{"id":3673,"date":"2026-04-09T15:17:01","date_gmt":"2026-04-09T12:17:01","guid":{"rendered":"https:\/\/calla.fi\/?post_type=product&#038;p=3673"},"modified":"2026-04-09T15:17:02","modified_gmt":"2026-04-09T12:17:02","slug":"is-clinical-neckperfect-complex-50g","status":"publish","type":"product","link":"https:\/\/calla.fi\/sv\/tuote\/is-clinical-neckperfect-complex-50g\/","title":{"rendered":"iS Clinical &#8211; NeckPerfect Complex, 50g"},"content":{"rendered":"<h3>Mik\u00e4 tekee tuotteesta tehokkaan?<\/h3>\n<p><strong>Hyaluronihappo 10 %<\/strong><br \/>\nKosteuttava ja t\u00e4ytel\u00e4ist\u00e4v\u00e4 ainesosa tekee ihosta siloisen pehme\u00e4n.<\/p>\n<p><strong>Hedelm\u00e4happoseos 10 %<br \/>\n<\/strong>Luonnolliset hedelm\u00e4- ja sokerihapot edist\u00e4\u00e4 ihon ja solujen uusiutumista, silottavat ihoa ja v\u00e4hent\u00e4v\u00e4t juonteita sek\u00e4 ryppyj\u00e4 samalla parantaen vaikuttavien aineiden imeytymist\u00e4 syvemm\u00e4lle ihoon.<strong><br \/>\n<\/strong><\/p>\n<p><strong>Hydrolisoitu kvinoa 6 %<br \/>\n<\/strong>Ravitsee ihoa ja sitoo kosteutta tukien vaurioituneen ihon palautumista. Auttaa my\u00f6s ehk\u00e4isem\u00e4\u00e4n ymp\u00e4rist\u00f6n aiheuttamia vaurioita muodostamalla iholle suojaavan pinnan.<strong><br \/>\n<\/strong><\/p>\n<p><strong>Hydrolisoitu riisiproteiini 3 %<br \/>\n<\/strong>Pienet peptidit edist\u00e4v\u00e4t kollageenisynteesi\u00e4 ja parantavat solujen aineenvaihduntaa.<strong><br \/>\n<\/strong><\/p>\n<p><strong>Mantelinsiemenuute 3 %<br \/>\n<\/strong>Tasoittaa ihon s\u00e4vy\u00e4 ja kimmoisuutta sek\u00e4 ehk\u00e4isee ihotulehduksia.<\/p>\n<p><strong>Acacia Senegal Gum 3 %<\/strong><br \/>\nAfrikkalaisen akaasiapuun (Acacia senegal) rungosta ja oksista per\u00e4isin oleva ainesosa, joka tukee kest\u00e4v\u00e4\u00e4 kehityst\u00e4 Saharan etel\u00e4puolisessa Afrikassa. Auttaa v\u00e4litt\u00f6m\u00e4sti silottamaan ja kiinteytt\u00e4m\u00e4\u00e4n ihoa.<\/p>\n<p><strong>Hydrolyzed Rhizobian Gum 3 %<\/strong><br \/>\nErityinen polysakkaridibiopolymeeri, joka on ECOCERT-hyv\u00e4ksytty \u2013auttaa v\u00e4litt\u00f6m\u00e4sti kiinteytt\u00e4m\u00e4\u00e4n ja silottamaan ihoa.<\/p>\n<p><strong>Salix Alba (Willow) Bark Extract<\/strong> (Salisyylihapon l\u00e4hde)<strong> 3%<\/strong><br \/>\nLiuottaa kuolleita ihosoluja iholta sek\u00e4 puhdistaa my\u00f6s ihohuokoset syv\u00e4lt\u00e4 ja poistaa talitukkeumia karvatupista. ehk\u00e4isee my\u00f6s talinerityst\u00e4 sek\u00e4 rauhoittaa tulehdusta.<\/p>\n<p><b>B5-vitamiini 2%<br \/>\n<\/b>Yll\u00e4pit\u00e4\u00e4 ihon olennaisia toimintoja: Mahdollistaa hiilihydraattien, proteiinien ja lipidien aineenvaihdunnan, lis\u00e4ten solujen eheytt\u00e4 ja toimintatehokkuutta.<\/p>\n<p><strong>Palkinnot<\/strong><br \/>\nDanish Beauty Awards: Niche Product of the Year<\/p>\n<h3>Sopisiko sinulle?<\/h3>\n<p>Sopii kaikille ihotyypeille. Erityisesti juonteet, rypyt, ihon karheus ja kovuus, ihon valo- ja ennen aikainen vanheneminen, hauras, paperinen iho. Kun koet ett\u00e4 kaulan ja dekokolteen iho on eloton ,veltto tai siit\u00e4 puuttuu kimmoisuutta.<\/p>\n<h3>Miten k\u00e4yt\u00e4t?<\/h3>\n<p>Levit\u00e4 tuotetta aamuin illoin pieni m\u00e4\u00e4r\u00e4 kaulan ja dekolteen alueelle.<\/p>\n<h3>Koostumus<\/h3>\n<p>T\u00e4ytel\u00e4inen voide<\/p>\n<blockquote><p><strong>Sirpan vinkki<\/strong><\/p>\n<p>Kertakaikkisen huikea tuote! Tuntuu iholla muutaman minuutin tahmealta, mutta pian on imeytynyt ja hyaluronihapon v\u00e4lit\u00f6n vaikutus tekee ihosta uskomattoman sile\u00e4n ja pehme\u00e4n. Pitk\u00e4aikaiset vaikutukset tekee t\u00e4st\u00e4 kaula-dekoltee voiteesta must-have tuotteen. Erityisesti iholle, joka on k\u00e4rsinyt vuosia suojauksen puutteesta dekoltee alueella.<\/p><\/blockquote>\n","protected":false},"excerpt":{"rendered":"<p data-start=\"228\" data-end=\"687\"><span class=\"text-800\">NeckPerfect Complex on kohdennettu, tehokas anti-age-hoito kaulalle, leukalinjalle ja dekolteelle. Kasveista per\u00e4isin olevat vaikuttavat ainesosat ja voimakkaat antioksidantit auttavat muokkaamaan ja kiinteytt\u00e4m\u00e4\u00e4n ihoa, tehden siit\u00e4 t\u00e4ytel\u00e4isemm\u00e4n ja napakamman n\u00e4k\u00f6isen.<\/span><br data-start=\"500\" data-end=\"503\" \/><span class=\"text-800\">Hell\u00e4varainen kuorinta h\u00e4ivytt\u00e4\u00e4 ryppyj\u00e4 ja juonteita, parantaa tekstuuria ja tekee ihosta tasaisemman. Jatkuvalla k\u00e4yt\u00f6ll\u00e4 iho n\u00e4ytt\u00e4\u00e4 yhten\u00e4isemm\u00e4lt\u00e4, vahvemmalta ja nuorekkaammalta.<\/span><\/p>\n<p><strong data-start=\"697\" data-end=\"713\"><span class=\"text-800\">KIINTEYTT\u00c4\u00c4:<br \/>\n<\/span><\/strong><span class=\"text-800\">77 % tutkimukseen osallistuneista koki ihon kiinteytyv\u00e4n.*<\/span><\/p>\n<p><strong data-start=\"841\" data-end=\"855\"><span class=\"text-800\">MUOTOILEE:<br \/>\n<\/span><\/strong><span class=\"text-800\">76 % koki ihon elastisuuden paranevan.*<\/span><\/p>\n<p><strong data-start=\"964\" data-end=\"978\"><span class=\"text-800\">TASOITTAA:<br \/>\n<\/span><\/strong><span class=\"text-800\">74 % koki ihon tekstuurin tasoittuvan.*<\/span><\/p>\n<p><span class=\"text-800\">*12 viikon kliininen tutkimus \u2014 Bioscreen Testing Services<\/span><\/p>\n","protected":false},"featured_media":3677,"template":"","meta":{"_et_pb_use_builder":"","_et_pb_old_content":"","_et_gb_content_width":""},"product_brand":[],"product_cat":[53,74,77,61,25],"product_tag":[],"class_list":{"0":"post-3673","1":"product","2":"type-product","3":"status-publish","4":"has-post-thumbnail","6":"product_cat-ihonhoito","7":"product_cat-is-clinical","8":"product_cat-is-clinical-voiteet","9":"product_cat-voiteet","10":"product_cat-yleinen","11":"product_shipping_class-postitus","13":"first","14":"instock","15":"taxable","16":"shipping-taxable","17":"purchasable","18":"product-type-simple"},"yoast_head":"<!-- This site is optimized with the Yoast SEO plugin v27.4 - https:\/\/yoast.com\/product\/yoast-seo-wordpress\/ -->\n<title>iS Clinical - NeckPerfect Complex, 50g - Kauneushoitola Calla<\/title>\n<meta name=\"robots\" content=\"index, follow, max-snippet:-1, max-image-preview:large, max-video-preview:-1\" \/>\n<link rel=\"canonical\" href=\"https:\/\/calla.fi\/tuote\/is-clinical-neckperfect-complex-50g\/\" \/>\n<meta property=\"og:locale\" content=\"sv_SE\" \/>\n<meta property=\"og:type\" content=\"article\" \/>\n<meta property=\"og:title\" content=\"iS Clinical - NeckPerfect Complex, 50g - Kauneushoitola Calla\" \/>\n<meta property=\"og:description\" content=\"NeckPerfect Complex on kohdennettu, tehokas anti-age-hoito kaulalle, leukalinjalle ja dekolteelle. Kasveista per\u00e4isin olevat vaikuttavat ainesosat ja voimakkaat antioksidantit auttavat muokkaamaan ja kiinteytt\u00e4m\u00e4\u00e4n ihoa, tehden siit\u00e4 t\u00e4ytel\u00e4isemm\u00e4n ja napakamman n\u00e4k\u00f6isen.Hell\u00e4varainen kuorinta h\u00e4ivytt\u00e4\u00e4 ryppyj\u00e4 ja juonteita, parantaa tekstuuria ja tekee ihosta tasaisemman. Jatkuvalla k\u00e4yt\u00f6ll\u00e4 iho n\u00e4ytt\u00e4\u00e4 yhten\u00e4isemm\u00e4lt\u00e4, vahvemmalta ja nuorekkaammalta. KIINTEYTT\u00c4\u00c4: 77 % tutkimukseen osallistuneista koki ihon kiinteytyv\u00e4n.*  MUOTOILEE: 76 % koki ihon elastisuuden paranevan.*  TASOITTAA: 74 % koki ihon tekstuurin tasoittuvan.*  *12 viikon kliininen tutkimus \u2014 Bioscreen Testing Services\" \/>\n<meta property=\"og:url\" content=\"https:\/\/calla.fi\/tuote\/is-clinical-neckperfect-complex-50g\/\" \/>\n<meta property=\"og:site_name\" content=\"Kauneushoitola Calla\" \/>\n<meta property=\"article:modified_time\" content=\"2026-04-09T12:17:02+00:00\" \/>\n<meta property=\"og:image\" content=\"https:\/\/calla.fi\/wp-content\/uploads\/2026\/04\/npc.jpg\" \/>\n\t<meta property=\"og:image:width\" content=\"400\" \/>\n\t<meta property=\"og:image:height\" content=\"500\" \/>\n\t<meta property=\"og:image:type\" content=\"image\/jpeg\" \/>\n<meta name=\"twitter:card\" content=\"summary_large_image\" \/>\n<meta name=\"twitter:label1\" content=\"Ber\u00e4knad l\u00e4stid\" \/>\n\t<meta name=\"twitter:data1\" content=\"2 minuter\" \/>\n<script type=\"application\/ld+json\" class=\"yoast-schema-graph\">{\"@context\":\"https:\\\/\\\/schema.org\",\"@graph\":[{\"@type\":\"WebPage\",\"@id\":\"https:\\\/\\\/calla.fi\\\/tuote\\\/is-clinical-neckperfect-complex-50g\\\/\",\"url\":\"https:\\\/\\\/calla.fi\\\/tuote\\\/is-clinical-neckperfect-complex-50g\\\/\",\"name\":\"iS Clinical - NeckPerfect Complex, 50g - Kauneushoitola Calla\",\"isPartOf\":{\"@id\":\"https:\\\/\\\/calla.fi\\\/#website\"},\"primaryImageOfPage\":{\"@id\":\"https:\\\/\\\/calla.fi\\\/tuote\\\/is-clinical-neckperfect-complex-50g\\\/#primaryimage\"},\"image\":{\"@id\":\"https:\\\/\\\/calla.fi\\\/tuote\\\/is-clinical-neckperfect-complex-50g\\\/#primaryimage\"},\"thumbnailUrl\":\"https:\\\/\\\/calla.fi\\\/wp-content\\\/uploads\\\/2026\\\/04\\\/npc.jpg\",\"datePublished\":\"2026-04-09T12:17:01+00:00\",\"dateModified\":\"2026-04-09T12:17:02+00:00\",\"breadcrumb\":{\"@id\":\"https:\\\/\\\/calla.fi\\\/tuote\\\/is-clinical-neckperfect-complex-50g\\\/#breadcrumb\"},\"inLanguage\":\"sv-SE\",\"potentialAction\":[{\"@type\":\"ReadAction\",\"target\":[\"https:\\\/\\\/calla.fi\\\/tuote\\\/is-clinical-neckperfect-complex-50g\\\/\"]}]},{\"@type\":\"ImageObject\",\"inLanguage\":\"sv-SE\",\"@id\":\"https:\\\/\\\/calla.fi\\\/tuote\\\/is-clinical-neckperfect-complex-50g\\\/#primaryimage\",\"url\":\"https:\\\/\\\/calla.fi\\\/wp-content\\\/uploads\\\/2026\\\/04\\\/npc.jpg\",\"contentUrl\":\"https:\\\/\\\/calla.fi\\\/wp-content\\\/uploads\\\/2026\\\/04\\\/npc.jpg\",\"width\":400,\"height\":500},{\"@type\":\"BreadcrumbList\",\"@id\":\"https:\\\/\\\/calla.fi\\\/tuote\\\/is-clinical-neckperfect-complex-50g\\\/#breadcrumb\",\"itemListElement\":[{\"@type\":\"ListItem\",\"position\":1,\"name\":\"Etusivu\",\"item\":\"https:\\\/\\\/calla.fi\\\/\"},{\"@type\":\"ListItem\",\"position\":2,\"name\":\"Kauppa\",\"item\":\"https:\\\/\\\/calla.fi\\\/kauppa\\\/\"},{\"@type\":\"ListItem\",\"position\":3,\"name\":\"iS Clinical &#8211; NeckPerfect Complex, 50g\"}]},{\"@type\":\"WebSite\",\"@id\":\"https:\\\/\\\/calla.fi\\\/#website\",\"url\":\"https:\\\/\\\/calla.fi\\\/\",\"name\":\"Kauneushoitola Calla\",\"description\":\"Ihonhoitoa ja hemmottelua Pietarsaaressa\",\"potentialAction\":[{\"@type\":\"SearchAction\",\"target\":{\"@type\":\"EntryPoint\",\"urlTemplate\":\"https:\\\/\\\/calla.fi\\\/?s={search_term_string}\"},\"query-input\":{\"@type\":\"PropertyValueSpecification\",\"valueRequired\":true,\"valueName\":\"search_term_string\"}}],\"inLanguage\":\"sv-SE\"}]}<\/script>\n<!-- \/ Yoast SEO plugin. -->","yoast_head_json":{"title":"iS Clinical - NeckPerfect Complex, 50g - Kauneushoitola Calla","robots":{"index":"index","follow":"follow","max-snippet":"max-snippet:-1","max-image-preview":"max-image-preview:large","max-video-preview":"max-video-preview:-1"},"canonical":"https:\/\/calla.fi\/tuote\/is-clinical-neckperfect-complex-50g\/","og_locale":"sv_SE","og_type":"article","og_title":"iS Clinical - NeckPerfect Complex, 50g - Kauneushoitola Calla","og_description":"NeckPerfect Complex on kohdennettu, tehokas anti-age-hoito kaulalle, leukalinjalle ja dekolteelle. Kasveista per\u00e4isin olevat vaikuttavat ainesosat ja voimakkaat antioksidantit auttavat muokkaamaan ja kiinteytt\u00e4m\u00e4\u00e4n ihoa, tehden siit\u00e4 t\u00e4ytel\u00e4isemm\u00e4n ja napakamman n\u00e4k\u00f6isen.Hell\u00e4varainen kuorinta h\u00e4ivytt\u00e4\u00e4 ryppyj\u00e4 ja juonteita, parantaa tekstuuria ja tekee ihosta tasaisemman. Jatkuvalla k\u00e4yt\u00f6ll\u00e4 iho n\u00e4ytt\u00e4\u00e4 yhten\u00e4isemm\u00e4lt\u00e4, vahvemmalta ja nuorekkaammalta. KIINTEYTT\u00c4\u00c4: 77 % tutkimukseen osallistuneista koki ihon kiinteytyv\u00e4n.*  MUOTOILEE: 76 % koki ihon elastisuuden paranevan.*  TASOITTAA: 74 % koki ihon tekstuurin tasoittuvan.*  *12 viikon kliininen tutkimus \u2014 Bioscreen Testing Services","og_url":"https:\/\/calla.fi\/tuote\/is-clinical-neckperfect-complex-50g\/","og_site_name":"Kauneushoitola Calla","article_modified_time":"2026-04-09T12:17:02+00:00","og_image":[{"width":400,"height":500,"url":"https:\/\/calla.fi\/wp-content\/uploads\/2026\/04\/npc.jpg","type":"image\/jpeg"}],"twitter_card":"summary_large_image","twitter_misc":{"Ber\u00e4knad l\u00e4stid":"2 minuter"},"schema":{"@context":"https:\/\/schema.org","@graph":[{"@type":"WebPage","@id":"https:\/\/calla.fi\/tuote\/is-clinical-neckperfect-complex-50g\/","url":"https:\/\/calla.fi\/tuote\/is-clinical-neckperfect-complex-50g\/","name":"iS Clinical - NeckPerfect Complex, 50g - Kauneushoitola Calla","isPartOf":{"@id":"https:\/\/calla.fi\/#website"},"primaryImageOfPage":{"@id":"https:\/\/calla.fi\/tuote\/is-clinical-neckperfect-complex-50g\/#primaryimage"},"image":{"@id":"https:\/\/calla.fi\/tuote\/is-clinical-neckperfect-complex-50g\/#primaryimage"},"thumbnailUrl":"https:\/\/calla.fi\/wp-content\/uploads\/2026\/04\/npc.jpg","datePublished":"2026-04-09T12:17:01+00:00","dateModified":"2026-04-09T12:17:02+00:00","breadcrumb":{"@id":"https:\/\/calla.fi\/tuote\/is-clinical-neckperfect-complex-50g\/#breadcrumb"},"inLanguage":"sv-SE","potentialAction":[{"@type":"ReadAction","target":["https:\/\/calla.fi\/tuote\/is-clinical-neckperfect-complex-50g\/"]}]},{"@type":"ImageObject","inLanguage":"sv-SE","@id":"https:\/\/calla.fi\/tuote\/is-clinical-neckperfect-complex-50g\/#primaryimage","url":"https:\/\/calla.fi\/wp-content\/uploads\/2026\/04\/npc.jpg","contentUrl":"https:\/\/calla.fi\/wp-content\/uploads\/2026\/04\/npc.jpg","width":400,"height":500},{"@type":"BreadcrumbList","@id":"https:\/\/calla.fi\/tuote\/is-clinical-neckperfect-complex-50g\/#breadcrumb","itemListElement":[{"@type":"ListItem","position":1,"name":"Etusivu","item":"https:\/\/calla.fi\/"},{"@type":"ListItem","position":2,"name":"Kauppa","item":"https:\/\/calla.fi\/kauppa\/"},{"@type":"ListItem","position":3,"name":"iS Clinical &#8211; NeckPerfect Complex, 50g"}]},{"@type":"WebSite","@id":"https:\/\/calla.fi\/#website","url":"https:\/\/calla.fi\/","name":"Kauneushoitola Calla","description":"Ihonhoitoa ja hemmottelua Pietarsaaressa","potentialAction":[{"@type":"SearchAction","target":{"@type":"EntryPoint","urlTemplate":"https:\/\/calla.fi\/?s={search_term_string}"},"query-input":{"@type":"PropertyValueSpecification","valueRequired":true,"valueName":"search_term_string"}}],"inLanguage":"sv-SE"}]}},"_links":{"self":[{"href":"https:\/\/calla.fi\/sv\/wp-json\/wp\/v2\/product\/3673","targetHints":{"allow":["GET"]}}],"collection":[{"href":"https:\/\/calla.fi\/sv\/wp-json\/wp\/v2\/product"}],"about":[{"href":"https:\/\/calla.fi\/sv\/wp-json\/wp\/v2\/types\/product"}],"wp:featuredmedia":[{"embeddable":true,"href":"https:\/\/calla.fi\/sv\/wp-json\/wp\/v2\/media\/3677"}],"wp:attachment":[{"href":"https:\/\/calla.fi\/sv\/wp-json\/wp\/v2\/media?parent=3673"}],"wp:term":[{"taxonomy":"product_brand","embeddable":true,"href":"https:\/\/calla.fi\/sv\/wp-json\/wp\/v2\/product_brand?post=3673"},{"taxonomy":"product_cat","embeddable":true,"href":"https:\/\/calla.fi\/sv\/wp-json\/wp\/v2\/product_cat?post=3673"},{"taxonomy":"product_tag","embeddable":true,"href":"https:\/\/calla.fi\/sv\/wp-json\/wp\/v2\/product_tag?post=3673"}],"curies":[{"name":"wp","href":"https:\/\/api.w.org\/{rel}","templated":true}]}}