{"id":495,"date":"2023-10-27T00:09:32","date_gmt":"2023-10-26T21:09:32","guid":{"rendered":"https:\/\/calla.fi\/?post_type=product&#038;p=495"},"modified":"2026-01-02T15:23:33","modified_gmt":"2026-01-02T13:23:33","slug":"makea-talkki-100-g","status":"publish","type":"product","link":"https:\/\/calla.fi\/sv\/tuote\/makea-talkki-100-g\/","title":{"rendered":"Makea Tapioca Puuteri 100 g"},"content":{"rendered":"<p>Talkki kuivattaa ihon pinnan ennen sokerointia ja sokeroinnin aikana. Sokeroidessa iho helposti hieman hikoaa ja kostuu, talkki sitoo kosteuden ja sokerointi onnistuu helposti. Makea -talkki on raskaassa muodossa, joten talkki ei j\u00e4\u00e4 ilmaan leijailemaan vaan laskeutuu nopeasti. Pieni m\u00e4\u00e4r\u00e4 levittyy helposti isolle ihoalueelle.<\/p>\n<p><em>K\u00e4ytt\u00f6: Puhdistuksen j\u00e4lkeen levit\u00e4 ohut kerros talkkia sokeroitavalle alueelle. Lis\u00e4\u00e4 tarvittaessa, kuten hikoillessa.<\/em><\/p>\n<p><strong>Katso my\u00f6s opetusvideot sokerointiin <a href=\"https:\/\/makeahelsinki.fi\/sokerointikotona\/\">t\u00e4\u00e4lt\u00e4<\/a>!<\/strong><\/p>\n","protected":false},"excerpt":{"rendered":"<p>Makean talkki tekee sokeroinnista viel\u00e4kin helpompaa, sill\u00e4 se ei p\u00f6lise tai sotke, eik\u00e4 sokeri j\u00e4\u00e4 jumiin!<\/p>\n","protected":false},"featured_media":492,"template":"","meta":{"_et_pb_use_builder":"","_et_pb_old_content":"","_et_gb_content_width":""},"product_brand":[],"product_cat":[28],"product_tag":[],"class_list":{"0":"post-495","1":"product","2":"type-product","3":"status-publish","4":"has-post-thumbnail","6":"product_cat-makea-kotisokerointi","7":"product_shipping_class-postitus","9":"first","10":"instock","11":"taxable","12":"shipping-taxable","13":"purchasable","14":"product-type-simple"},"yoast_head":"<!-- This site is optimized with the Yoast SEO plugin v27.4 - https:\/\/yoast.com\/product\/yoast-seo-wordpress\/ -->\n<title>Makea Tapioca Puuteri 100 g - Kauneushoitola Calla<\/title>\n<meta name=\"robots\" content=\"index, follow, max-snippet:-1, max-image-preview:large, max-video-preview:-1\" \/>\n<link rel=\"canonical\" href=\"https:\/\/calla.fi\/tuote\/makea-talkki-100-g\/\" \/>\n<meta property=\"og:locale\" content=\"sv_SE\" \/>\n<meta property=\"og:type\" content=\"article\" \/>\n<meta property=\"og:title\" content=\"Makea Tapioca Puuteri 100 g - Kauneushoitola Calla\" \/>\n<meta property=\"og:description\" content=\"Makean talkki tekee sokeroinnista viel\u00e4kin helpompaa, sill\u00e4 se ei p\u00f6lise tai sotke, eik\u00e4 sokeri j\u00e4\u00e4 jumiin!\" \/>\n<meta property=\"og:url\" content=\"https:\/\/calla.fi\/tuote\/makea-talkki-100-g\/\" \/>\n<meta property=\"og:site_name\" content=\"Kauneushoitola Calla\" \/>\n<meta property=\"article:modified_time\" content=\"2026-01-02T13:23:33+00:00\" \/>\n<meta property=\"og:image\" content=\"https:\/\/calla.fi\/wp-content\/uploads\/2023\/10\/Makea_talkki_100ml.jpg\" \/>\n\t<meta property=\"og:image:width\" content=\"1000\" \/>\n\t<meta property=\"og:image:height\" content=\"1000\" \/>\n\t<meta property=\"og:image:type\" content=\"image\/jpeg\" \/>\n<meta name=\"twitter:card\" content=\"summary_large_image\" \/>\n<meta name=\"twitter:label1\" content=\"Ber\u00e4knad l\u00e4stid\" \/>\n\t<meta name=\"twitter:data1\" content=\"1 minut\" \/>\n<script type=\"application\/ld+json\" class=\"yoast-schema-graph\">{\"@context\":\"https:\\\/\\\/schema.org\",\"@graph\":[{\"@type\":\"WebPage\",\"@id\":\"https:\\\/\\\/calla.fi\\\/tuote\\\/makea-talkki-100-g\\\/\",\"url\":\"https:\\\/\\\/calla.fi\\\/tuote\\\/makea-talkki-100-g\\\/\",\"name\":\"Makea Tapioca Puuteri 100 g - Kauneushoitola Calla\",\"isPartOf\":{\"@id\":\"https:\\\/\\\/calla.fi\\\/#website\"},\"primaryImageOfPage\":{\"@id\":\"https:\\\/\\\/calla.fi\\\/tuote\\\/makea-talkki-100-g\\\/#primaryimage\"},\"image\":{\"@id\":\"https:\\\/\\\/calla.fi\\\/tuote\\\/makea-talkki-100-g\\\/#primaryimage\"},\"thumbnailUrl\":\"https:\\\/\\\/calla.fi\\\/wp-content\\\/uploads\\\/2023\\\/10\\\/Makea_talkki_100ml.jpg\",\"datePublished\":\"2023-10-26T21:09:32+00:00\",\"dateModified\":\"2026-01-02T13:23:33+00:00\",\"breadcrumb\":{\"@id\":\"https:\\\/\\\/calla.fi\\\/tuote\\\/makea-talkki-100-g\\\/#breadcrumb\"},\"inLanguage\":\"sv-SE\",\"potentialAction\":[{\"@type\":\"ReadAction\",\"target\":[\"https:\\\/\\\/calla.fi\\\/tuote\\\/makea-talkki-100-g\\\/\"]}]},{\"@type\":\"ImageObject\",\"inLanguage\":\"sv-SE\",\"@id\":\"https:\\\/\\\/calla.fi\\\/tuote\\\/makea-talkki-100-g\\\/#primaryimage\",\"url\":\"https:\\\/\\\/calla.fi\\\/wp-content\\\/uploads\\\/2023\\\/10\\\/Makea_talkki_100ml.jpg\",\"contentUrl\":\"https:\\\/\\\/calla.fi\\\/wp-content\\\/uploads\\\/2023\\\/10\\\/Makea_talkki_100ml.jpg\",\"width\":1000,\"height\":1000},{\"@type\":\"BreadcrumbList\",\"@id\":\"https:\\\/\\\/calla.fi\\\/tuote\\\/makea-talkki-100-g\\\/#breadcrumb\",\"itemListElement\":[{\"@type\":\"ListItem\",\"position\":1,\"name\":\"Etusivu\",\"item\":\"https:\\\/\\\/calla.fi\\\/\"},{\"@type\":\"ListItem\",\"position\":2,\"name\":\"Kauppa\",\"item\":\"https:\\\/\\\/calla.fi\\\/kauppa\\\/\"},{\"@type\":\"ListItem\",\"position\":3,\"name\":\"Makea Tapioca Puuteri 100 g\"}]},{\"@type\":\"WebSite\",\"@id\":\"https:\\\/\\\/calla.fi\\\/#website\",\"url\":\"https:\\\/\\\/calla.fi\\\/\",\"name\":\"Kauneushoitola Calla\",\"description\":\"Ihonhoitoa ja hemmottelua Pietarsaaressa\",\"potentialAction\":[{\"@type\":\"SearchAction\",\"target\":{\"@type\":\"EntryPoint\",\"urlTemplate\":\"https:\\\/\\\/calla.fi\\\/?s={search_term_string}\"},\"query-input\":{\"@type\":\"PropertyValueSpecification\",\"valueRequired\":true,\"valueName\":\"search_term_string\"}}],\"inLanguage\":\"sv-SE\"}]}<\/script>\n<!-- \/ Yoast SEO plugin. -->","yoast_head_json":{"title":"Makea Tapioca Puuteri 100 g - Kauneushoitola Calla","robots":{"index":"index","follow":"follow","max-snippet":"max-snippet:-1","max-image-preview":"max-image-preview:large","max-video-preview":"max-video-preview:-1"},"canonical":"https:\/\/calla.fi\/tuote\/makea-talkki-100-g\/","og_locale":"sv_SE","og_type":"article","og_title":"Makea Tapioca Puuteri 100 g - Kauneushoitola Calla","og_description":"Makean talkki tekee sokeroinnista viel\u00e4kin helpompaa, sill\u00e4 se ei p\u00f6lise tai sotke, eik\u00e4 sokeri j\u00e4\u00e4 jumiin!","og_url":"https:\/\/calla.fi\/tuote\/makea-talkki-100-g\/","og_site_name":"Kauneushoitola Calla","article_modified_time":"2026-01-02T13:23:33+00:00","og_image":[{"width":1000,"height":1000,"url":"https:\/\/calla.fi\/wp-content\/uploads\/2023\/10\/Makea_talkki_100ml.jpg","type":"image\/jpeg"}],"twitter_card":"summary_large_image","twitter_misc":{"Ber\u00e4knad l\u00e4stid":"1 minut"},"schema":{"@context":"https:\/\/schema.org","@graph":[{"@type":"WebPage","@id":"https:\/\/calla.fi\/tuote\/makea-talkki-100-g\/","url":"https:\/\/calla.fi\/tuote\/makea-talkki-100-g\/","name":"Makea Tapioca Puuteri 100 g - Kauneushoitola Calla","isPartOf":{"@id":"https:\/\/calla.fi\/#website"},"primaryImageOfPage":{"@id":"https:\/\/calla.fi\/tuote\/makea-talkki-100-g\/#primaryimage"},"image":{"@id":"https:\/\/calla.fi\/tuote\/makea-talkki-100-g\/#primaryimage"},"thumbnailUrl":"https:\/\/calla.fi\/wp-content\/uploads\/2023\/10\/Makea_talkki_100ml.jpg","datePublished":"2023-10-26T21:09:32+00:00","dateModified":"2026-01-02T13:23:33+00:00","breadcrumb":{"@id":"https:\/\/calla.fi\/tuote\/makea-talkki-100-g\/#breadcrumb"},"inLanguage":"sv-SE","potentialAction":[{"@type":"ReadAction","target":["https:\/\/calla.fi\/tuote\/makea-talkki-100-g\/"]}]},{"@type":"ImageObject","inLanguage":"sv-SE","@id":"https:\/\/calla.fi\/tuote\/makea-talkki-100-g\/#primaryimage","url":"https:\/\/calla.fi\/wp-content\/uploads\/2023\/10\/Makea_talkki_100ml.jpg","contentUrl":"https:\/\/calla.fi\/wp-content\/uploads\/2023\/10\/Makea_talkki_100ml.jpg","width":1000,"height":1000},{"@type":"BreadcrumbList","@id":"https:\/\/calla.fi\/tuote\/makea-talkki-100-g\/#breadcrumb","itemListElement":[{"@type":"ListItem","position":1,"name":"Etusivu","item":"https:\/\/calla.fi\/"},{"@type":"ListItem","position":2,"name":"Kauppa","item":"https:\/\/calla.fi\/kauppa\/"},{"@type":"ListItem","position":3,"name":"Makea Tapioca Puuteri 100 g"}]},{"@type":"WebSite","@id":"https:\/\/calla.fi\/#website","url":"https:\/\/calla.fi\/","name":"Kauneushoitola Calla","description":"Ihonhoitoa ja hemmottelua Pietarsaaressa","potentialAction":[{"@type":"SearchAction","target":{"@type":"EntryPoint","urlTemplate":"https:\/\/calla.fi\/?s={search_term_string}"},"query-input":{"@type":"PropertyValueSpecification","valueRequired":true,"valueName":"search_term_string"}}],"inLanguage":"sv-SE"}]}},"_links":{"self":[{"href":"https:\/\/calla.fi\/sv\/wp-json\/wp\/v2\/product\/495","targetHints":{"allow":["GET"]}}],"collection":[{"href":"https:\/\/calla.fi\/sv\/wp-json\/wp\/v2\/product"}],"about":[{"href":"https:\/\/calla.fi\/sv\/wp-json\/wp\/v2\/types\/product"}],"wp:featuredmedia":[{"embeddable":true,"href":"https:\/\/calla.fi\/sv\/wp-json\/wp\/v2\/media\/492"}],"wp:attachment":[{"href":"https:\/\/calla.fi\/sv\/wp-json\/wp\/v2\/media?parent=495"}],"wp:term":[{"taxonomy":"product_brand","embeddable":true,"href":"https:\/\/calla.fi\/sv\/wp-json\/wp\/v2\/product_brand?post=495"},{"taxonomy":"product_cat","embeddable":true,"href":"https:\/\/calla.fi\/sv\/wp-json\/wp\/v2\/product_cat?post=495"},{"taxonomy":"product_tag","embeddable":true,"href":"https:\/\/calla.fi\/sv\/wp-json\/wp\/v2\/product_tag?post=495"}],"curies":[{"name":"wp","href":"https:\/\/api.w.org\/{rel}","templated":true}]}}