{"id":497,"date":"2023-10-27T00:12:52","date_gmt":"2023-10-26T21:12:52","guid":{"rendered":"https:\/\/calla.fi\/?post_type=product&#038;p=497"},"modified":"2026-01-02T15:29:51","modified_gmt":"2026-01-02T13:29:51","slug":"makea-hard-sokerointipaketti-1300-g","status":"publish","type":"product","link":"https:\/\/calla.fi\/sv\/tuote\/makea-hard-sokerointipaketti-1300-g\/","title":{"rendered":"Makea -sokerointipaketti 1300 g"},"content":{"rendered":"<p>Sokerointi on helppo tapa poistaa karvat kotona. Sokeroinnin j\u00e4lkeen iho on sile\u00e4 3-6 viikkoa ilman piikik\u00e4st\u00e4 s\u00e4nke\u00e4. Sokerointi sopii kaikille ihotyypeille ja on luonnollinen, sek\u00e4 iholle hell\u00e4varainen tapa poistaa karvat pitk\u00e4ksi aikaa. Kotona sokerointi on edullista ja t\u00e4ll\u00e4 tuotteella sokeroit esimerkiksi kainalot yli 40 kertaa tai bikini-alueen 26 kertaa.<\/p>\n<p>Hard-sokerilla on helppo poistaa karvat seuraavilta alueilta:<\/p>\n<ul>\n<li>kasvot ja kainalot<\/li>\n<li>intiimialue<\/li>\n<\/ul>\n<p>Medium-sokerilla on helppo poistaa karvat seuraavilta alueilta:<\/p>\n<ul>\n<li>S\u00e4\u00e4ret ja reidet sek\u00e4 isot alueet<\/li>\n<\/ul>\n<p>Soft-sokerilla on helppo poistaa karvat seuraavilta alueilta:<\/p>\n<ul>\n<li>S\u00e4\u00e4ret ja reidet sek\u00e4 isot alueet<\/li>\n<li>Eritt\u00e4in kokeneelle sokeroijalle ja ammattilaisille<\/li>\n<\/ul>\n<h4>Makea-sokerointipaketti sis\u00e4lt\u00e4\u00e4 seuraavat tuotteet:<\/h4>\n<p><strong>Sokeri 1300 g<br \/>\n<\/strong><em>Ainesosat: Fruktoosi, glukoosi, vesi.<br \/>\nTuote on vegaani, hajusteeton, v\u00e4riaineeton, gm-vapaa, gluteeniton, laktoositon, maidoton ja soijaton, eik\u00e4 sit\u00e4 ole testattu el\u00e4imill\u00e4.<br \/>\n<\/em><\/p>\n<p><strong>Puhdistusaine 200 ml<br \/>\n<\/strong>Monipuolinen puhdistusaine puhdistamaan ja valmistelemaan ihon ennen ja j\u00e4lkeen sokeroinnin. Puhditusaine pehmitt\u00e4\u00e4, kosteuttaa, suojaa, vahvistaa ja puhdistaa ihon tehokkaasti sek\u00e4 tekee sokeroinnista miellytt\u00e4v\u00e4mm\u00e4n tuntuisen.<br \/>\n<em>K\u00e4ytt\u00f6: suihkuta puhdistusainetta vanulapulle tai baby wipesiin ja pyyhi sokeroitava alue ennen ja j\u00e4lkeen sokeroinnin.<\/em><\/p>\n<p><strong>Ruusuvesi 200 ml<br \/>\n<\/strong>Ruusuvesi rauhoittaa ja tasapainottaa ihoa sokeroinnin j\u00e4lkeen est\u00e4en ihon erilaiset \u00e4rsyyntymiset. Sokerointien v\u00e4liss\u00e4 s\u00e4\u00e4nn\u00f6llinen ruusuveden k\u00e4ytt\u00f6 est\u00e4\u00e4 ihon tukkeutumista ja \u00e4rsyyntymist\u00e4 sek\u00e4 kosteuttaa tehokkaasti ihoa. Ruusuveden antiseptinen, tasapainottava ja uudistava vaikutus auttaa moneen iho ongelmaan.<br \/>\n<em>K\u00e4ytt\u00f6: Sokeroinnin j\u00e4lkeen suihkuta joko suoraan iholle tai vanulappuun ja pyyhi iho. Kasvoille k\u00e4yt\u00e4 kasvoveden tapaan ihon puhdistuksen j\u00e4lkeen tai pitkin p\u00e4iv\u00e4\u00e4 hy\u00f6dynn\u00e4 ruusuveden antiseptinen ja kosteuttava vaikutus suihkuttamalla suoraan iholle. Voit suihkuttaa my\u00f6s meikin p\u00e4\u00e4lle. Alueille, joihin tulee helposti ihon \u00e4rsyyntymist\u00e4, k\u00e4yt\u00e4 aamuin ja illoin.<\/em><\/p>\n<p><strong>Talkki 100 g<br \/>\n<\/strong>Talkki kuivattaa ihon pinnan ennen sokerointia ja sokeroinnin aikana. Sokeroidessa iho helposti hieman hikoaa ja kostuu, talkki sitoo kosteuden ja sokerointi onnistuu helposti. Makea -talkki on raskaassa muodossa, joten talkki ei j\u00e4\u00e4 ilmaan leijailemaan vaan laskeutuu nopeasti. Pieni m\u00e4\u00e4r\u00e4 levittyy helposti isolle ihoalueelle.<br \/>\n<em>K\u00e4ytt\u00f6: Puhdistuksen j\u00e4lkeen levit\u00e4 ohut kerros talkkia sokeroitavalle alueelle. Lis\u00e4\u00e4 tarvittaessa, kuten hikoillessa.<\/em><\/p>\n<p><strong>Katso my\u00f6s opetusvideot sokerointiin <a href=\"https:\/\/makeahelsinki.fi\/sokerointikotona\/\">t\u00e4\u00e4lt\u00e4<\/a>!<\/strong><\/p>\n","protected":false},"excerpt":{"rendered":"<p>Makea -sokerointipaketti sis\u00e4lt\u00e4\u00e4 kaiken, mit\u00e4 tarvitset onnistuneeseen kotisokerointiin.<\/p>\n<p>Makea -sokerointipaketti sis\u00e4lt\u00e4\u00e4 seuraavat tuotteet:<\/p>\n<ul>\n<li>1x Sokeri 1300 g<\/li>\n<li>Puhdistusaine 200 ml<\/li>\n<li>Ruusuvesi 200 ml<\/li>\n<li>Talkki 100 g<\/li>\n<\/ul>\n","protected":false},"featured_media":488,"template":"","meta":{"_et_pb_use_builder":"","_et_pb_old_content":"","_et_gb_content_width":""},"product_brand":[],"product_cat":[28],"product_tag":[],"class_list":{"0":"post-497","1":"product","2":"type-product","3":"status-publish","4":"has-post-thumbnail","6":"product_cat-makea-kotisokerointi","7":"product_shipping_class-postitus","9":"first","10":"instock","11":"featured","12":"taxable","13":"shipping-taxable","14":"purchasable","15":"product-type-variable"},"yoast_head":"<!-- This site is optimized with the Yoast SEO plugin v27.4 - https:\/\/yoast.com\/product\/yoast-seo-wordpress\/ -->\n<title>Makea -sokerointipaketti 1300 g - Kauneushoitola Calla<\/title>\n<meta name=\"robots\" content=\"index, follow, max-snippet:-1, max-image-preview:large, max-video-preview:-1\" \/>\n<link rel=\"canonical\" href=\"https:\/\/calla.fi\/tuote\/makea-hard-sokerointipaketti-1300-g\/\" \/>\n<meta property=\"og:locale\" content=\"sv_SE\" \/>\n<meta property=\"og:type\" content=\"article\" \/>\n<meta property=\"og:title\" content=\"Makea -sokerointipaketti 1300 g - Kauneushoitola Calla\" \/>\n<meta property=\"og:description\" content=\"Makea -sokerointipaketti sis\u00e4lt\u00e4\u00e4 kaiken, mit\u00e4 tarvitset onnistuneeseen kotisokerointiin.  Makea -sokerointipaketti sis\u00e4lt\u00e4\u00e4 seuraavat tuotteet:   1x Sokeri 1300 g  Puhdistusaine 200 ml  Ruusuvesi 200 ml  Talkki 100 g\" \/>\n<meta property=\"og:url\" content=\"https:\/\/calla.fi\/tuote\/makea-hard-sokerointipaketti-1300-g\/\" \/>\n<meta property=\"og:site_name\" content=\"Kauneushoitola Calla\" \/>\n<meta property=\"article:modified_time\" content=\"2026-01-02T13:29:51+00:00\" \/>\n<meta property=\"og:image\" content=\"https:\/\/calla.fi\/wp-content\/uploads\/2023\/10\/Makea_sokerointipaketti-hard-1300g.jpg\" \/>\n\t<meta property=\"og:image:width\" content=\"1000\" \/>\n\t<meta property=\"og:image:height\" content=\"1000\" \/>\n\t<meta property=\"og:image:type\" content=\"image\/jpeg\" \/>\n<meta name=\"twitter:card\" content=\"summary_large_image\" \/>\n<meta name=\"twitter:label1\" content=\"Ber\u00e4knad l\u00e4stid\" \/>\n\t<meta name=\"twitter:data1\" content=\"3 minuter\" \/>\n<script type=\"application\/ld+json\" class=\"yoast-schema-graph\">{\"@context\":\"https:\\\/\\\/schema.org\",\"@graph\":[{\"@type\":\"WebPage\",\"@id\":\"https:\\\/\\\/calla.fi\\\/tuote\\\/makea-hard-sokerointipaketti-1300-g\\\/\",\"url\":\"https:\\\/\\\/calla.fi\\\/tuote\\\/makea-hard-sokerointipaketti-1300-g\\\/\",\"name\":\"Makea -sokerointipaketti 1300 g - Kauneushoitola Calla\",\"isPartOf\":{\"@id\":\"https:\\\/\\\/calla.fi\\\/#website\"},\"primaryImageOfPage\":{\"@id\":\"https:\\\/\\\/calla.fi\\\/tuote\\\/makea-hard-sokerointipaketti-1300-g\\\/#primaryimage\"},\"image\":{\"@id\":\"https:\\\/\\\/calla.fi\\\/tuote\\\/makea-hard-sokerointipaketti-1300-g\\\/#primaryimage\"},\"thumbnailUrl\":\"https:\\\/\\\/calla.fi\\\/wp-content\\\/uploads\\\/2023\\\/10\\\/Makea_sokerointipaketti-hard-1300g.jpg\",\"datePublished\":\"2023-10-26T21:12:52+00:00\",\"dateModified\":\"2026-01-02T13:29:51+00:00\",\"breadcrumb\":{\"@id\":\"https:\\\/\\\/calla.fi\\\/tuote\\\/makea-hard-sokerointipaketti-1300-g\\\/#breadcrumb\"},\"inLanguage\":\"sv-SE\",\"potentialAction\":[{\"@type\":\"ReadAction\",\"target\":[\"https:\\\/\\\/calla.fi\\\/tuote\\\/makea-hard-sokerointipaketti-1300-g\\\/\"]}]},{\"@type\":\"ImageObject\",\"inLanguage\":\"sv-SE\",\"@id\":\"https:\\\/\\\/calla.fi\\\/tuote\\\/makea-hard-sokerointipaketti-1300-g\\\/#primaryimage\",\"url\":\"https:\\\/\\\/calla.fi\\\/wp-content\\\/uploads\\\/2023\\\/10\\\/Makea_sokerointipaketti-hard-1300g.jpg\",\"contentUrl\":\"https:\\\/\\\/calla.fi\\\/wp-content\\\/uploads\\\/2023\\\/10\\\/Makea_sokerointipaketti-hard-1300g.jpg\",\"width\":1000,\"height\":1000},{\"@type\":\"BreadcrumbList\",\"@id\":\"https:\\\/\\\/calla.fi\\\/tuote\\\/makea-hard-sokerointipaketti-1300-g\\\/#breadcrumb\",\"itemListElement\":[{\"@type\":\"ListItem\",\"position\":1,\"name\":\"Etusivu\",\"item\":\"https:\\\/\\\/calla.fi\\\/\"},{\"@type\":\"ListItem\",\"position\":2,\"name\":\"Kauppa\",\"item\":\"https:\\\/\\\/calla.fi\\\/kauppa\\\/\"},{\"@type\":\"ListItem\",\"position\":3,\"name\":\"Makea -sokerointipaketti 1300 g\"}]},{\"@type\":\"WebSite\",\"@id\":\"https:\\\/\\\/calla.fi\\\/#website\",\"url\":\"https:\\\/\\\/calla.fi\\\/\",\"name\":\"Kauneushoitola Calla\",\"description\":\"Ihonhoitoa ja hemmottelua Pietarsaaressa\",\"potentialAction\":[{\"@type\":\"SearchAction\",\"target\":{\"@type\":\"EntryPoint\",\"urlTemplate\":\"https:\\\/\\\/calla.fi\\\/?s={search_term_string}\"},\"query-input\":{\"@type\":\"PropertyValueSpecification\",\"valueRequired\":true,\"valueName\":\"search_term_string\"}}],\"inLanguage\":\"sv-SE\"}]}<\/script>\n<!-- \/ Yoast SEO plugin. -->","yoast_head_json":{"title":"Makea -sokerointipaketti 1300 g - Kauneushoitola Calla","robots":{"index":"index","follow":"follow","max-snippet":"max-snippet:-1","max-image-preview":"max-image-preview:large","max-video-preview":"max-video-preview:-1"},"canonical":"https:\/\/calla.fi\/tuote\/makea-hard-sokerointipaketti-1300-g\/","og_locale":"sv_SE","og_type":"article","og_title":"Makea -sokerointipaketti 1300 g - Kauneushoitola Calla","og_description":"Makea -sokerointipaketti sis\u00e4lt\u00e4\u00e4 kaiken, mit\u00e4 tarvitset onnistuneeseen kotisokerointiin.  Makea -sokerointipaketti sis\u00e4lt\u00e4\u00e4 seuraavat tuotteet:   1x Sokeri 1300 g  Puhdistusaine 200 ml  Ruusuvesi 200 ml  Talkki 100 g","og_url":"https:\/\/calla.fi\/tuote\/makea-hard-sokerointipaketti-1300-g\/","og_site_name":"Kauneushoitola Calla","article_modified_time":"2026-01-02T13:29:51+00:00","og_image":[{"width":1000,"height":1000,"url":"https:\/\/calla.fi\/wp-content\/uploads\/2023\/10\/Makea_sokerointipaketti-hard-1300g.jpg","type":"image\/jpeg"}],"twitter_card":"summary_large_image","twitter_misc":{"Ber\u00e4knad l\u00e4stid":"3 minuter"},"schema":{"@context":"https:\/\/schema.org","@graph":[{"@type":"WebPage","@id":"https:\/\/calla.fi\/tuote\/makea-hard-sokerointipaketti-1300-g\/","url":"https:\/\/calla.fi\/tuote\/makea-hard-sokerointipaketti-1300-g\/","name":"Makea -sokerointipaketti 1300 g - Kauneushoitola Calla","isPartOf":{"@id":"https:\/\/calla.fi\/#website"},"primaryImageOfPage":{"@id":"https:\/\/calla.fi\/tuote\/makea-hard-sokerointipaketti-1300-g\/#primaryimage"},"image":{"@id":"https:\/\/calla.fi\/tuote\/makea-hard-sokerointipaketti-1300-g\/#primaryimage"},"thumbnailUrl":"https:\/\/calla.fi\/wp-content\/uploads\/2023\/10\/Makea_sokerointipaketti-hard-1300g.jpg","datePublished":"2023-10-26T21:12:52+00:00","dateModified":"2026-01-02T13:29:51+00:00","breadcrumb":{"@id":"https:\/\/calla.fi\/tuote\/makea-hard-sokerointipaketti-1300-g\/#breadcrumb"},"inLanguage":"sv-SE","potentialAction":[{"@type":"ReadAction","target":["https:\/\/calla.fi\/tuote\/makea-hard-sokerointipaketti-1300-g\/"]}]},{"@type":"ImageObject","inLanguage":"sv-SE","@id":"https:\/\/calla.fi\/tuote\/makea-hard-sokerointipaketti-1300-g\/#primaryimage","url":"https:\/\/calla.fi\/wp-content\/uploads\/2023\/10\/Makea_sokerointipaketti-hard-1300g.jpg","contentUrl":"https:\/\/calla.fi\/wp-content\/uploads\/2023\/10\/Makea_sokerointipaketti-hard-1300g.jpg","width":1000,"height":1000},{"@type":"BreadcrumbList","@id":"https:\/\/calla.fi\/tuote\/makea-hard-sokerointipaketti-1300-g\/#breadcrumb","itemListElement":[{"@type":"ListItem","position":1,"name":"Etusivu","item":"https:\/\/calla.fi\/"},{"@type":"ListItem","position":2,"name":"Kauppa","item":"https:\/\/calla.fi\/kauppa\/"},{"@type":"ListItem","position":3,"name":"Makea -sokerointipaketti 1300 g"}]},{"@type":"WebSite","@id":"https:\/\/calla.fi\/#website","url":"https:\/\/calla.fi\/","name":"Kauneushoitola Calla","description":"Ihonhoitoa ja hemmottelua Pietarsaaressa","potentialAction":[{"@type":"SearchAction","target":{"@type":"EntryPoint","urlTemplate":"https:\/\/calla.fi\/?s={search_term_string}"},"query-input":{"@type":"PropertyValueSpecification","valueRequired":true,"valueName":"search_term_string"}}],"inLanguage":"sv-SE"}]}},"_links":{"self":[{"href":"https:\/\/calla.fi\/sv\/wp-json\/wp\/v2\/product\/497","targetHints":{"allow":["GET"]}}],"collection":[{"href":"https:\/\/calla.fi\/sv\/wp-json\/wp\/v2\/product"}],"about":[{"href":"https:\/\/calla.fi\/sv\/wp-json\/wp\/v2\/types\/product"}],"wp:featuredmedia":[{"embeddable":true,"href":"https:\/\/calla.fi\/sv\/wp-json\/wp\/v2\/media\/488"}],"wp:attachment":[{"href":"https:\/\/calla.fi\/sv\/wp-json\/wp\/v2\/media?parent=497"}],"wp:term":[{"taxonomy":"product_brand","embeddable":true,"href":"https:\/\/calla.fi\/sv\/wp-json\/wp\/v2\/product_brand?post=497"},{"taxonomy":"product_cat","embeddable":true,"href":"https:\/\/calla.fi\/sv\/wp-json\/wp\/v2\/product_cat?post=497"},{"taxonomy":"product_tag","embeddable":true,"href":"https:\/\/calla.fi\/sv\/wp-json\/wp\/v2\/product_tag?post=497"}],"curies":[{"name":"wp","href":"https:\/\/api.w.org\/{rel}","templated":true}]}}