{"id":498,"date":"2023-10-27T00:13:57","date_gmt":"2023-10-26T21:13:57","guid":{"rendered":"https:\/\/calla.fi\/?post_type=product&#038;p=498"},"modified":"2026-01-02T16:19:41","modified_gmt":"2026-01-02T14:19:41","slug":"makea-soft-sokerointimassa-1300-g","status":"publish","type":"product","link":"https:\/\/calla.fi\/sv\/tuote\/makea-soft-sokerointimassa-1300-g\/","title":{"rendered":"Makea Soft -sokerointimassa 1300 g"},"content":{"rendered":"<p>Sokerointi on helppo tapa poistaa karvat kotona. Sokeroinnin j\u00e4lkeen iho on sile\u00e4 3-6 viikkoa ilman piikik\u00e4st\u00e4 s\u00e4nke\u00e4. Sokerointi sopii kaikille ihotyypeille ja on luonnollinen sek\u00e4 iholle hell\u00e4varainen tapa poistaa karvat pitk\u00e4ksi aikaa. Kotona sokerointi on edullista ja t\u00e4ll\u00e4 tuotteella sokeroit esimerkiksi s\u00e4\u00e4ret 13 kertaa. Sokerimassa voidaan l\u00e4mmitt\u00e4\u00e4 sokeril\u00e4mmittimess\u00e4, mikrossa tai vesihauteessa.<\/p>\n<p>Medium-sokerilla on helppo poistaa karvat seuraavilta alueilta:<\/p>\n<ul>\n<li>s\u00e4\u00e4ret ja reidet<\/li>\n<\/ul>\n<p><em>Ainesosat: Fruktoosi, glukoosi, vesi.<br \/>\nTuote on vegaani, hajusteeton, v\u00e4riaineeton, gm-vapaa, gluteeniton, laktoositon, maidoton ja soijaton, eik\u00e4 sit\u00e4 ole testattu el\u00e4imill\u00e4.<br \/>\n<\/em><\/p>\n<p><strong>Katso my\u00f6s opetusvideot sokerointiin <a href=\"https:\/\/makeahelsinki.fi\/sokerointikotona\/\">t\u00e4\u00e4lt\u00e4<\/a>!<\/strong><\/p>\n","protected":false},"excerpt":{"rendered":"<p>Soft -sokerointimassa on koostumukseltaan pehmein kolmesta Makean sokerointimassasta ja vaatii koostumuksen takia hieman n\u00e4ppituntumaa sokeroinnista. Sokeri pysyy pehme\u00e4n\u00e4 ja helposti levitett\u00e4v\u00e4n\u00e4 suuremmallekin alueelle ja s\u00e4ilytt\u00e4\u00e4 voimansa pitk\u00e4\u00e4n heikkenem\u00e4tt\u00e4. Pehmeys tuo kuitenkin hieman lis\u00e4haastetta sokerin k\u00e4sittelyyn ja Soft on suunnattu l\u00e4hinn\u00e4 ammattilaisille.<\/p>\n","protected":false},"featured_media":486,"template":"","meta":{"_et_pb_use_builder":"","_et_pb_old_content":"","_et_gb_content_width":""},"product_brand":[],"product_cat":[28],"product_tag":[],"class_list":{"0":"post-498","1":"product","2":"type-product","3":"status-publish","4":"has-post-thumbnail","6":"product_cat-makea-kotisokerointi","7":"product_shipping_class-postitus","9":"first","10":"instock","11":"taxable","12":"shipping-taxable","13":"purchasable","14":"product-type-simple"},"yoast_head":"<!-- This site is optimized with the Yoast SEO plugin v27.4 - https:\/\/yoast.com\/product\/yoast-seo-wordpress\/ -->\n<title>Makea Soft -sokerointimassa 1300 g - Kauneushoitola Calla<\/title>\n<meta name=\"robots\" content=\"index, follow, max-snippet:-1, max-image-preview:large, max-video-preview:-1\" \/>\n<link rel=\"canonical\" href=\"https:\/\/calla.fi\/tuote\/makea-soft-sokerointimassa-1300-g\/\" \/>\n<meta property=\"og:locale\" content=\"sv_SE\" \/>\n<meta property=\"og:type\" content=\"article\" \/>\n<meta property=\"og:title\" content=\"Makea Soft -sokerointimassa 1300 g - Kauneushoitola Calla\" \/>\n<meta property=\"og:description\" content=\"Soft -sokerointimassa on koostumukseltaan pehmein kolmesta Makean sokerointimassasta ja vaatii koostumuksen takia hieman n\u00e4ppituntumaa sokeroinnista. Sokeri pysyy pehme\u00e4n\u00e4 ja helposti levitett\u00e4v\u00e4n\u00e4 suuremmallekin alueelle ja s\u00e4ilytt\u00e4\u00e4 voimansa pitk\u00e4\u00e4n heikkenem\u00e4tt\u00e4. Pehmeys tuo kuitenkin hieman lis\u00e4haastetta sokerin k\u00e4sittelyyn ja Soft on suunnattu l\u00e4hinn\u00e4 ammattilaisille.\" \/>\n<meta property=\"og:url\" content=\"https:\/\/calla.fi\/tuote\/makea-soft-sokerointimassa-1300-g\/\" \/>\n<meta property=\"og:site_name\" content=\"Kauneushoitola Calla\" \/>\n<meta property=\"article:modified_time\" content=\"2026-01-02T14:19:41+00:00\" \/>\n<meta property=\"og:image\" content=\"https:\/\/calla.fi\/wp-content\/uploads\/2023\/10\/Makea_sokerointimassa-soft-1300g.jpg\" \/>\n\t<meta property=\"og:image:width\" content=\"1000\" \/>\n\t<meta property=\"og:image:height\" content=\"1000\" \/>\n\t<meta property=\"og:image:type\" content=\"image\/jpeg\" \/>\n<meta name=\"twitter:card\" content=\"summary_large_image\" \/>\n<meta name=\"twitter:label1\" content=\"Ber\u00e4knad l\u00e4stid\" \/>\n\t<meta name=\"twitter:data1\" content=\"1 minut\" \/>\n<script type=\"application\/ld+json\" class=\"yoast-schema-graph\">{\"@context\":\"https:\\\/\\\/schema.org\",\"@graph\":[{\"@type\":\"WebPage\",\"@id\":\"https:\\\/\\\/calla.fi\\\/tuote\\\/makea-soft-sokerointimassa-1300-g\\\/\",\"url\":\"https:\\\/\\\/calla.fi\\\/tuote\\\/makea-soft-sokerointimassa-1300-g\\\/\",\"name\":\"Makea Soft -sokerointimassa 1300 g - Kauneushoitola Calla\",\"isPartOf\":{\"@id\":\"https:\\\/\\\/calla.fi\\\/#website\"},\"primaryImageOfPage\":{\"@id\":\"https:\\\/\\\/calla.fi\\\/tuote\\\/makea-soft-sokerointimassa-1300-g\\\/#primaryimage\"},\"image\":{\"@id\":\"https:\\\/\\\/calla.fi\\\/tuote\\\/makea-soft-sokerointimassa-1300-g\\\/#primaryimage\"},\"thumbnailUrl\":\"https:\\\/\\\/calla.fi\\\/wp-content\\\/uploads\\\/2023\\\/10\\\/Makea_sokerointimassa-soft-1300g.jpg\",\"datePublished\":\"2023-10-26T21:13:57+00:00\",\"dateModified\":\"2026-01-02T14:19:41+00:00\",\"breadcrumb\":{\"@id\":\"https:\\\/\\\/calla.fi\\\/tuote\\\/makea-soft-sokerointimassa-1300-g\\\/#breadcrumb\"},\"inLanguage\":\"sv-SE\",\"potentialAction\":[{\"@type\":\"ReadAction\",\"target\":[\"https:\\\/\\\/calla.fi\\\/tuote\\\/makea-soft-sokerointimassa-1300-g\\\/\"]}]},{\"@type\":\"ImageObject\",\"inLanguage\":\"sv-SE\",\"@id\":\"https:\\\/\\\/calla.fi\\\/tuote\\\/makea-soft-sokerointimassa-1300-g\\\/#primaryimage\",\"url\":\"https:\\\/\\\/calla.fi\\\/wp-content\\\/uploads\\\/2023\\\/10\\\/Makea_sokerointimassa-soft-1300g.jpg\",\"contentUrl\":\"https:\\\/\\\/calla.fi\\\/wp-content\\\/uploads\\\/2023\\\/10\\\/Makea_sokerointimassa-soft-1300g.jpg\",\"width\":1000,\"height\":1000},{\"@type\":\"BreadcrumbList\",\"@id\":\"https:\\\/\\\/calla.fi\\\/tuote\\\/makea-soft-sokerointimassa-1300-g\\\/#breadcrumb\",\"itemListElement\":[{\"@type\":\"ListItem\",\"position\":1,\"name\":\"Etusivu\",\"item\":\"https:\\\/\\\/calla.fi\\\/\"},{\"@type\":\"ListItem\",\"position\":2,\"name\":\"Kauppa\",\"item\":\"https:\\\/\\\/calla.fi\\\/kauppa\\\/\"},{\"@type\":\"ListItem\",\"position\":3,\"name\":\"Makea Soft -sokerointimassa 1300 g\"}]},{\"@type\":\"WebSite\",\"@id\":\"https:\\\/\\\/calla.fi\\\/#website\",\"url\":\"https:\\\/\\\/calla.fi\\\/\",\"name\":\"Kauneushoitola Calla\",\"description\":\"Ihonhoitoa ja hemmottelua Pietarsaaressa\",\"potentialAction\":[{\"@type\":\"SearchAction\",\"target\":{\"@type\":\"EntryPoint\",\"urlTemplate\":\"https:\\\/\\\/calla.fi\\\/?s={search_term_string}\"},\"query-input\":{\"@type\":\"PropertyValueSpecification\",\"valueRequired\":true,\"valueName\":\"search_term_string\"}}],\"inLanguage\":\"sv-SE\"}]}<\/script>\n<!-- \/ Yoast SEO plugin. -->","yoast_head_json":{"title":"Makea Soft -sokerointimassa 1300 g - Kauneushoitola Calla","robots":{"index":"index","follow":"follow","max-snippet":"max-snippet:-1","max-image-preview":"max-image-preview:large","max-video-preview":"max-video-preview:-1"},"canonical":"https:\/\/calla.fi\/tuote\/makea-soft-sokerointimassa-1300-g\/","og_locale":"sv_SE","og_type":"article","og_title":"Makea Soft -sokerointimassa 1300 g - Kauneushoitola Calla","og_description":"Soft -sokerointimassa on koostumukseltaan pehmein kolmesta Makean sokerointimassasta ja vaatii koostumuksen takia hieman n\u00e4ppituntumaa sokeroinnista. Sokeri pysyy pehme\u00e4n\u00e4 ja helposti levitett\u00e4v\u00e4n\u00e4 suuremmallekin alueelle ja s\u00e4ilytt\u00e4\u00e4 voimansa pitk\u00e4\u00e4n heikkenem\u00e4tt\u00e4. Pehmeys tuo kuitenkin hieman lis\u00e4haastetta sokerin k\u00e4sittelyyn ja Soft on suunnattu l\u00e4hinn\u00e4 ammattilaisille.","og_url":"https:\/\/calla.fi\/tuote\/makea-soft-sokerointimassa-1300-g\/","og_site_name":"Kauneushoitola Calla","article_modified_time":"2026-01-02T14:19:41+00:00","og_image":[{"width":1000,"height":1000,"url":"https:\/\/calla.fi\/wp-content\/uploads\/2023\/10\/Makea_sokerointimassa-soft-1300g.jpg","type":"image\/jpeg"}],"twitter_card":"summary_large_image","twitter_misc":{"Ber\u00e4knad l\u00e4stid":"1 minut"},"schema":{"@context":"https:\/\/schema.org","@graph":[{"@type":"WebPage","@id":"https:\/\/calla.fi\/tuote\/makea-soft-sokerointimassa-1300-g\/","url":"https:\/\/calla.fi\/tuote\/makea-soft-sokerointimassa-1300-g\/","name":"Makea Soft -sokerointimassa 1300 g - Kauneushoitola Calla","isPartOf":{"@id":"https:\/\/calla.fi\/#website"},"primaryImageOfPage":{"@id":"https:\/\/calla.fi\/tuote\/makea-soft-sokerointimassa-1300-g\/#primaryimage"},"image":{"@id":"https:\/\/calla.fi\/tuote\/makea-soft-sokerointimassa-1300-g\/#primaryimage"},"thumbnailUrl":"https:\/\/calla.fi\/wp-content\/uploads\/2023\/10\/Makea_sokerointimassa-soft-1300g.jpg","datePublished":"2023-10-26T21:13:57+00:00","dateModified":"2026-01-02T14:19:41+00:00","breadcrumb":{"@id":"https:\/\/calla.fi\/tuote\/makea-soft-sokerointimassa-1300-g\/#breadcrumb"},"inLanguage":"sv-SE","potentialAction":[{"@type":"ReadAction","target":["https:\/\/calla.fi\/tuote\/makea-soft-sokerointimassa-1300-g\/"]}]},{"@type":"ImageObject","inLanguage":"sv-SE","@id":"https:\/\/calla.fi\/tuote\/makea-soft-sokerointimassa-1300-g\/#primaryimage","url":"https:\/\/calla.fi\/wp-content\/uploads\/2023\/10\/Makea_sokerointimassa-soft-1300g.jpg","contentUrl":"https:\/\/calla.fi\/wp-content\/uploads\/2023\/10\/Makea_sokerointimassa-soft-1300g.jpg","width":1000,"height":1000},{"@type":"BreadcrumbList","@id":"https:\/\/calla.fi\/tuote\/makea-soft-sokerointimassa-1300-g\/#breadcrumb","itemListElement":[{"@type":"ListItem","position":1,"name":"Etusivu","item":"https:\/\/calla.fi\/"},{"@type":"ListItem","position":2,"name":"Kauppa","item":"https:\/\/calla.fi\/kauppa\/"},{"@type":"ListItem","position":3,"name":"Makea Soft -sokerointimassa 1300 g"}]},{"@type":"WebSite","@id":"https:\/\/calla.fi\/#website","url":"https:\/\/calla.fi\/","name":"Kauneushoitola Calla","description":"Ihonhoitoa ja hemmottelua Pietarsaaressa","potentialAction":[{"@type":"SearchAction","target":{"@type":"EntryPoint","urlTemplate":"https:\/\/calla.fi\/?s={search_term_string}"},"query-input":{"@type":"PropertyValueSpecification","valueRequired":true,"valueName":"search_term_string"}}],"inLanguage":"sv-SE"}]}},"_links":{"self":[{"href":"https:\/\/calla.fi\/sv\/wp-json\/wp\/v2\/product\/498","targetHints":{"allow":["GET"]}}],"collection":[{"href":"https:\/\/calla.fi\/sv\/wp-json\/wp\/v2\/product"}],"about":[{"href":"https:\/\/calla.fi\/sv\/wp-json\/wp\/v2\/types\/product"}],"wp:featuredmedia":[{"embeddable":true,"href":"https:\/\/calla.fi\/sv\/wp-json\/wp\/v2\/media\/486"}],"wp:attachment":[{"href":"https:\/\/calla.fi\/sv\/wp-json\/wp\/v2\/media?parent=498"}],"wp:term":[{"taxonomy":"product_brand","embeddable":true,"href":"https:\/\/calla.fi\/sv\/wp-json\/wp\/v2\/product_brand?post=498"},{"taxonomy":"product_cat","embeddable":true,"href":"https:\/\/calla.fi\/sv\/wp-json\/wp\/v2\/product_cat?post=498"},{"taxonomy":"product_tag","embeddable":true,"href":"https:\/\/calla.fi\/sv\/wp-json\/wp\/v2\/product_tag?post=498"}],"curies":[{"name":"wp","href":"https:\/\/api.w.org\/{rel}","templated":true}]}}